{"id":3829,"date":"2024-09-04T03:58:09","date_gmt":"2024-09-04T03:58:09","guid":{"rendered":"https:\/\/www.largepillow.com\/product\/foldable-gymnastics-mat-versatile-portable-exercise-accessory"},"modified":"2024-10-03T16:31:25","modified_gmt":"2024-10-03T16:31:25","slug":"kokkupandav-voimlemismatt-mitmekulgne-kaasaskantav-treeningtarvik","status":"publish","type":"product","link":"https:\/\/www.largepillow.com\/et\/product\/foldable-gymnastics-mat-versatile-portable-exercise-accessory","title":{"rendered":"Kokkupandav v\u00f5imlemismatt: mitmek\u00fclgne ja kaasaskantav treeningtarvik"},"content":{"rendered":"","protected":false},"excerpt":{"rendered":"<ul>\n<li>Mitmek\u00fclgne treeningalus, mida saab kasutada mitmesuguste tegevuste, sh v\u00f5imlemise ja treeningute jaoks.<\/li>\n<li>Kokkupandav disain v\u00f5imaldab h\u00f5lpsat hoiustamist ja kaasaskandmist. V\u00f5imlemismati perimeeter on varustatud kvaliteetse takjapaelaga, mis ei kahjusta nahka ja millel on tugev nakkuvus, muutes erineva suurusega spordimattide kombineerimise lihtsaks.<\/li>\n<li>Erksad v\u00e4rvid muudavad selle visuaalselt atraktiivseks ja sobivaks laste m\u00e4ngumatina kasutamiseks.<\/li>\n<li>Valmistatud k\u00e4snast ja tehnoloogilisest kangast, on see veekindel ja mustusekindel, mist\u00f5ttu sobib see ideaalselt higistamisega seotud tegevusteks.<\/li>\n<li>Tehnoloogiline kangas on pehme ja mugava tekstuuriga, ideaalne koduseks kasutamiseks.<\/li>\n<li>Tehnoloogilise kanga libisemisvastased omadused pakuvad m\u00e4ngu ajal stabiilsust, tagades lastele ohutuse.<\/li>\n<li>Padja pehme materjal v\u00e4hendab kukkumisest v\u00f5i kokkup\u00f5rkest tingitud vigastuste ohtu.<\/li>\n<\/ul>","protected":false},"featured_media":3817,"comment_status":"open","ping_status":"closed","template":"","meta":[],"product_brand":[],"product_cat":[228],"product_tag":[],"class_list":{"0":"post-3829","1":"product","2":"type-product","3":"status-publish","4":"has-post-thumbnail","6":"product_cat-cushions","8":"first","9":"outofstock","10":"shipping-taxable","11":"purchasable","12":"product-type-simple"},"_links":{"self":[{"href":"https:\/\/www.largepillow.com\/et\/wp-json\/wp\/v2\/product\/3829","targetHints":{"allow":["GET"]}}],"collection":[{"href":"https:\/\/www.largepillow.com\/et\/wp-json\/wp\/v2\/product"}],"about":[{"href":"https:\/\/www.largepillow.com\/et\/wp-json\/wp\/v2\/types\/product"}],"replies":[{"embeddable":true,"href":"https:\/\/www.largepillow.com\/et\/wp-json\/wp\/v2\/comments?post=3829"}],"wp:featuredmedia":[{"embeddable":true,"href":"https:\/\/www.largepillow.com\/et\/wp-json\/wp\/v2\/media\/3817"}],"wp:attachment":[{"href":"https:\/\/www.largepillow.com\/et\/wp-json\/wp\/v2\/media?parent=3829"}],"wp:term":[{"taxonomy":"product_brand","embeddable":true,"href":"https:\/\/www.largepillow.com\/et\/wp-json\/wp\/v2\/product_brand?post=3829"},{"taxonomy":"product_cat","embeddable":true,"href":"https:\/\/www.largepillow.com\/et\/wp-json\/wp\/v2\/product_cat?post=3829"},{"taxonomy":"product_tag","embeddable":true,"href":"https:\/\/www.largepillow.com\/et\/wp-json\/wp\/v2\/product_tag?post=3829"}],"curies":[{"name":"wp","href":"https:\/\/api.w.org\/{rel}","templated":true}]}}