{"id":3932,"date":"2024-09-05T03:31:25","date_gmt":"2024-09-05T03:31:25","guid":{"rendered":"https:\/\/www.largepillow.com\/product\/denim-reading-pillow-with-arms-for-adult-back-lumbar-support"},"modified":"2024-10-03T16:31:24","modified_gmt":"2024-10-03T16:31:24","slug":"teksariidest-lugemispadi-kaetugedega-taiskasvanute-selja-nimmetoe-jaoks","status":"publish","type":"product","link":"https:\/\/www.largepillow.com\/et\/product\/denim-reading-pillow-with-arms-for-adult-back-lumbar-support","title":{"rendered":"Teksariidest lugemispadi k\u00e4etugedega t\u00e4iskasvanutele \u2013 selja nimmetugi"},"content":{"rendered":"[zc_getpagecontent mb=&#8221;mb_aplus&#8221; apid=&#8221;92&#8243;]\n","protected":false},"excerpt":{"rendered":"<ul>\n<li>Teksariie teksariie: valmistatud pol\u00fcester-puuvillast eelpestud l\u00f5ngast ja v\u00e4rvitud teksariidest, mugav ja vastupidav, kontrastse topeltn\u00f5el\u00f5mblusega, lisades elegantse ja vintage-modernse ilme. Sobib diivanile, voodile, koju, kontorisse, \u00fchiselamu voodisse. Pestud teksariie koos pruuni veekindla kunstnaha ja seemisnahast n\u00f6\u00f6pidega lisab moodsat atmosf\u00e4\u00e4ri, muutes selle sobivamaks erinevatesse sisekujundusstiilidesse.<\/li>\n<li>Suurus: Padja k\u00f5rgus on 56 cm ja laius 89 cm, pakkudes kindlat ja piisavat seljatuge. M\u00f5lema k\u00e4e paksus on 19 cm, et toetada \u00f5lgu ja kaela, leevendada lihaspingeid ja l\u00f5dvestada keha. Kaal: 2,9 kg. Pesemine: Lihtsaks hooldamiseks peske masinas k\u00fclma veega eraldi.<\/li>\n<li>Lukud: Padjap\u00fc\u00fcri alumine osa on v\u00e4rvitooni sobitava n\u00e4htamatu lukuga, mis annab elegantse ilme, on lihtne paigaldada ja pesta. Padjap\u00fc\u00fcridele ja voodrile on topeltkaitse \u2013 t\u00e4idise reguleerimiseks ja isikup\u00e4rase mugavustaseme saavutamiseks avage lihtsalt sisemise voodri lukk ja jaotage see vastavalt vajadusele, et pakkuda sihip\u00e4rast tuge. Kui vajate lisat\u00e4idist, pakume hea meelega lisat\u00e4idist.<\/li>\n<li>Tugeva k\u00e4etoega lugemispadi pakub k\u00fc\u00fcnarnuki asendis teatud k\u00f5rguse tuge. Pehme ja paks seljatugi on kauakestva elastsusega, kahe dekoratiivse n\u00f6\u00f6bi, tugevdatud \u00f5mbluste ja \u00e4\u00e4ristega, mis annavad tervikliku ja t\u00e4iusliku ilme ergonoomilisema selja l\u00f5dvestumise tagamiseks. Meie lugemispadi pole mitte ainult mugav ja armas, vaid sellel on ka erksa ja v\u00e4rvilise disainiga disain, mis lisab igale ruumile v\u00e4rvilaigu.<\/li>\n<li>Paki lahti ja naudi: Seljatoepadi on transportimise ajal kokku surutud. Lihtsalt v\u00f5ta see lahti ja lase sellel 24\u201348 tundi paisuda.<\/li>\n<\/ul>","protected":false},"featured_media":3923,"comment_status":"open","ping_status":"closed","template":"","meta":[],"product_brand":[],"product_cat":[228],"product_tag":[],"class_list":{"0":"post-3932","1":"product","2":"type-product","3":"status-publish","4":"has-post-thumbnail","6":"product_cat-cushions","8":"first","9":"outofstock","10":"shipping-taxable","11":"purchasable","12":"product-type-simple"},"_links":{"self":[{"href":"https:\/\/www.largepillow.com\/et\/wp-json\/wp\/v2\/product\/3932","targetHints":{"allow":["GET"]}}],"collection":[{"href":"https:\/\/www.largepillow.com\/et\/wp-json\/wp\/v2\/product"}],"about":[{"href":"https:\/\/www.largepillow.com\/et\/wp-json\/wp\/v2\/types\/product"}],"replies":[{"embeddable":true,"href":"https:\/\/www.largepillow.com\/et\/wp-json\/wp\/v2\/comments?post=3932"}],"wp:featuredmedia":[{"embeddable":true,"href":"https:\/\/www.largepillow.com\/et\/wp-json\/wp\/v2\/media\/3923"}],"wp:attachment":[{"href":"https:\/\/www.largepillow.com\/et\/wp-json\/wp\/v2\/media?parent=3932"}],"wp:term":[{"taxonomy":"product_brand","embeddable":true,"href":"https:\/\/www.largepillow.com\/et\/wp-json\/wp\/v2\/product_brand?post=3932"},{"taxonomy":"product_cat","embeddable":true,"href":"https:\/\/www.largepillow.com\/et\/wp-json\/wp\/v2\/product_cat?post=3932"},{"taxonomy":"product_tag","embeddable":true,"href":"https:\/\/www.largepillow.com\/et\/wp-json\/wp\/v2\/product_tag?post=3932"}],"curies":[{"name":"wp","href":"https:\/\/api.w.org\/{rel}","templated":true}]}}