{"id":404,"date":"2022-09-15T22:40:45","date_gmt":"2022-09-15T22:40:45","guid":{"rendered":"https:\/\/www.largepillow.com\/product\/bolster-for-bed"},"modified":"2026-04-22T11:55:08","modified_gmt":"2026-04-22T11:55:08","slug":"kiilupadi","status":"publish","type":"product","link":"https:\/\/www.largepillow.com\/et\/product\/wedge-cushion\/","title":{"rendered":"Kiilpadi"},"content":{"rendered":"<p>Avastage \u00fclim mugavus ja tugi kiilukujulise padjaga<\/p>\n<p>Kogege v\u00f5rratut mugavust ja tuge Wedge Cushioniga \u2013 mitmek\u00fclgse ja mitmeotstarbelise padjaga, mis on loodud teie l\u00f5\u00f5gastumise ja heaolu parandamiseks.<\/p>\n<p>\u00dclim selja- ja v\u00f6\u00f6koha tugi<\/p>\n<p>Kiilpadja ainulaadne kolmnurkne disain kohandub ideaalselt teie selja ja v\u00f6\u00f6kohaga, pakkudes erakordset nimmetuge. Olenemata sellest, kas istute voodis v\u00f5i diivanil, k\u00f5rvaldab see padi surve teie alaseljale, soodustades l\u00f5\u00f5gastumist ja v\u00e4hendades ebamugavustunnet.<\/p>\n<p>3-\u00fches mitmek\u00fclgsus<\/p>\n<p>Kiilpadi ei ole lihtsalt peatsipadi. Selle 3-\u00fches disain v\u00f5imaldab teil seda kasutada suure kiilpadjana selili v\u00f5i k\u00fcljel magamiseks v\u00f5i jalapadjana jalgade t\u00f5stmiseks. See on ideaalne lahendus raamatukoidele, \u00f6\u00f6kullidele ja k\u00f5igile, kes armastavad voodis l\u00f5\u00f5gastuda.<\/p>\n<p>Multifunktsionaalne disain igale ruumile<\/p>\n<p>Lisaks peatsipadjana kasutamisele saab Wedge Cushioni kasutada ka peatoepadjana, diivanipadjana v\u00f5i isegi p\u00e4evavoodi seljatoena. Selle stiilne ja funktsionaalne disain muudab selle teretulnud t\u00e4ienduseks igale magamistuppa, elutuppa v\u00f5i lugemisnurka.<\/p>\n<p>Kvaliteetsed materjalid p\u00fcsiva mugavuse tagamiseks<\/p>\n<p>Kiilpadi on valmistatud parimatest materjalidest, et tagada \u00fclim mugavus ja vastupidavus. Padjap\u00fc\u00fcr on valmistatud luksuslikust 100% pol\u00fcestersametist, mis on pehme ja elegantse v\u00e4limusega. Polster on t\u00e4idetud tihedate ja kvaliteetsete pol\u00fcesterkiududega, mis ei longus ja s\u00e4ilitavad oma kuju isegi kuude pikkuse kasutamise j\u00e4rel.<\/p>\n<p>Vaevatu puhastamine<\/p>\n<p>Kiilpadja hooldamine on imelihtne. Padjap\u00fc\u00fcr on eemaldatav ja sellel on lukuga sulgur, mis teeb puhastamise lihtsaks. Lihtsalt avage kate ja visake see pesumasinasse kiireks v\u00e4rskendamiseks.<\/p>\n<p>Klientide iseloomustused<\/p>\n<p>\u201eSee padi muudab m\u00e4ngu! Ma kasutan seda peatsipadjana ja see pakub mu seljale h\u00e4mmastavat tuge. Olen m\u00e4rganud seljavalu m\u00e4rkimisv\u00e4\u00e4rset v\u00e4henemist.\u201c<\/p>\n<p>\u201eMulle meeldib, kui mitmek\u00fclgne on kiilukujuline padi. Kasutan seda \u00f6\u00f6sel jalapadjana ja see aitab parandada vereringet.\u201c<\/p>\n<p>\u201eSametist kate on nii luksuslik ja pehme. See lisab mu magamistuppa elegantsi ja ma ei j\u00f5ua \u00e4ra oodata, millal saan seda igal \u00f5htul kasutada.\u201c<\/p>\n<p>Saadaval erinevates suurustes<\/p>\n<p>Kiilpadi on saadaval laias valikus suurustes, et see sobiks teie vajaduste ja eelistustega. Alates 45 cm kuni 200 cm leiate kindlasti oma voodi v\u00f5i diivani jaoks ideaalse suuruse.<\/p>\n<p>Tellige oma kiilukujuline padi juba t\u00e4na<\/p>\n<p>Kogege \u00fclimat mugavust ja tuge kiilukujulise padjaga. Tellige endale juba t\u00e4na ja nautige \u00f5ndsat l\u00f5\u00f5gastust ning paremat heaolu.<\/p>","protected":false},"excerpt":{"rendered":"<ul>\n<li><strong>\u00dclim mugavus:<\/strong> See peatsipadi pakub t\u00e4nu oma kolmnurksele disainile suurep\u00e4rast mugavust. Voodi tugipadi sobib h\u00e4sti seljale ja v\u00f6\u00f6kohale, minimeerides nimmepiirkonna\/selja survet. See kiilukujuliselt lugemispadi aitab teil voodis v\u00f5i diivanil pingevabalt p\u00fcsida, mis sobib ideaalselt \u00f6\u00f6kullidega t\u00f6\u00f6tamiseks, raamatukoideks olemiseks ja voodis teleka vaatamiseks. See eriti suur pehmenduspadi on ainus kiilukujuliselt kujundatud peatsipadi, mis mahutab kahte inimest.<\/li>\n<li><strong>3 \u00fches suur pehmenduspadi:<\/strong> Patja saab p\u00fcstiselt kasutada seljatoe ja peatsi toetava padjana voodis istudes v\u00f5i asetada voodile, et kasutada seda suure kiilpadjana selili v\u00f5i k\u00fcljel magades v\u00f5i jalapadjana jalgade t\u00f5stmiseks. Kui soovite suurt peatsipatja, mis pakub tuge nii teile kui ka teie abikaasale, on see suurep\u00e4rane alternatiiv.<\/li>\n<li><strong>Multifunktsionaalne disain:<\/strong> M\u00f5ned inimesed kasutavad kolmnurkset suurt patja peatsipadjana, teised aga p\u00f5rkerauapadjana, seda saab kasutada ka diivani v\u00f5i p\u00e4evavoodi seljatoepadjana. See on nii stiilne kui ka funktsionaalne, muutes selle suurep\u00e4raseks t\u00e4ienduseks igale magamistuppa.<\/li>\n<li><strong>Suurep\u00e4rane k\u00e4sit\u00f6\u00f6:<\/strong> Meie padjap\u00fc\u00fcr on valmistatud 100% pol\u00fcestersametist, mis on pehme, elegantne ja mugav puudutada. Polster on valmistatud suure tihedusega ja kvaliteetsetest pol\u00fcesterkiududest, mis hoiavad \u00e4ra longusoleku isegi kuude pikkuse kasutamise j\u00e4rel. Lisaks on sellel k\u00fcljetaskud raamatu v\u00f5i telefoni hoidmiseks.<\/li>\n<li><strong>Lihtne puhastada:<\/strong> Lugemispadja kate on padja k\u00fclge kinnitatud n\u00f6\u00f6pidega ja seda on lihtne lukuga eemaldada. See muudab selle puhastamise probleemivabaks. Eemaldage lihtsalt kate ja peske see kiiresti masinas, et teie padi n\u00e4eks v\u00e4lja nagu uus.<\/li>\n<li><strong>Suurus:<\/strong> 45cm (P45 x L20 x K50 | 0 n\u00f6\u00f6pi), 60cm (P60 x L20 x K50 | 0 n\u00f6\u00f6pi), 80cm (P80 x L20 x K50 | 2 n\u00f6\u00f6pi), 100cm (P100 x L20 x K50 | 3 n\u00f6\u00f6pi), 120cm (P120 x L20 x K50 | 4 n\u00f6\u00f6pi), 140cm (P140 x L20 x K50 | 4 n\u00f6\u00f6pi), 160cm (P160 x L20 x K50 | 5 n\u00f6\u00f6pi), 180cm (P180 x L20 x K50 | 6 n\u00f6\u00f6pi), 200cm (P200 x L20 x K50 | 7 n\u00f6\u00f6pi).<\/li>\n<\/ul>","protected":false},"featured_media":384,"comment_status":"open","ping_status":"closed","template":"","meta":[],"product_brand":[],"product_cat":[15],"product_tag":[66,60,214,206,213,163,112,143,120,212,211,65],"class_list":{"0":"post-404","1":"product","2":"type-product","3":"status-publish","4":"has-post-thumbnail","6":"product_cat-large-wedge-pillow","7":"product_tag-back-support-pillow","8":"product_tag-backrest-pillow","9":"product_tag-black-pillow","10":"product_tag-bumper-pillow","11":"product_tag-couch-bolster","12":"product_tag-leg-pillow","13":"product_tag-lumbar-support-pillow","14":"product_tag-multifunctional-pillow","15":"product_tag-velvet-pillow","16":"product_tag-waist-support-pillow","17":"product_tag-wedge-cushion","18":"product_tag-wedge-pillow","20":"first","21":"instock","22":"featured","23":"shipping-taxable","24":"purchasable","25":"product-type-variable"},"_links":{"self":[{"href":"https:\/\/www.largepillow.com\/et\/wp-json\/wp\/v2\/product\/404","targetHints":{"allow":["GET"]}}],"collection":[{"href":"https:\/\/www.largepillow.com\/et\/wp-json\/wp\/v2\/product"}],"about":[{"href":"https:\/\/www.largepillow.com\/et\/wp-json\/wp\/v2\/types\/product"}],"replies":[{"embeddable":true,"href":"https:\/\/www.largepillow.com\/et\/wp-json\/wp\/v2\/comments?post=404"}],"wp:featuredmedia":[{"embeddable":true,"href":"https:\/\/www.largepillow.com\/et\/wp-json\/wp\/v2\/media\/384"}],"wp:attachment":[{"href":"https:\/\/www.largepillow.com\/et\/wp-json\/wp\/v2\/media?parent=404"}],"wp:term":[{"taxonomy":"product_brand","embeddable":true,"href":"https:\/\/www.largepillow.com\/et\/wp-json\/wp\/v2\/product_brand?post=404"},{"taxonomy":"product_cat","embeddable":true,"href":"https:\/\/www.largepillow.com\/et\/wp-json\/wp\/v2\/product_cat?post=404"},{"taxonomy":"product_tag","embeddable":true,"href":"https:\/\/www.largepillow.com\/et\/wp-json\/wp\/v2\/product_tag?post=404"}],"curies":[{"name":"t\u00f6\u00f6leht","href":"https:\/\/api.w.org\/{rel}","templated":true}]}}