{"id":4064,"date":"2024-09-06T01:40:07","date_gmt":"2024-09-06T01:40:07","guid":{"rendered":"https:\/\/www.largepillow.com\/product\/large-wedge-reading-pillow-for-bed-daybed-bolster-backrest-pink"},"modified":"2025-11-30T11:11:37","modified_gmt":"2025-11-30T11:11:37","slug":"large-wedge-reading-pillow-for-bed-daybed-bolster-backrest-pink","status":"publish","type":"product","link":"https:\/\/www.largepillow.com\/et\/product\/large-wedge-reading-pillow-for-bed-daybed-bolster-backrest-pink","title":{"rendered":"Suur kiilukujuline lugemispadi voodile, p\u00e4evavoodile, seljatoe polster, roosa"},"content":{"rendered":"","protected":false},"excerpt":{"rendered":"<ul>\n<li>\u00dclim mugavus: See XL-suuruses peatsipadi pakub t\u00e4nu oma kolmnurksele disainile suurep\u00e4rast mugavust. Voodi tugipadi sobib h\u00e4sti seljale ja v\u00f6\u00f6kohale, minimeerides nimmepiirkonna\/selja survet. See kiilukujulise peatsiga lugemispadi aitab teil voodis v\u00f5i diivanil pingevabalt p\u00fcsida, mis sobib ideaalselt \u00f6\u00f6kullidega t\u00f6\u00f6tamiseks, raamatukoideks ja voodis teleka vaatamiseks. See eriti suur pehmenduspadi on ainus kiilukujulise peatsiga padi, mis mahutab kahte inimest.<\/li>\n<li>3-\u00fches suur peatoepadi: Patja saab p\u00fcstiselt kasutada seljatoepadjana voodis istudes v\u00f5i asetada voodile suure kiilpadjana selili v\u00f5i k\u00fcljel magades v\u00f5i jalapadjana jalgade t\u00f5stmiseks. See on suurep\u00e4rane alternatiiv, kui soovite suurt peatoepatja, mis pakub tuge nii teile kui ka teie abikaasale.<\/li>\n<li>Multifunktsionaalne disain: M\u00f5ned inimesed kasutavad suurt kolmnurkset patja peatsipadjana, teised aga p\u00f5rkerauapadjana, seda saab kasutada ka diivani v\u00f5i p\u00e4evavoodi seljatoepadjana. See on nii stiilne kui ka funktsionaalne, muutes selle suurep\u00e4raseks t\u00e4ienduseks igale magamistuppa.<\/li>\n<li>Suurep\u00e4rane meisterlikkus: Padjap\u00fc\u00fcr on velvetist v\u00e4limusega ja valmistatud 100% pol\u00fcestrist. Meie peatsipadi on hingav ja piisavalt mugav, et hoida oma kuju ega kaotaks seda aja jooksul. M\u00f5lemal k\u00fcljel on k\u00fcljetasku, kuhu saate raamatu v\u00f5i telefoni panna.<\/li>\n<li>Lihtne pesta: Lugemispadja kate on padja k\u00fclge kinnitatud n\u00f6\u00f6pidega ja seda on lihtne lukuga eemaldada. See muudab puhastamise probleemivabaks. Eemaldage lihtsalt kate ja peske see kiiresti masinas, et teie padi n\u00e4eks v\u00e4lja nagu uus.<\/li>\n<li><strong>Suurus:<\/strong> 60cm (60*20*50cm, 2 n\u00f6\u00f6pi), 80cm (80*20*50cm, 2 n\u00f6\u00f6pi), 100cm (100*20*50cm, 3 n\u00f6\u00f6pi), 120cm (120*20*50cm, 4 n\u00f6\u00f6pi), 140cm (140*20*50cm, 4 n\u00f6\u00f6pi), 160cm (160*20*50cm, 5 n\u00f6\u00f6pi), 180cm (180*20*50cm, 6 n\u00f6\u00f6pi), 200cm (200*20*50cm, 7 n\u00f6\u00f6pi)<\/li>\n<\/ul>","protected":false},"featured_media":4048,"comment_status":"open","ping_status":"closed","template":"","meta":[],"product_brand":[],"product_cat":[15],"product_tag":[],"class_list":{"0":"post-4064","1":"product","2":"type-product","3":"status-publish","4":"has-post-thumbnail","6":"product_cat-large-wedge-pillow","8":"first","9":"instock","10":"shipping-taxable","11":"purchasable","12":"product-type-variable","13":"has-default-attributes"},"_links":{"self":[{"href":"https:\/\/www.largepillow.com\/et\/wp-json\/wp\/v2\/product\/4064","targetHints":{"allow":["GET"]}}],"collection":[{"href":"https:\/\/www.largepillow.com\/et\/wp-json\/wp\/v2\/product"}],"about":[{"href":"https:\/\/www.largepillow.com\/et\/wp-json\/wp\/v2\/types\/product"}],"replies":[{"embeddable":true,"href":"https:\/\/www.largepillow.com\/et\/wp-json\/wp\/v2\/comments?post=4064"}],"wp:featuredmedia":[{"embeddable":true,"href":"https:\/\/www.largepillow.com\/et\/wp-json\/wp\/v2\/media\/4048"}],"wp:attachment":[{"href":"https:\/\/www.largepillow.com\/et\/wp-json\/wp\/v2\/media?parent=4064"}],"wp:term":[{"taxonomy":"product_brand","embeddable":true,"href":"https:\/\/www.largepillow.com\/et\/wp-json\/wp\/v2\/product_brand?post=4064"},{"taxonomy":"product_cat","embeddable":true,"href":"https:\/\/www.largepillow.com\/et\/wp-json\/wp\/v2\/product_cat?post=4064"},{"taxonomy":"product_tag","embeddable":true,"href":"https:\/\/www.largepillow.com\/et\/wp-json\/wp\/v2\/product_tag?post=4064"}],"curies":[{"name":"wp","href":"https:\/\/api.w.org\/{rel}","templated":true}]}}