{"id":4147,"date":"2024-09-12T01:06:17","date_gmt":"2024-09-12T01:06:17","guid":{"rendered":"https:\/\/www.largepillow.com\/product\/anxiety-relief-dog-cat-bed-for-smallmedium-pets-cozy-washable"},"modified":"2025-01-30T21:58:42","modified_gmt":"2025-01-30T21:58:42","slug":"arevuse-leevendav-koera-kassivoodi-vaikestele-ja-keskmise-suurusega-lemmikloomadele-hubane-ja-pestav","status":"publish","type":"product","link":"https:\/\/www.largepillow.com\/et\/product\/anxiety-relief-dog-cat-bed-for-smallmedium-pets-cozy-washable","title":{"rendered":"\u00c4revust leevendav koera- ja kassivoodi v\u00e4ikestele\/keskmistele lemmikloomadele \u2013 hubane, pestav"},"content":{"rendered":"<p>Kas otsid oma karvasele s\u00f5brale hubast ja mugavat aseme? See rahustav kallistuspesa v\u00f5ib olla just see, mida vajad! Kauna kuju sobib ideaalselt lemmikloomadele, kellele meeldib end kerra t\u00f5mmata ja \u00fcmbritsetuna tunda, ning \u00fclipehme t\u00e4idis pakub neile sooja ja m\u00f5nusat puhkekohta.<\/p>\n<p>See \u00e4revusvastane lemmikloomavoodi on loodud selleks, et teie lemmikloom tunneks end turvaliselt ja kindlalt. K\u00f5rgendatud \u00e4\u00e4r pakub pea- ja kaelatuge, mis aitab kaasa s\u00fcgavamale unele. Olenemata sellest, kas teie lemmikloom on kass v\u00f5i v\u00e4ike koer, pakub see koera kaisuvoodi talle turvalist ja hubast kohta uinakuks.<\/p>\n<p>Koera kaisuvoodi on valmistatud pehmest ja mittetoksilisest kangast ning t\u00e4idetud pehme pol\u00fcesterkiuga (PP-puuvilla), mis hoiab oma kuju ja j\u00e4tab sooja ja hubase tunde. See materjal sobib ideaalselt kutsika nahale ja aitab teie lemmikloomal mugavalt magada. Lisaks on see piisavalt vastupidav, et s\u00e4ilitada oma algne kuju pikka aega.<\/p>\n<p>Libisemiskindel p\u00f5hi tagab rahustava kallistuspesa paigal p\u00fcsimise, et teie lemmikloom saaks turvaliselt m\u00e4ngida ja puhata. See omadus on eriti oluline aktiivsetele lemmikloomadele, kellele meeldib ringi liikuda ja kassivoodile h\u00fcpata. Ja kui on aeg koristada, v\u00f5ite \u00e4revusvastase kassivoodi lihtsalt pesumasinasse visata, et seda oleks lihtne hooldada.<\/p>\n<p>See hubane kutsikavoodi sobib kuni 9 kg kaaluvatele lemmikloomadele ja on ideaalne nii sise- kui ka v\u00e4listingimustes kasutamiseks. Pange t\u00e4hele, et voodi v\u00f5ib transportimise ajal olla vaakumpakendis ja enne kasutamist v\u00f5ib see vajada kohevaks tegemist. Oma mugava ja turvalise disainiga saab sellest lemmikloomavoodist kindlasti teie lemmiklooma uus lemmikkoht l\u00f5\u00f5gastumiseks ja uinakuteks!<\/p>","protected":false},"excerpt":{"rendered":"<ul>\n<li><strong>Disainifunktsioonid<\/strong>Rahustavad koeravoodid on hubase kaunakujulise kujuga ja \u00fclipehme t\u00e4idisega, mis \u00fcmbritseb teie lemmiklooma ja soodustab turvatunnet. See \u00e4revusvastane lemmikloomavoodi pakub teie kassile v\u00f5i v\u00e4ikesele koerale turvalist ja mugavat kohta uinakuteks. T\u00f5stetud \u00e4\u00e4r pakub pea- ja kaelatuge, mis aitab kaasa s\u00fcgavamale unele. See on eriti oluline koerte ja kasside jaoks, kuna nende keha l\u00f5dvestamine aitab v\u00e4hendada \u00e4revust ja stressi.<\/li>\n<li><strong>Kvaliteetne materjal<\/strong>Meie hubane v\u00e4ikese koera voodi on valmistatud pehmest, mugavast ja nahas\u00f5bralikust kangast. See on t\u00e4idetud pehme pol\u00fcesterkiuga (PP-puuvilla), mis hoiab teie lemmiklooma soojas ja mugavalt. See materjal sobib ideaalselt teie kutsika nahale ja aitab teie lemmikloomal mugavalt magada. Sellel on eemaldatav ja pestav kate, mis muudab selle puhastamise ja hooldamise lihtsaks. Koera kaisuvoodi konstruktsioon on loodud oma kuju s\u00e4ilitama, tagades teie lemmiklooma mugavuse aja jooksul.<\/li>\n<li><strong>Libisemisvastane p\u00f5hi<\/strong>Meie rahustav kassivoodi on disainitud kaunakujuliselt keskmistele ja v\u00e4ikestele koertele, sellel on libisemiskindel p\u00f5hi ja hingav pehme kutsikavoodi, mis on vastupidav ja rahustav. Libisemisvastane disain koheva koeravoodi p\u00f5hjas tagab parema stabiilsuse, nii et teie koer saab rahustavas koeravoodis turvaliselt m\u00e4ngida ja puhata.<\/li>\n<li><strong>Optimeeri oma elamispinda<\/strong>Selle kompaktne suurus v\u00f5imaldab seda paigutada igasse ruumi, sealhulgas v\u00e4ikestesse kohtadesse nagu nurgad ja voodi\u00e4\u00e4red, ning see sobib eriti h\u00e4sti lemmikloomadele, kellele meeldib kerra t\u00f5mmata. Olenemata sellest, kas elate v\u00e4ikeses korteris v\u00f5i avaras majas, pakub see kassivoodi teie lemmikloomale mugavust ja turvalisust, optimeerides samal ajal teie elamispinda.<\/li>\n<li><strong>V\u00c4IKESED N\u00d5UANDED<\/strong>\u00c4revusvastase kassivoodi suurus on 76 * 46 * 32 cm ning see sobib ideaalselt v\u00e4ikestele ja keskmise suurusega koertele ning kuni 9 kg kaaluvatele kassidele. See sobib ideaalselt nii sise- kui ka v\u00e4listingimustes kasutamiseks. Lemmikloomavoodi on transportimise ajal vaakumpakendatud. Palun patsutage, raputage ja pange pakend p\u00e4rast avamist 1-2 p\u00e4evaks seisma, et see p\u00e4rast rahustava koeravoodi k\u00e4ttesaamist taas kohevaks muutuks.<\/li>\n<\/ul>","protected":false},"featured_media":4131,"comment_status":"open","ping_status":"closed","template":"","meta":[],"product_brand":[],"product_cat":[227],"product_tag":[],"class_list":{"0":"post-4147","1":"product","2":"type-product","3":"status-publish","4":"has-post-thumbnail","6":"product_cat-pet-supplies","8":"first","9":"instock","10":"shipping-taxable","11":"purchasable","12":"product-type-simple"},"_links":{"self":[{"href":"https:\/\/www.largepillow.com\/et\/wp-json\/wp\/v2\/product\/4147","targetHints":{"allow":["GET"]}}],"collection":[{"href":"https:\/\/www.largepillow.com\/et\/wp-json\/wp\/v2\/product"}],"about":[{"href":"https:\/\/www.largepillow.com\/et\/wp-json\/wp\/v2\/types\/product"}],"replies":[{"embeddable":true,"href":"https:\/\/www.largepillow.com\/et\/wp-json\/wp\/v2\/comments?post=4147"}],"wp:featuredmedia":[{"embeddable":true,"href":"https:\/\/www.largepillow.com\/et\/wp-json\/wp\/v2\/media\/4131"}],"wp:attachment":[{"href":"https:\/\/www.largepillow.com\/et\/wp-json\/wp\/v2\/media?parent=4147"}],"wp:term":[{"taxonomy":"product_brand","embeddable":true,"href":"https:\/\/www.largepillow.com\/et\/wp-json\/wp\/v2\/product_brand?post=4147"},{"taxonomy":"product_cat","embeddable":true,"href":"https:\/\/www.largepillow.com\/et\/wp-json\/wp\/v2\/product_cat?post=4147"},{"taxonomy":"product_tag","embeddable":true,"href":"https:\/\/www.largepillow.com\/et\/wp-json\/wp\/v2\/product_tag?post=4147"}],"curies":[{"name":"wp","href":"https:\/\/api.w.org\/{rel}","templated":true}]}}