{"id":4160,"date":"2024-09-12T03:12:48","date_gmt":"2024-09-12T03:12:48","guid":{"rendered":"https:\/\/www.largepillow.com\/product\/headboard-pillow-white-plush-large-wedge-reading-pillow"},"modified":"2025-08-27T10:53:28","modified_gmt":"2025-08-27T10:53:28","slug":"peatsipadi-valge-pluusist-suur-kiilukujuline-lugemispadi","status":"publish","type":"product","link":"https:\/\/www.largepillow.com\/et\/product\/headboard-pillow-white-plush-large-wedge-reading-pillow","title":{"rendered":"Peatsipadi, valge, pl\u00fc\u00fcsist suur kiilukujuline lugemispadi"},"content":{"rendered":"","protected":false},"excerpt":{"rendered":"<ul>\n<li><strong>MITMEFUNKTSIONAALSUS:<\/strong> Meie kiilukujulise voodi padi on enamat kui lihtsalt peatsipadi \u2013 see sobib mitmeteks otstarveteks ning sobib ideaalselt selja toetamiseks, jalgade t\u00f5stmiseks, lugemiseks, teleri vaatamiseks ja paljude muude asendite jaoks, et rahuldada teie mitmek\u00fclgseid vajadusi.<\/li>\n<li><strong>ERGONOOMNE DISAIN:<\/strong> Intiimhooldus, ergonoomiline leidlikkus. Pakkuge teile k\u00f5ige mugavamat tuge, v\u00e4hendage survet kaela- ja nimmel\u00fclidele ning nautige iga mugavuse ja hubasuse hetke.<\/li>\n<li><strong>MUGAVUS:<\/strong> Suur kolmnurkne kiilukujuline peatoepadi on valmistatud kvaliteetsetest materjalidest ja \u00f5rnast t\u00f6\u00f6tlemistehnoloogiast, et tagada kiilukujulise peatoepadja pehmus ja mugavus, et saaksite nautida intiimset sobivust, soojust ja mugavust.<\/li>\n<li><strong>MATERJAL:<\/strong> P\u00e4evavoodi seljatoepadjad on valmistatud kvaliteetsetest kangastest, mis on pehmed ja nahas\u00f5bralikud, kortsumis- ja kulumiskindlad, pakkudes teile mugavat puudutust ja suurep\u00e4rast hingavust, hoides teid kuiva ja mugavana.<\/li>\n<li><strong>LIHTNE PUHASTADA:<\/strong> Kiilvoodipadjal on eemaldatav ja pestav kate, mis teeb hooldamise lihtsaks, tagades alati v\u00e4rske ja puhta puhkekeskkonna.<\/li>\n<li><strong>Suurus:<\/strong> 60 cm (60 * 20 * 50 cm), 80 cm (80 * 20 * 50 cm), 100 cm (100 * 20 * 50 cm), 120 cm (120 * 20 * 50 cm), 140 cm (140 * 20 * 50 cm), 160 cm (160 * 20 * 50 cm), 180 cm (180 * 20 * 50 cm), 200 cm (200 * 20 * 50 cm)<\/li>\n<\/ul>","protected":false},"featured_media":4148,"comment_status":"open","ping_status":"closed","template":"","meta":[],"product_brand":[],"product_cat":[15],"product_tag":[],"class_list":{"0":"post-4160","1":"product","2":"type-product","3":"status-publish","4":"has-post-thumbnail","6":"product_cat-large-wedge-pillow","8":"first","9":"instock","10":"shipping-taxable","11":"purchasable","12":"product-type-variable","13":"has-default-attributes"},"_links":{"self":[{"href":"https:\/\/www.largepillow.com\/et\/wp-json\/wp\/v2\/product\/4160","targetHints":{"allow":["GET"]}}],"collection":[{"href":"https:\/\/www.largepillow.com\/et\/wp-json\/wp\/v2\/product"}],"about":[{"href":"https:\/\/www.largepillow.com\/et\/wp-json\/wp\/v2\/types\/product"}],"replies":[{"embeddable":true,"href":"https:\/\/www.largepillow.com\/et\/wp-json\/wp\/v2\/comments?post=4160"}],"wp:featuredmedia":[{"embeddable":true,"href":"https:\/\/www.largepillow.com\/et\/wp-json\/wp\/v2\/media\/4148"}],"wp:attachment":[{"href":"https:\/\/www.largepillow.com\/et\/wp-json\/wp\/v2\/media?parent=4160"}],"wp:term":[{"taxonomy":"product_brand","embeddable":true,"href":"https:\/\/www.largepillow.com\/et\/wp-json\/wp\/v2\/product_brand?post=4160"},{"taxonomy":"product_cat","embeddable":true,"href":"https:\/\/www.largepillow.com\/et\/wp-json\/wp\/v2\/product_cat?post=4160"},{"taxonomy":"product_tag","embeddable":true,"href":"https:\/\/www.largepillow.com\/et\/wp-json\/wp\/v2\/product_tag?post=4160"}],"curies":[{"name":"wp","href":"https:\/\/api.w.org\/{rel}","templated":true}]}}