{"id":4182,"date":"2024-09-12T03:55:25","date_gmt":"2024-09-12T03:55:25","guid":{"rendered":"https:\/\/www.largepillow.com\/product\/triangular-headboard-pillow-for-sleeping-with-side-pocket"},"modified":"2024-10-03T16:31:33","modified_gmt":"2024-10-03T16:31:33","slug":"kolmnurkne-peatsipadi-magamiseks-kuljetaskuga","status":"publish","type":"product","link":"https:\/\/www.largepillow.com\/et\/product\/triangular-headboard-pillow-for-sleeping-with-side-pocket","title":{"rendered":"Kolmnurkne peatsipadi magamiseks k\u00fcljetaskuga"},"content":{"rendered":"","protected":false},"excerpt":{"rendered":"<ul>\n<li><strong>Kvaliteetne k\u00e4sit\u00f6\u00f6:<\/strong> Seljatoepatjade t\u00e4iuslikumaks ja harmoonilisemaks muutmiseks valis disainer padjap\u00fc\u00fcriga sama v\u00e4rvi dekoratiivse n\u00f6\u00f6bi. Padjap\u00fc\u00fcr on sile ja vastupidav ning kiilpadi pehme ja elastne. Allosas on t\u00f5mblukk ja t\u00e4idispuuvill on pakitud polstrikihti. PP-puuvilla kogust saab vastavalt oma eelistustele kasutamise ajal lisada v\u00f5i v\u00e4hendada.<\/li>\n<li><strong>Materjal:<\/strong> Tr\u00fckitud kiilukujulise padjap\u00fc\u00fcr on valmistatud 100% puuvillast. T\u00e4idis on pol\u00fcesterkiust (PP-puuvill). Pehme puudutusega, keskkonnas\u00f5bralikult v\u00e4rvitud, ei pillu ega pleeki. \u00d5rnad tr\u00fckid kaunistavad sisekeskkonda paremini.<\/li>\n<li><strong>Funktsioon:<\/strong>\u00a0Meie funktsionaalsed tugipadjad toetavad teie selga t\u00f6\u00f6tamise v\u00f5i lugemise ajal, nii et te ei tunne end nii v\u00e4sinuna. V\u00f5tke need lihtsalt koju kaasa ja teie tavalised diivanid ja voodid muutuvad peenemaks. Lisaks annab meie mustriline pl\u00fc\u00fcsist peatsipadi sise-elutoa r\u00f5dudele ja \u00f5ues asuvatele aiatoolidele v\u00e4rske ja stiilse ilme. Mobiiltelefone v\u00f5i muid igap\u00e4evaseid tarbeesemeid saab hoida patjade k\u00fcljetaskutes.<\/li>\n<li><strong>Suurus:<\/strong> 60 cm (60 * 20 * 50 cm), 140 cm (140 * 20 * 50 cm), 180 cm (180 * 20 * 50 cm)<\/li>\n<li>Palun arvestage, et n\u00f6\u00f6pe ei saa eemaldada ja need on kindlalt padja s\u00fcdamikku \u00f5mmeldud. Iga n\u00f6\u00f6bi all on auk, mis on tahtlikult j\u00e4etud, et padjakatet oleks lihtsam eemaldada.<\/li>\n<\/ul>","protected":false},"featured_media":4169,"comment_status":"open","ping_status":"closed","template":"","meta":[],"product_brand":[],"product_cat":[15],"product_tag":[],"class_list":{"0":"post-4182","1":"product","2":"type-product","3":"status-publish","4":"has-post-thumbnail","6":"product_cat-large-wedge-pillow","8":"first","9":"instock","10":"shipping-taxable","11":"purchasable","12":"product-type-variable","13":"has-default-attributes"},"_links":{"self":[{"href":"https:\/\/www.largepillow.com\/et\/wp-json\/wp\/v2\/product\/4182","targetHints":{"allow":["GET"]}}],"collection":[{"href":"https:\/\/www.largepillow.com\/et\/wp-json\/wp\/v2\/product"}],"about":[{"href":"https:\/\/www.largepillow.com\/et\/wp-json\/wp\/v2\/types\/product"}],"replies":[{"embeddable":true,"href":"https:\/\/www.largepillow.com\/et\/wp-json\/wp\/v2\/comments?post=4182"}],"wp:featuredmedia":[{"embeddable":true,"href":"https:\/\/www.largepillow.com\/et\/wp-json\/wp\/v2\/media\/4169"}],"wp:attachment":[{"href":"https:\/\/www.largepillow.com\/et\/wp-json\/wp\/v2\/media?parent=4182"}],"wp:term":[{"taxonomy":"product_brand","embeddable":true,"href":"https:\/\/www.largepillow.com\/et\/wp-json\/wp\/v2\/product_brand?post=4182"},{"taxonomy":"product_cat","embeddable":true,"href":"https:\/\/www.largepillow.com\/et\/wp-json\/wp\/v2\/product_cat?post=4182"},{"taxonomy":"product_tag","embeddable":true,"href":"https:\/\/www.largepillow.com\/et\/wp-json\/wp\/v2\/product_tag?post=4182"}],"curies":[{"name":"wp","href":"https:\/\/api.w.org\/{rel}","templated":true}]}}