{"id":4238,"date":"2024-09-13T01:20:28","date_gmt":"2024-09-13T01:20:28","guid":{"rendered":"https:\/\/www.largepillow.com\/product\/large-adjustable-recliner-multi-piece-folding-sofa-for-home"},"modified":"2024-10-03T16:31:23","modified_gmt":"2024-10-03T16:31:23","slug":"suur-reguleeritav-lamav-mitmeosaline-kokkupandav-diivan-koju","status":"publish","type":"product","link":"https:\/\/www.largepillow.com\/et\/product\/large-adjustable-recliner-multi-piece-folding-sofa-for-home","title":{"rendered":"Suur reguleeritav tugitool, mitmeosaline kokkupandav diivan koju"},"content":{"rendered":"","protected":false},"excerpt":{"rendered":"<ul>\n<li>Mitmek\u00fclgne istumisv\u00f5imalus: see mitmeosaline kokkupandav diivan pakub reguleeritavat mugavust nii elutoas kui ka magamistoas l\u00f5\u00f5gastumiseks, lugemiseks v\u00f5i magamiseks.<\/li>\n<li>Ruumikas suurus: kokkupandult m\u00f5\u00f5tmed 91,4 * 91,4 * 30,4 cm, mis pakub piisavalt ruumi l\u00f5\u00f5gastumiseks.<\/li>\n<li>Kaasaskantav disain: Kergete, kokkupandavate paneelidega valmistatud seadet saab h\u00f5lpsalt teisaldada v\u00f5i hoiustada, kui seda ei kasutata.<\/li>\n<li>Toetav padi: Paks polsterdatud padi pakub hubast ja toetavat istumiskogemust.<\/li>\n<li>Stiilne v\u00e4limus: Oma bee\u017ei v\u00e4rvi ja moodsa disainiga sobib see p\u00f5randadiivan sujuvalt erinevate sisustusstiilidega.<\/li>\n<\/ul>","protected":false},"featured_media":4231,"comment_status":"open","ping_status":"closed","template":"","meta":[],"product_brand":[],"product_cat":[228],"product_tag":[],"class_list":{"0":"post-4238","1":"product","2":"type-product","3":"status-publish","4":"has-post-thumbnail","6":"product_cat-cushions","8":"first","9":"outofstock","10":"shipping-taxable","11":"purchasable","12":"product-type-simple"},"_links":{"self":[{"href":"https:\/\/www.largepillow.com\/et\/wp-json\/wp\/v2\/product\/4238","targetHints":{"allow":["GET"]}}],"collection":[{"href":"https:\/\/www.largepillow.com\/et\/wp-json\/wp\/v2\/product"}],"about":[{"href":"https:\/\/www.largepillow.com\/et\/wp-json\/wp\/v2\/types\/product"}],"replies":[{"embeddable":true,"href":"https:\/\/www.largepillow.com\/et\/wp-json\/wp\/v2\/comments?post=4238"}],"wp:featuredmedia":[{"embeddable":true,"href":"https:\/\/www.largepillow.com\/et\/wp-json\/wp\/v2\/media\/4231"}],"wp:attachment":[{"href":"https:\/\/www.largepillow.com\/et\/wp-json\/wp\/v2\/media?parent=4238"}],"wp:term":[{"taxonomy":"product_brand","embeddable":true,"href":"https:\/\/www.largepillow.com\/et\/wp-json\/wp\/v2\/product_brand?post=4238"},{"taxonomy":"product_cat","embeddable":true,"href":"https:\/\/www.largepillow.com\/et\/wp-json\/wp\/v2\/product_cat?post=4238"},{"taxonomy":"product_tag","embeddable":true,"href":"https:\/\/www.largepillow.com\/et\/wp-json\/wp\/v2\/product_tag?post=4238"}],"curies":[{"name":"wp","href":"https:\/\/api.w.org\/{rel}","templated":true}]}}