{"id":4248,"date":"2024-09-13T01:54:01","date_gmt":"2024-09-13T01:54:01","guid":{"rendered":"https:\/\/www.largepillow.com\/product\/safe-compact-pet-car-seat-leather-booster-for-small-animals"},"modified":"2024-10-03T16:31:23","modified_gmt":"2024-10-03T16:31:23","slug":"ohutu-kompaktne-lemmikloomade-turvatooli-nahkkorgendaja-vaikestele-loomadele","status":"publish","type":"product","link":"https:\/\/www.largepillow.com\/et\/product\/safe-compact-pet-car-seat-leather-booster-for-small-animals","title":{"rendered":"Ohutu ja kompaktne lemmikloomade autotool \u2013 nahast tugitool v\u00e4ikestele loomadele"},"content":{"rendered":"[zc_getpagecontent mb=&#8221;mb_aplus&#8221; apid=&#8221;80&#8243;]\n","protected":false},"excerpt":{"rendered":"<ul>\n<li><strong>\u00dclim ohutus ja turvalisus:<\/strong> Meie veekindel keskkonsooliga koera turvatool pakub neljakordset turvas\u00fcsteemi, mis tagab teie v\u00e4ikese koera v\u00f5i kassi turvalisuse autos\u00f5idu ajal. Kahekordsete turvav\u00f6\u00f6dega, mida saab juhiistmele kinnitada, lemmiklooma turvav\u00f6\u00f6ga, fikseeritud rihmadega stabiilsuse tagamiseks ja libisemisvastase alusega v\u00f5ite olla rahulik, teades, et teie lemmikloom on kindlalt paigas.<\/li>\n<li><strong>\u00c4revusevastane disain:<\/strong> Meie keskkonsoolil asuval koera turvatoolil on \u00fclemine t\u00f5mblukk, mis loob suletud koera turvatooli, leevendades t\u00f5husalt lemmiklooma \u00e4revust ja ohjates liiga aktiivseid lemmikloomi, suurendades seel\u00e4bi s\u00f5iduohutust. Samal ajal v\u00f5imaldab disain koera pea n\u00e4htavaks j\u00e4\u00e4da, pakkudes teie lemmikloomale laiemat vaatev\u00e4lja maastiku nautimiseks.<\/li>\n<li><strong>Veekindel ja kergesti puhastatav:<\/strong> Veekindlast nahast valmistatud turvatool sobib kasutamiseks igal aastaajal. See kaitseb teie turvatooli t\u00f5husalt pritsmete, plekkide ja \u00f5nnetuste eest, muutes puhastamise imelihtsaks. Saate k\u00f5ik mustused h\u00f5lpsalt \u00e4ra p\u00fchkida, tagades oma lemmikloomale puhta ja h\u00fcgieenilise keskkonna.<\/li>\n<li><strong>Mugavad materjalid:<\/strong> Selle keskkonsoolil asuva koera turvatooli p\u00f5hiosa on t\u00e4idetud pehme ja toetava vahtmaterjaliga, mis tagab nii mugavuse kui ka kuju s\u00e4ilitamise. Metallraami puudumine t\u00e4hendab ohutusriskide puudumist. Bee\u017ei v\u00e4rvi \u00fcmbritsevad seinad on t\u00e4idetud pol\u00fcestert\u00e4idisega, mida saab privaatsema ruumi loomiseks t\u00f5sta v\u00f5i koera pea toetamiseks alla lasta. Lisaks on m\u00f5lemal k\u00fcljel mugavad taskud koeratarvete hoidmiseks.<\/li>\n<li><strong>M\u00f5eldud v\u00e4ikestele lemmikloomadele:<\/strong> Spetsiaalselt v\u00e4ikestele koertele ja alla 13 naela kaaluvatele kassidele loodud turvatool pakub teie karvasele s\u00f5brale hubast ja mugavat ruumi. See hoiab \u00e4ra nende autos ringi uitamise, v\u00e4hendades t\u00e4helepanu hajutamist ja tagades nende ohutuse kogu reisi v\u00e4ltel. See toimib ka v\u00e4ikese lemmiklooma kandekotina, pakkudes mugavust ja paindlikkust teie karvase kaaslasega reisides.<\/li>\n<\/ul>","protected":false},"featured_media":4250,"comment_status":"open","ping_status":"closed","template":"","meta":[],"product_brand":[],"product_cat":[227],"product_tag":[],"class_list":{"0":"post-4248","1":"product","2":"type-product","3":"status-publish","4":"has-post-thumbnail","6":"product_cat-pet-supplies","8":"first","9":"instock","10":"shipping-taxable","11":"purchasable","12":"product-type-simple"},"_links":{"self":[{"href":"https:\/\/www.largepillow.com\/et\/wp-json\/wp\/v2\/product\/4248","targetHints":{"allow":["GET"]}}],"collection":[{"href":"https:\/\/www.largepillow.com\/et\/wp-json\/wp\/v2\/product"}],"about":[{"href":"https:\/\/www.largepillow.com\/et\/wp-json\/wp\/v2\/types\/product"}],"replies":[{"embeddable":true,"href":"https:\/\/www.largepillow.com\/et\/wp-json\/wp\/v2\/comments?post=4248"}],"wp:featuredmedia":[{"embeddable":true,"href":"https:\/\/www.largepillow.com\/et\/wp-json\/wp\/v2\/media\/4250"}],"wp:attachment":[{"href":"https:\/\/www.largepillow.com\/et\/wp-json\/wp\/v2\/media?parent=4248"}],"wp:term":[{"taxonomy":"product_brand","embeddable":true,"href":"https:\/\/www.largepillow.com\/et\/wp-json\/wp\/v2\/product_brand?post=4248"},{"taxonomy":"product_cat","embeddable":true,"href":"https:\/\/www.largepillow.com\/et\/wp-json\/wp\/v2\/product_cat?post=4248"},{"taxonomy":"product_tag","embeddable":true,"href":"https:\/\/www.largepillow.com\/et\/wp-json\/wp\/v2\/product_tag?post=4248"}],"curies":[{"name":"wp","href":"https:\/\/api.w.org\/{rel}","templated":true}]}}