{"id":4260,"date":"2024-09-13T02:12:22","date_gmt":"2024-09-13T02:12:22","guid":{"rendered":"https:\/\/www.largepillow.com\/product\/v-shaped-side-sleeper-pillow-for-shoulder-and-leg-relief"},"modified":"2025-01-23T19:06:54","modified_gmt":"2025-01-23T19:06:54","slug":"v-kujuline-kuljel-magamiseks-moeldud-padi-olgade-ja-jalgade-leevenduseks","status":"publish","type":"product","link":"https:\/\/www.largepillow.com\/et\/product\/v-shaped-side-sleeper-pillow-for-shoulder-and-leg-relief","title":{"rendered":"V-kujuline k\u00fcljel magamiseks m\u00f5eldud padi \u00f5lgade ja jalgade leevenduseks"},"content":{"rendered":"<p>Tutvustame meie V-kujulist k\u00fcljel magamise patja \u2013 \u00fclim lahendus mugavama ja rahulikuma une saavutamiseks! See padi on spetsiaalselt loodud \u00f5lgadele ja jalgadele avalduva surve leevendamiseks ning sellel on ainulaadne V-kuju, mis pakub optimaalset tuge k\u00fcljel magajatele. Padja m\u00f5lemal k\u00fcljel olevad pehmendusega n\u00f5lvad aitavad leevendada k\u00e4tele ja jalgadele avalduvat survet, samal ajal kui padja \u00fclemine punkt t\u00f5stab ja toetab \u00f5lgu.<\/p>\n<p>See padi mitte ainult ei paku erakordset tuge \u00f5lgadele ja jalgadele, vaid sobib suurep\u00e4raselt ka \u00fclakeha t\u00f5stmiseks, et v\u00e4hendada happe refluksi ja norskamise s\u00fcmptomeid.<\/p>\n<p>Valmistatud kvaliteetsest 100% pol\u00fcester sametist, pakub see luksuslikku ja elegantset tunnet ning on pehme puudutusega. Lisaks on padjap\u00fc\u00fcr masinpestav, mis tagab lihtsa puhastamise, tagades, et teie padi p\u00fcsib puhta ja v\u00e4rske ka edaspidiseks kasutamiseks.<\/p>\n<p>Kogege rahulikumat ja noorendavamat und meie V-kujulise k\u00fcljel magamiseks m\u00f5eldud padjaga \u2013 ideaalne valik k\u00fcljel magajatele ja k\u00f5igile, kes otsivad paremat unekvaliteeti!<\/p>","protected":false},"excerpt":{"rendered":"<ul>\n<li><strong>\u00d5lgade ja jalgade leevendus:<\/strong> V-kujuline k\u00fclili magamise padi on spetsiaalselt loodud \u00f5lgadele ja jalgadele leevenduse pakkumiseks. Selle k\u00f5rgeim punkt on \u00fclaosas, et t\u00f5sta ja toetada \u00f5lgu, samas kui padja m\u00f5lemal k\u00fcljel olevad pehmendusega n\u00f5lvad aitavad leevendada k\u00e4tele ja jalgadele avalduvat survet.<\/li>\n<li><strong>Voodi kiilukujuline padi:<\/strong> See aitab \u00fclakeha t\u00f5sta, mis omakorda v\u00f5ib v\u00e4hendada happe refluksi ja norskamise s\u00fcmptomeid. See kaldus asend parandab ka vereringet ja v\u00e4hendab survet alaseljale. Lisaks pakub padja V-kujuline disain tuge ja mugavust \u00f5lgadele ja kaelale.<\/li>\n<li><strong>Koge rahulikku und:<\/strong> Meie V-kujuline k\u00fcljel magamise padi on loodud eriti kasulikuks k\u00fcljel magajatele, kuna see pakub korralikku tuge kaelale, \u00f5lgadele ja jalgadele. Meie k\u00fcljel magamise padi aitab teil saavutada parema unekvaliteedi.<\/li>\n<li><strong>Tippkvaliteet:<\/strong> Meie k\u00fclili magamiseks m\u00f5eldud padjap\u00fc\u00fcr on valmistatud 100% pol\u00fcestersametist, mis annab luksusliku ja elegantse tunde ning on pehme puudutusega. See materjal pakub erakordset mugavust ja hubasust, muutes selle ideaalseks valikuks kosutavaks ja v\u00e4rskendavaks \u00f6\u00f6uneks.<\/li>\n<li><strong>Masinpestav:<\/strong> Padja sametkangast katet saab h\u00f5lpsasti eemaldada ja pesumasinas pesta, tagades, et padi p\u00fcsiks h\u00fcgieeniline ka edasiseks kasutamiseks.<\/li>\n<\/ul>","protected":false},"featured_media":4251,"comment_status":"open","ping_status":"closed","template":"","meta":[],"product_brand":[],"product_cat":[228],"product_tag":[],"class_list":{"0":"post-4260","1":"product","2":"type-product","3":"status-publish","4":"has-post-thumbnail","6":"product_cat-cushions","8":"first","9":"instock","10":"shipping-taxable","11":"purchasable","12":"product-type-simple"},"_links":{"self":[{"href":"https:\/\/www.largepillow.com\/et\/wp-json\/wp\/v2\/product\/4260","targetHints":{"allow":["GET"]}}],"collection":[{"href":"https:\/\/www.largepillow.com\/et\/wp-json\/wp\/v2\/product"}],"about":[{"href":"https:\/\/www.largepillow.com\/et\/wp-json\/wp\/v2\/types\/product"}],"replies":[{"embeddable":true,"href":"https:\/\/www.largepillow.com\/et\/wp-json\/wp\/v2\/comments?post=4260"}],"wp:featuredmedia":[{"embeddable":true,"href":"https:\/\/www.largepillow.com\/et\/wp-json\/wp\/v2\/media\/4251"}],"wp:attachment":[{"href":"https:\/\/www.largepillow.com\/et\/wp-json\/wp\/v2\/media?parent=4260"}],"wp:term":[{"taxonomy":"product_brand","embeddable":true,"href":"https:\/\/www.largepillow.com\/et\/wp-json\/wp\/v2\/product_brand?post=4260"},{"taxonomy":"product_cat","embeddable":true,"href":"https:\/\/www.largepillow.com\/et\/wp-json\/wp\/v2\/product_cat?post=4260"},{"taxonomy":"product_tag","embeddable":true,"href":"https:\/\/www.largepillow.com\/et\/wp-json\/wp\/v2\/product_tag?post=4260"}],"curies":[{"name":"wp","href":"https:\/\/api.w.org\/{rel}","templated":true}]}}