{"id":4269,"date":"2024-09-13T02:16:20","date_gmt":"2024-09-13T02:16:20","guid":{"rendered":"https:\/\/www.largepillow.com\/product\/multi-functional-creative-seat-cushion-folding-floor-bed"},"modified":"2024-10-03T16:31:23","modified_gmt":"2024-10-03T16:31:23","slug":"multifunktsionaalne-loominguline-istmepadi-kokkupandav-porandavoodi","status":"publish","type":"product","link":"https:\/\/www.largepillow.com\/et\/product\/multi-functional-creative-seat-cushion-folding-floor-bed","title":{"rendered":"Mitmeotstarbeline loominguline istmepadi kokkupandav p\u00f5randavoodi"},"content":{"rendered":"[zc_getpagecontent mb=&#8221;mb_aplus&#8221; apid=&#8221;53&#8243;]\n","protected":false},"excerpt":{"rendered":"<ul>\n<li><strong>Mitmek\u00fclgne kombinatsioon:<\/strong>\u00a0Meie diivanvoodil on erineva suurusega poroloonpadjad, mida saab loominguliselt vastavalt teie vajadustele paigutada. Kasutage seda p\u00f5randamati v\u00f5i aknapadjana v\u00f5i pakkige see kokku diivanvoodiks v\u00f5i p\u00f5randadiivanvoodiks mugavuse ja paindlikkuse tagamiseks.<\/li>\n<li><strong>L\u00f5bus kokkupandav diivanvoodi:<\/strong> Kogege meie lahtik\u00e4iva diivanvoodi m\u00e4ngulist olemust. Muutke padja kuju, osalege loomingulistes m\u00e4ngudes ja nautige ainulaadset meelelahutust. Laske oma kujutlusv\u00f5imel lennata ja muutke iga p\u00e4ev selle l\u00f5busa m\u00f6\u00f6bliesemega r\u00f5\u00f5msaks.<\/li>\n<li><strong>Ruumis\u00e4\u00e4stlik:<\/strong> Meie kompaktne lahtik\u00e4iv diivanvoodi on loodud ruumi kokkuhoiuks. Voldi see vastavalt oma vajadustele lahti v\u00f5i kokku, kohandudes erinevate kasutusolukordadega. See on ideaalne lahendus piiratud kodukeskkonna maksimeerimiseks, pakkudes samal ajal mugavat puhke- ja meelelahutuskohta.<\/li>\n<li><strong>Mitmek\u00fclgne kasutus:<\/strong> Sobib mitmesugusteks puhkudeks, n\u00e4iteks v\u00e4ikestesse elutubadesse, korteritesse ja magamistubadesse, pakkudes nii p\u00f5randapatja, aknapatja, v\u00e4ikest diivanit kui ka kokkupandavat tugitooli. See vastab teie erinevatele vajadustele, olgu selleks lugemine, m\u00e4ngimine v\u00f5i s\u00f5pradega aja veetmine.<\/li>\n<li><strong>Lihtne hooldada:<\/strong> Meie diivanvoodi on valmistatud pehmest, hingavast ja veekindlast oksfordkangast, mis on \u00f5rna puudutusega ja kergesti hooldatav. Puhastamiseks p\u00fchkige seda lihtsalt \u00f5rnalt. Vahtt\u00e4idis pakub stabiilsust ja mugavust, samas kui eemaldatav kangapadi on masinpestav, s\u00e4\u00e4stes teie aega ja vaeva.<\/li>\n<\/ul>","protected":false},"featured_media":4261,"comment_status":"open","ping_status":"closed","template":"","meta":[],"product_brand":[],"product_cat":[228],"product_tag":[],"class_list":{"0":"post-4269","1":"product","2":"type-product","3":"status-publish","4":"has-post-thumbnail","6":"product_cat-cushions","8":"first","9":"instock","10":"shipping-taxable","11":"purchasable","12":"product-type-simple"},"_links":{"self":[{"href":"https:\/\/www.largepillow.com\/et\/wp-json\/wp\/v2\/product\/4269","targetHints":{"allow":["GET"]}}],"collection":[{"href":"https:\/\/www.largepillow.com\/et\/wp-json\/wp\/v2\/product"}],"about":[{"href":"https:\/\/www.largepillow.com\/et\/wp-json\/wp\/v2\/types\/product"}],"replies":[{"embeddable":true,"href":"https:\/\/www.largepillow.com\/et\/wp-json\/wp\/v2\/comments?post=4269"}],"wp:featuredmedia":[{"embeddable":true,"href":"https:\/\/www.largepillow.com\/et\/wp-json\/wp\/v2\/media\/4261"}],"wp:attachment":[{"href":"https:\/\/www.largepillow.com\/et\/wp-json\/wp\/v2\/media?parent=4269"}],"wp:term":[{"taxonomy":"product_brand","embeddable":true,"href":"https:\/\/www.largepillow.com\/et\/wp-json\/wp\/v2\/product_brand?post=4269"},{"taxonomy":"product_cat","embeddable":true,"href":"https:\/\/www.largepillow.com\/et\/wp-json\/wp\/v2\/product_cat?post=4269"},{"taxonomy":"product_tag","embeddable":true,"href":"https:\/\/www.largepillow.com\/et\/wp-json\/wp\/v2\/product_tag?post=4269"}],"curies":[{"name":"wp","href":"https:\/\/api.w.org\/{rel}","templated":true}]}}