{"id":4340,"date":"2024-09-13T03:20:32","date_gmt":"2024-09-13T03:20:32","guid":{"rendered":"https:\/\/www.largepillow.com\/product\/large-headboard-reading-pillow-bolster-body-pillow-blue"},"modified":"2024-10-03T16:31:33","modified_gmt":"2024-10-03T16:31:33","slug":"suur-peatsiga-lugemispadi-kehapadi-sinine","status":"publish","type":"product","link":"https:\/\/www.largepillow.com\/et\/product\/large-headboard-reading-pillow-bolster-body-pillow-blue","title":{"rendered":"Suur peatsiga lugemispadi, pehme kehapadi, sinine"},"content":{"rendered":"[zc_getpagecontent mb=&#8221;mb_aplus&#8221; apid=&#8221;60&#8243;]\n","protected":false},"excerpt":{"rendered":"<ul>\n<li>Moodne disain: Tepitud n\u00f6\u00f6pide ja \u00f5mblusdetailidega disainitud rullitud servad lisavad dekoratiivset h\u00f5ngu. See \u00fclisuur nimmepadi rikkaliku t\u00e4idisega lisab mugavust ja tagab parima toe l\u00f5\u00f5gastudes. Kasutage seda eraldi aktsentelemendina v\u00f5i kombineerige teiste standardsete tr\u00fckitud\/\u00fchev\u00e4rviliste v\u00f5i tikitud patjadega, et luua koosk\u00f5lastatud v\u00e4limus.<\/li>\n<li>Suurep\u00e4rane seljatoe padi: see \u00fclisuur dekoratiivpadi pakub paremat tuge kui tavalise suurusega kohevad dekoratiivpadjad, buduaaripadjad v\u00f5i europadjad ning hoiab oma kuju kindlalt. See \u00fclisuur peatsipadi on rikkaliku t\u00e4idisega ja lisab mugavust. Koos pehme madratsiga tagab see parima toe, kui n\u00f5jatute ja l\u00f5\u00f5gastute. See moodne suur seljatoepadi lahendab ka probleemi, kus teie voodipadjad libisevad madratsi ja peatsi vahele.<\/li>\n<li>Mitmeotstarbeline: Kasutage seda suurt seljatoepatja peatsi asemel v\u00f5i diivani seljatoena v\u00f5i asetage see pingile, et teil oleks uus diivan. Seda pikka voodipatja saab kasutada ka suure kehapadjana, mis aitab teil h\u00e4sti magada. See polsterdatud peatsipadi on nii uhke, nii erakordselt kvaliteetne ja \u00fclimugav, millele toetuda. Samal ajal sobib see h\u00e4sti erinevate kodukujundusstiilidega, lisades magamistuppa sooja ja hubast tunnet.<\/li>\n<li>Suurep\u00e4rane meisterlikkus: 100% pol\u00fcesterkangast pika viskepadjaga padi on \u00fclipehme ja mugav nahale. Traditsioonilised viskepadjad kipuvad aja jooksul l\u00f5tvuma, kuid sellel lugemispadjal on tepitud n\u00f6\u00f6bid, mis mitte ainult ei anna kaasaegset stiili, vaid hoiavad ka t\u00e4idise paigal vastupidavuse tagamiseks. Lapitehnikas \u00f5mblused ja \u00e4\u00e4risega servad lisavad ka kaunistust.<\/li>\n<li>Padjap\u00fc\u00fcri hooldusjuhised: Padjap\u00fc\u00fcrid on eemaldatavad, ei tuhmu ega narmenda, on kergesti hooldatavad ja t\u00e4nu tepitud n\u00f6\u00f6pidele ja n\u00e4htamatule lukule masinpestavad.<\/li>\n<\/ul>","protected":false},"featured_media":4322,"comment_status":"open","ping_status":"closed","template":"","meta":[],"product_brand":[],"product_cat":[28],"product_tag":[],"class_list":{"0":"post-4340","1":"product","2":"type-product","3":"status-publish","4":"has-post-thumbnail","6":"product_cat-large-body-pillow","8":"first","9":"instock","10":"shipping-taxable","11":"purchasable","12":"product-type-variable","13":"has-default-attributes"},"_links":{"self":[{"href":"https:\/\/www.largepillow.com\/et\/wp-json\/wp\/v2\/product\/4340","targetHints":{"allow":["GET"]}}],"collection":[{"href":"https:\/\/www.largepillow.com\/et\/wp-json\/wp\/v2\/product"}],"about":[{"href":"https:\/\/www.largepillow.com\/et\/wp-json\/wp\/v2\/types\/product"}],"replies":[{"embeddable":true,"href":"https:\/\/www.largepillow.com\/et\/wp-json\/wp\/v2\/comments?post=4340"}],"wp:featuredmedia":[{"embeddable":true,"href":"https:\/\/www.largepillow.com\/et\/wp-json\/wp\/v2\/media\/4322"}],"wp:attachment":[{"href":"https:\/\/www.largepillow.com\/et\/wp-json\/wp\/v2\/media?parent=4340"}],"wp:term":[{"taxonomy":"product_brand","embeddable":true,"href":"https:\/\/www.largepillow.com\/et\/wp-json\/wp\/v2\/product_brand?post=4340"},{"taxonomy":"product_cat","embeddable":true,"href":"https:\/\/www.largepillow.com\/et\/wp-json\/wp\/v2\/product_cat?post=4340"},{"taxonomy":"product_tag","embeddable":true,"href":"https:\/\/www.largepillow.com\/et\/wp-json\/wp\/v2\/product_tag?post=4340"}],"curies":[{"name":"wp","href":"https:\/\/api.w.org\/{rel}","templated":true}]}}