{"id":4391,"date":"2024-09-13T04:14:15","date_gmt":"2024-09-13T04:14:15","guid":{"rendered":"https:\/\/www.largepillow.com\/product\/giant-dog-beds-for-adult-humans-large-floor-bed-mattress"},"modified":"2024-10-03T16:31:23","modified_gmt":"2024-10-03T16:31:23","slug":"hiiglaslikud-koeravoodid-taiskasvanud-inimestele-suur-porandamadrats","status":"publish","type":"product","link":"https:\/\/www.largepillow.com\/et\/product\/giant-dog-beds-for-adult-humans-large-floor-bed-mattress\/","title":{"rendered":"Hiiglaslikud koeravoodid t\u00e4iskasvanud inimestele, suur p\u00f5randamadrats"},"content":{"rendered":"[zc_getpagecontent mb=&#8221;mb_aplus&#8221; apid=&#8221;41&#8243;]\n","protected":false},"excerpt":{"rendered":"<ul>\n<li><strong>\u00dclim l\u00f5\u00f5gastus<\/strong>Valmistu l\u00f5\u00f5gastuma \u00fclimas mugavuses meie inimestele m\u00f5eldud koeravoodis \u2013 see on ideaalne koht, kus oma karvase parima s\u00f5braga aega veeta! T\u00e4nu avarale disainile ja hubastele materjalidele ei taha sa kunagi lahkuda.<\/li>\n<li><strong>\u00c4\u00e4rmiselt turvaline<\/strong>Meie inimestele m\u00f5eldud koeravoodi on ainulaadse pingutusn\u00f6\u00f6riga disainiga, mis pakub teile ja teie karvasele s\u00f5brale v\u00f5rratut turva- ja mugavustunnet. Pugege teineteisele kaissu ja kogege sooja ja hubast embust \u2013 just nagu ema s\u00fcles puhkamine.<\/li>\n<li><strong>Mugav ja kergesti puhastatav<\/strong>See koeravoodi on valmistatud pehmest sametkangast ja lemmikloomade karvu on lihtne puhastada. Kvaliteetne pol\u00fcesterkiust t\u00e4idis pakub teie lemmikloomale just parajalt tuge puhkamiseks ja energia taastamiseks. Olenemata sellest, kas nad uinaku teevad v\u00f5i otsivad hubast kohta kaisutamiseks, on see kott-voodi ideaalne teile ja teie lemmikloomale.<\/li>\n<li><strong>Mugav hoiustada<\/strong>Meie tohutu lemmikloomavoodi on t\u00e4nu eemaldatavale funktsioonile loodud \u00fclima mugavuse tagamiseks. P\u00f5himadratsit ja pingutusn\u00f6\u00f6riga piirdeaeda saab kvaliteetsete t\u00f5mblukkudega h\u00f5lpsalt \u00fchendada, mis v\u00f5imaldab kiiret ja lihtsat kokkupanekut. Kui seda ei kasutata, eraldage lihtsalt kaks osa ja rullige voodi kompaktseks hoiustamiseks kokku. Pange t\u00e4hele, et pildil olev tekk ei kuulu komplekti.<\/li>\n<li><strong>Ideaalne ajutine madrats<\/strong>Meie inimestele m\u00f5eldud koeravoodi pole mitte ainult hubane puhkekoht teie karvasele s\u00f5brale, vaid see on ka ideaalne asendus traditsioonilistele t\u00e4ispuhutavatele \u00f5hkmadratsitele. Erinevalt kohmakatest \u00f5hkmadratsitest pakub see lemmikloomavoodi pehmet ja mugavat t\u00e4idist, mis tagab teie lemmikloomale vajaliku puhkuse. See sobib suurep\u00e4raselt telkimiseks, reisimiseks v\u00f5i lihtsalt ajutiseks lahenduseks lemmiklooma mugavuse tagamiseks.<\/li>\n<\/ul>","protected":false},"featured_media":4372,"comment_status":"open","ping_status":"closed","template":"","meta":[],"product_brand":[],"product_cat":[228],"product_tag":[],"class_list":{"0":"post-4391","1":"product","2":"type-product","3":"status-publish","4":"has-post-thumbnail","6":"product_cat-cushions","8":"first","9":"outofstock","10":"shipping-taxable","11":"purchasable","12":"product-type-simple"},"_links":{"self":[{"href":"https:\/\/www.largepillow.com\/et\/wp-json\/wp\/v2\/product\/4391","targetHints":{"allow":["GET"]}}],"collection":[{"href":"https:\/\/www.largepillow.com\/et\/wp-json\/wp\/v2\/product"}],"about":[{"href":"https:\/\/www.largepillow.com\/et\/wp-json\/wp\/v2\/types\/product"}],"replies":[{"embeddable":true,"href":"https:\/\/www.largepillow.com\/et\/wp-json\/wp\/v2\/comments?post=4391"}],"wp:featuredmedia":[{"embeddable":true,"href":"https:\/\/www.largepillow.com\/et\/wp-json\/wp\/v2\/media\/4372"}],"wp:attachment":[{"href":"https:\/\/www.largepillow.com\/et\/wp-json\/wp\/v2\/media?parent=4391"}],"wp:term":[{"taxonomy":"product_brand","embeddable":true,"href":"https:\/\/www.largepillow.com\/et\/wp-json\/wp\/v2\/product_brand?post=4391"},{"taxonomy":"product_cat","embeddable":true,"href":"https:\/\/www.largepillow.com\/et\/wp-json\/wp\/v2\/product_cat?post=4391"},{"taxonomy":"product_tag","embeddable":true,"href":"https:\/\/www.largepillow.com\/et\/wp-json\/wp\/v2\/product_tag?post=4391"}],"curies":[{"name":"t\u00f6\u00f6leht","href":"https:\/\/api.w.org\/{rel}","templated":true}]}}