{"id":4585,"date":"2024-10-25T04:02:31","date_gmt":"2024-10-25T04:02:31","guid":{"rendered":"https:\/\/www.largepillow.com\/product\/ergonomic-u-shaped-reading-support-pillow-with-armrests"},"modified":"2025-12-03T14:22:08","modified_gmt":"2025-12-03T14:22:08","slug":"ergonoomiline-u-kujuline-lugemistugipadi-kaetugedega","status":"publish","type":"product","link":"https:\/\/www.largepillow.com\/et\/product\/ergonomic-u-shaped-reading-support-pillow-with-armrests","title":{"rendered":"Ergonoomiline U-kujuline m\u00e4ngu- ja lugemistugipadi k\u00e4etugedega"},"content":{"rendered":"[zc_getpagecontent mb=&#8221;mb_aplus&#8221; apid=&#8221;84&#8243;]\n","protected":false},"excerpt":{"rendered":"<ul>\n<li><strong>Kaasaskantav k\u00e4etoe padi:<\/strong>\u00a0Meie k\u00e4etoepadi m\u00f5\u00f5tmed on 2,8 \u00d7 2,5 \u00d7 0,6 tolli (6,2 \u00d7 6,3 \u00d7 1,8 cm) pikk, lai ja k\u00f5rge ning t\u00e4nu kaasaskantavale k\u00e4epidemele saate k\u00e4etoepatja h\u00f5lpsalt teise tuppa viia v\u00f5i p\u00f5randale j\u00e4tta. Meie k\u00e4etoepadjal on k\u00fclgedel taskud, kuhu on mugav panna telefon, puld, m\u00e4rkmik, raamat, ajakiri jne.<\/li>\n<li><strong>Mugavuse tagamiseks m\u00f5eldud lugemispadi:<\/strong> Laiad ja pehmed k\u00e4etoed toimivad ka s\u00fclearvuti lugemispadjana, mis kohandub teie keha kontuuridega, pakkudes mugavust ja tuge teie k\u00e4tele ja k\u00fc\u00fcnarnukkidele. See on suurem ja mugavam, k\u00e4etoega k\u00e4te l\u00f5dvestamiseks ja tasase lauaga arvutiga t\u00f6\u00f6tamiseks. See leevendab t\u00f5husalt k\u00e4te ja kaela v\u00e4simust, mis on p\u00f5hjustatud pikaajalisest t\u00f6\u00f6tamisest, m\u00e4ngude m\u00e4ngimisest, lugemisest v\u00f5i teleri vaatamisest.<\/li>\n<li><strong>Keha toetav padi:<\/strong> See on enamat kui lihtsalt lugemispadi, seda saab kasutada ka l\u00f5\u00f5gastava unepadjana. Ergonoomiline U-kujuline disain ja kaldenurk kehatoe padjale hoiavad teie selgroo neutraalsena, pakkudes piisavalt tuge peale ja kaelale. Reguleerides ja korrigeerides t\u00f5husalt teie k\u00fcljel magamise asendit, aitab meie U-kujuline padi leevendada peavalu, kaelapinget ja \u00f5lavalu, nii et saate mugavalt magada m\u00f5lemal k\u00fcljel.<\/li>\n<li><strong>Kvaliteetsed materjalid:<\/strong> Meie m\u00e4ngupadi on valmistatud ainulaadsest pehmest sametkangast, k\u00fclgedel on hingav ja kohev v\u00f5rkkangas ning t\u00e4idetud PP-puuvillaga, mis pakub pikaajalist tuge ja vetrub pigistades kenasti tagasi. Eriti suur k\u00e4etugedega lugemispadi pakub k\u00e4tele piisavalt tuge, leevendades survet \u00f5lgadele, kaelale ja jalgadele. U-kujuline s\u00fcvend kohandub teie kehaga, korrigeerides teie r\u00fchti.<\/li>\n<li><strong>Ergonoomilised disainid:<\/strong> M\u00e4ngudeks m\u00f5eldud lugemispadja k\u00fclg on kiigel-kaarjas ning tugipadja esi- ja tagaosa k\u00f5rgust saab reguleerida vastavalt erinevatele istumisasenditele. Ergonoomiline disain hoiab teie silmad telefonist ja s\u00fclearvutist m\u00f5istlikul kaugusel, kaitstes teie n\u00e4gemist. See on hea teie selgroole, suurendades \u00fcldist mugavust ja pakkudes l\u00f5\u00f5gastavat kogemust.<\/li>\n<\/ul>","protected":false},"featured_media":4577,"comment_status":"open","ping_status":"closed","template":"","meta":[],"product_brand":[],"product_cat":[228],"product_tag":[],"class_list":{"0":"post-4585","1":"product","2":"type-product","3":"status-publish","4":"has-post-thumbnail","6":"product_cat-cushions","8":"first","9":"outofstock","10":"shipping-taxable","11":"purchasable","12":"product-type-simple"},"_links":{"self":[{"href":"https:\/\/www.largepillow.com\/et\/wp-json\/wp\/v2\/product\/4585","targetHints":{"allow":["GET"]}}],"collection":[{"href":"https:\/\/www.largepillow.com\/et\/wp-json\/wp\/v2\/product"}],"about":[{"href":"https:\/\/www.largepillow.com\/et\/wp-json\/wp\/v2\/types\/product"}],"replies":[{"embeddable":true,"href":"https:\/\/www.largepillow.com\/et\/wp-json\/wp\/v2\/comments?post=4585"}],"wp:featuredmedia":[{"embeddable":true,"href":"https:\/\/www.largepillow.com\/et\/wp-json\/wp\/v2\/media\/4577"}],"wp:attachment":[{"href":"https:\/\/www.largepillow.com\/et\/wp-json\/wp\/v2\/media?parent=4585"}],"wp:term":[{"taxonomy":"product_brand","embeddable":true,"href":"https:\/\/www.largepillow.com\/et\/wp-json\/wp\/v2\/product_brand?post=4585"},{"taxonomy":"product_cat","embeddable":true,"href":"https:\/\/www.largepillow.com\/et\/wp-json\/wp\/v2\/product_cat?post=4585"},{"taxonomy":"product_tag","embeddable":true,"href":"https:\/\/www.largepillow.com\/et\/wp-json\/wp\/v2\/product_tag?post=4585"}],"curies":[{"name":"wp","href":"https:\/\/api.w.org\/{rel}","templated":true}]}}