{"id":459,"date":"2022-09-16T02:19:51","date_gmt":"2022-09-16T02:19:51","guid":{"rendered":"https:\/\/www.largepillow.com\/product\/large-bolster-cushion"},"modified":"2025-11-05T02:15:31","modified_gmt":"2025-11-05T02:15:31","slug":"voodipadi","status":"publish","type":"product","link":"https:\/\/www.largepillow.com\/et\/product\/bed-bolster","title":{"rendered":"Voodipolster"},"content":{"rendered":"<p>Avastage \u00fclim mugavus voodipadjaga: teie ideaalne mitmeotstarbeline padi<\/p>\n<p>T\u00e4nap\u00e4eva kiire tempoga maailmas pole l\u00f5\u00f5gastumine ja mugavus kodus kunagi olulisem olnud. Olenemata sellest, kas oled raamatukoi, hilis\u00f5htul t\u00f6\u00f6tav \u00f6\u00f6kull v\u00f5i keegi, kellele meeldib voodis oma lemmiksarja vaadata, on voodipehmendaja siin, et muuta teie kogemust. See peatsipadi oma uuendusliku disaini ja multifunktsionaalse kasutusega tagab, et mugavus ei j\u00e4\u00e4 kunagi j\u00e4releandmistele. Sukeldume sellesse, mis teeb voodipehmendajast igas moodsas kodus h\u00e4davajaliku asja.<\/p>\n<p>\u00dclim mugavus kolmnurkse disainiga<\/p>\n<p>Teie \u00fclimat mugavust silmas pidades loodud voodipehmenduspadi ei ole lihtsalt tavaline padi. Selle ainulaadne kolmnurkne kuju on spetsiaalselt loodud sobima ideaalselt teie selja ja v\u00f6\u00f6kohaga, pakkudes enneolematut tuge ning v\u00e4hendades t\u00f5husalt nimme- ja seljapinget. See eriti suur pehmenduspadi on kohandatud kahele inimesele, muutes selle ainsaks kiilukujuliseks peatsipadjaks, mida vajate pingevabaks l\u00f5\u00f5gastusajaks voodis v\u00f5i diivanil.<\/p>\n<p>Mitmek\u00fclgsus parimal kujul: 3-\u00fches suur polsterpadi<\/p>\n<p>Voodipolster annab mitmek\u00fclgsuse uue t\u00e4henduse. Kasutage seda p\u00fcstises asendis seljatoe peatsipatjana voodis istudes, asetage see pikali suure kiilpadjana selili v\u00f5i k\u00fcljel magamiseks v\u00f5i isegi jalapadjana jalgade t\u00f5stmiseks vereringe parandamiseks. See on ideaalne valik paaridele, kes otsivad suurt peatsipatja, mis pakub tuge ja mugavust m\u00f5lemale inimesele samaaegselt.<\/p>\n<p>Multifunktsionaalne disain igale vajadusele<\/p>\n<p>Lisaks peatsipadjana toimimisele toimib voodipehmendus ka p\u00f5rkerauapadjana ja stiilse diivani- v\u00f5i p\u00e4evavoodi seljatoepadjana. Selle multifunktsionaalne disain tagab, et see sobib sujuvalt igasse magamistuppa v\u00f5i elutuppa, lisades nii funktsionaalsust kui ka stiili.<\/p>\n<p>Meisterlikkus, mis r\u00e4\u00e4gib enda eest<\/p>\n<p>Voodipolster uhkustab oma 100% pol\u00fcester sametist padjap\u00fc\u00fcriga, mis on valmistatud \u00fclimalt h\u00e4sti \u2013 pehme, elegantne ja meeldiv puudutada. T\u00e4idetud suure tihedusega ja kvaliteetsete pol\u00fcesterkiududega, tagab see vastupidavuse ja mugavuse ilma longus olemiseta isegi pikaajalise kasutamise korral. Lisaks pakuvad mugavad k\u00fcljetaskud k\u00e4ep\u00e4rast kohta raamatu v\u00f5i telefoni hoidmiseks, hoides olulised asjad k\u00e4eulatuses.<\/p>\n<p>Probleemivaba hooldus<\/p>\n<p>Voodikatte puhtana hoidmine on imelihtne. Lihtsa lukuga lugemispadja kate on vaevata eemaldatav ja masinpestav, tagades, et teie padi p\u00fcsib alati v\u00e4rske ja kutsuvana.<\/p>\n<p>Kohandatud teie ruumile<\/p>\n<p>Voodipolster, mille pikkus on vahemikus 45 cm kuni 200 cm ja millel on kuni 7 nuppu h\u00f5lpsaks reguleerimiseks ja toestamiseks, sobib ideaalselt igasse ruumi. Valige oma vajadustele k\u00f5ige paremini vastav suurus ja nautige personaalset mugavustunnet ja tuge.<\/p>\n<p>Mida kliendid r\u00e4\u00e4givad<\/p>\n<p>Kauba kommentaaridest on selge, et kliendid on oma ostuga v\u00e4ga rahul. Paljud toovad esile \u201ekolmnurkse tugipadja\u201c selle erakordse mugavuse ja toe eest, teised aga kiidavad \u201esametit\u201c selle pehmuse ja luksusliku tunde eest. V\u00e4rv \u201ekohvikarva\u201c n\u00e4ib olevat ostjate lemmik, lisades igale ruumile elegantsi.<\/p>\n<p>Kokkuv\u00f5te<\/p>\n<p>Voodipolster on enamat kui lihtsalt padi; see muudab m\u00e4ngu, kui tegemist on teie kodus l\u00f5\u00f5gastumise ja mugavuse parandamisega. Selle multifunktsionaalne disain, erakordne meisterlikkus ja lihtne hooldus muudavad selle silmapaistvaks tooteks. Olgu selleks lugemine, t\u00f6\u00f6tamine v\u00f5i lihtsalt l\u00f5\u00f5gastumine p\u00e4rast pikka p\u00e4eva, voodipolster t\u00f5otab olla teie ideaalne kaaslane. \u00c4rge uskuge ainult meie s\u00f5nu; proovige seda ja kogege ise \u00fclimat mugavust!<\/p>","protected":false},"excerpt":{"rendered":"<ul>\n<li><strong>\u00dclim mugavus:<\/strong> See peatsipadi pakub t\u00e4nu oma kolmnurksele disainile suurep\u00e4rast mugavust. Voodi tugipadi sobib h\u00e4sti seljale ja v\u00f6\u00f6kohale, minimeerides nimmepiirkonna\/selja survet. See kiilukujuliselt lugemispadi aitab teil voodis v\u00f5i diivanil pingevabalt p\u00fcsida, mis sobib ideaalselt \u00f6\u00f6kullidega t\u00f6\u00f6tamiseks, raamatukoideks olemiseks ja voodis teleka vaatamiseks. See eriti suur pehmenduspadi on ainus kiilukujuliselt kujundatud peatsipadi, mis mahutab kahte inimest.<\/li>\n<li><strong>3 \u00fches suur pehmenduspadi:<\/strong> Patja saab p\u00fcstiselt kasutada seljatoe ja peatsi toetava padjana voodis istudes v\u00f5i asetada voodile, et kasutada seda suure kiilpadjana selili v\u00f5i k\u00fcljel magades v\u00f5i jalapadjana jalgade t\u00f5stmiseks. Kui soovite suurt peatsipatja, mis pakub tuge nii teile kui ka teie abikaasale, on see suurep\u00e4rane alternatiiv.<\/li>\n<li><strong>Multifunktsionaalne disain:<\/strong> M\u00f5ned inimesed kasutavad kolmnurkset suurt patja peatsipadjana, teised aga p\u00f5rkerauapadjana, seda saab kasutada ka diivani v\u00f5i p\u00e4evavoodi seljatoepadjana. See on nii stiilne kui ka funktsionaalne, muutes selle suurep\u00e4raseks t\u00e4ienduseks igale magamistuppa.<\/li>\n<li><strong>Suurep\u00e4rane k\u00e4sit\u00f6\u00f6:<\/strong> Meie padjap\u00fc\u00fcr on valmistatud 100% pol\u00fcestersametist, mis on pehme, elegantne ja mugav puudutada. Polster on valmistatud suure tihedusega ja kvaliteetsetest pol\u00fcesterkiududest, mis hoiavad \u00e4ra longusoleku isegi kuude pikkuse kasutamise j\u00e4rel. Lisaks on sellel k\u00fcljetaskud raamatu v\u00f5i telefoni hoidmiseks.<\/li>\n<li><strong>Lihtne puhastada:<\/strong> Lugemispadja kate on padja k\u00fclge kinnitatud n\u00f6\u00f6pidega ja seda on lihtne lukuga eemaldada. See muudab selle puhastamise probleemivabaks. Eemaldage lihtsalt kate ja peske see kiiresti masinas, et teie padi n\u00e4eks v\u00e4lja nagu uus.<\/li>\n<li><strong>Suurus:<\/strong> 45cm (P45 x L20 x K50 | 0 n\u00f6\u00f6pi), 60cm (P60 x L20 x K50 | 0 n\u00f6\u00f6pi), 80cm (P80 x L20 x K50 | 2 n\u00f6\u00f6pi), 100cm (P100 x L20 x K50 | 3 n\u00f6\u00f6pi), 120cm (P120 x L20 x K50 | 4 n\u00f6\u00f6pi), 140cm (P140 x L20 x K50 | 4 n\u00f6\u00f6pi), 160cm (P160 x L20 x K50 | 5 n\u00f6\u00f6pi), 180cm (P180 x L20 x K50 | 6 n\u00f6\u00f6pi), 200cm (P200 x L20 x K50 | 7 n\u00f6\u00f6pi).<\/li>\n<\/ul>","protected":false},"featured_media":442,"comment_status":"open","ping_status":"closed","template":"","meta":[],"product_brand":[],"product_cat":[15],"product_tag":[66,210,206,102,75,168,132,163,143,59,120,65],"class_list":{"0":"post-459","1":"product","2":"type-product","3":"status-publish","4":"has-post-thumbnail","6":"product_cat-large-wedge-pillow","7":"product_tag-back-support-pillow","8":"product_tag-bed-bolster","9":"product_tag-bumper-pillow","10":"product_tag-couch-pillow","11":"product_tag-daybed-pillow","12":"product_tag-headboard-pillow","13":"product_tag-large-bolster-pillow","14":"product_tag-leg-pillow","15":"product_tag-multifunctional-pillow","16":"product_tag-reading-pillow","17":"product_tag-velvet-pillow","18":"product_tag-wedge-pillow","20":"first","21":"instock","22":"shipping-taxable","23":"purchasable","24":"product-type-variable"},"_links":{"self":[{"href":"https:\/\/www.largepillow.com\/et\/wp-json\/wp\/v2\/product\/459","targetHints":{"allow":["GET"]}}],"collection":[{"href":"https:\/\/www.largepillow.com\/et\/wp-json\/wp\/v2\/product"}],"about":[{"href":"https:\/\/www.largepillow.com\/et\/wp-json\/wp\/v2\/types\/product"}],"replies":[{"embeddable":true,"href":"https:\/\/www.largepillow.com\/et\/wp-json\/wp\/v2\/comments?post=459"}],"wp:featuredmedia":[{"embeddable":true,"href":"https:\/\/www.largepillow.com\/et\/wp-json\/wp\/v2\/media\/442"}],"wp:attachment":[{"href":"https:\/\/www.largepillow.com\/et\/wp-json\/wp\/v2\/media?parent=459"}],"wp:term":[{"taxonomy":"product_brand","embeddable":true,"href":"https:\/\/www.largepillow.com\/et\/wp-json\/wp\/v2\/product_brand?post=459"},{"taxonomy":"product_cat","embeddable":true,"href":"https:\/\/www.largepillow.com\/et\/wp-json\/wp\/v2\/product_cat?post=459"},{"taxonomy":"product_tag","embeddable":true,"href":"https:\/\/www.largepillow.com\/et\/wp-json\/wp\/v2\/product_tag?post=459"}],"curies":[{"name":"wp","href":"https:\/\/api.w.org\/{rel}","templated":true}]}}