{"id":4881,"date":"2024-11-21T04:01:01","date_gmt":"2024-11-21T04:01:01","guid":{"rendered":"https:\/\/www.largepillow.com\/product\/versatile-fold-out-couch-chair-bed-for-home-outdoor"},"modified":"2024-12-13T02:58:30","modified_gmt":"2024-12-13T02:58:30","slug":"mitmekulgne-kokkupandav-diivanvoodi-kodu-ja-oue-jaoks","status":"publish","type":"product","link":"https:\/\/www.largepillow.com\/et\/product\/versatile-fold-out-couch-chair-bed-for-home-outdoor\/","title":{"rendered":"Mitmek\u00fclgne lahtik\u00e4iv diivan ja tugitool koju\/\u00f5ue"},"content":{"rendered":"[zc_getpagecontent mb=&#8221;mb_aplus&#8221; apid=&#8221;107&#8243;]\n","protected":false},"excerpt":{"rendered":"<ul>\n<li>Kvaliteetsed materjalid: Meie kokkupandav diivanvoodi on valmistatud Oxfordi kangast, mis on vastupidav, veekindel ja kergesti puhastatav. Pol\u00fcestert\u00e4idis annab teile s\u00fcgava vajumise tunde, pakkudes suurep\u00e4rast seljatuge pikaajalisel istumisel v\u00f5i lamamisel, tagades mugava ja l\u00f5\u00f5gastava kogemuse.<\/li>\n<li>Mitmek\u00fclgne ja ruumis\u00e4\u00e4stlik disain: Meie kokkupandav diivan muundub vaevata p\u00f5randadiivaniks, tugitooliks ja diivanvoodiks, rahuldades teie mitmekesiseid vajadusi. Kerge ja kokkupandav tugitoolvoodi v\u00f5imaldab h\u00f5lpsat liigutamist, kokkupanemist, hoiustamist ja kaasaskandmist. See on ideaalne valik v\u00e4ikestesse korteritesse, \u00fchiselamutesse v\u00f5i muudesse piiratud ruumiga eluruumidesse. Diivani ja madratsi funktsionaalsuse \u00fchendamisega \u00fches t\u00fckis saate oma ruumi maksimeerida, ilma et peaksite mugavust ohverdama.<\/li>\n<li>Reguleeritav ja turvaline seljatugi: Reguleeritav seljatugi v\u00f5imaldab seda h\u00f5lpsalt vastavalt teie eelistustele reguleerida. See v\u00f5imaldab teil \u00fclaselja ja pea toetamiseks ette- v\u00f5i tahapoole liikuda, pakkudes mugavat tuge nii lamades puhkamiseks kui ka istudes lugemiseks. See soodustab tervislikku r\u00fchti ja v\u00e4hendab ebamugavustunnet.<\/li>\n<li>Kvaliteetsed materjalid ja lihtne paigaldus: Diivanvoodi v\u00e4liskate on valmistatud Oxford-kangast, mis tagab pikaajalise mugavuse. Lukuga kate on kergesti eemaldatav ja pestav, lihtsustades hooldust ja korrashoidu.<\/li>\n<li>Vaakumpakend: T\u00f5husa transpordi tagamiseks on meie p\u00f5randadiivan vaakumpakendatud ja v\u00f5ib avamisel kergelt deformeeruda. Diivani kiireks kuju taastamiseks v\u00f5ite proovida seda patsutada. V\u00f5ite kindlad olla, et 48\u201372 tunni jooksul p\u00e4rast karbist lahtiv\u00f5tmist taastab diivanvoodi oma algse kuju ja pakub parimat kasutuskogemust.<\/li>\n<\/ul>","protected":false},"featured_media":4866,"comment_status":"open","ping_status":"closed","template":"","meta":[],"product_brand":[],"product_cat":[228],"product_tag":[],"class_list":{"0":"post-4881","1":"product","2":"type-product","3":"status-publish","4":"has-post-thumbnail","6":"product_cat-cushions","8":"first","9":"outofstock","10":"shipping-taxable","11":"purchasable","12":"product-type-simple"},"_links":{"self":[{"href":"https:\/\/www.largepillow.com\/et\/wp-json\/wp\/v2\/product\/4881","targetHints":{"allow":["GET"]}}],"collection":[{"href":"https:\/\/www.largepillow.com\/et\/wp-json\/wp\/v2\/product"}],"about":[{"href":"https:\/\/www.largepillow.com\/et\/wp-json\/wp\/v2\/types\/product"}],"replies":[{"embeddable":true,"href":"https:\/\/www.largepillow.com\/et\/wp-json\/wp\/v2\/comments?post=4881"}],"wp:featuredmedia":[{"embeddable":true,"href":"https:\/\/www.largepillow.com\/et\/wp-json\/wp\/v2\/media\/4866"}],"wp:attachment":[{"href":"https:\/\/www.largepillow.com\/et\/wp-json\/wp\/v2\/media?parent=4881"}],"wp:term":[{"taxonomy":"product_brand","embeddable":true,"href":"https:\/\/www.largepillow.com\/et\/wp-json\/wp\/v2\/product_brand?post=4881"},{"taxonomy":"product_cat","embeddable":true,"href":"https:\/\/www.largepillow.com\/et\/wp-json\/wp\/v2\/product_cat?post=4881"},{"taxonomy":"product_tag","embeddable":true,"href":"https:\/\/www.largepillow.com\/et\/wp-json\/wp\/v2\/product_tag?post=4881"}],"curies":[{"name":"t\u00f6\u00f6leht","href":"https:\/\/api.w.org\/{rel}","templated":true}]}}