{"id":5214,"date":"2024-12-12T11:21:21","date_gmt":"2024-12-12T11:21:21","guid":{"rendered":"https:\/\/www.largepillow.com\/product\/full-body-u-shape-pillow-for-side-sleepers-reading"},"modified":"2026-04-05T13:48:41","modified_gmt":"2026-04-05T13:48:41","slug":"u-kujuline-taiskeha-padi-kuljel-magajatele-lugemiseks","status":"publish","type":"product","link":"https:\/\/www.largepillow.com\/et\/product\/full-body-u-shape-pillow-for-side-sleepers-reading","title":{"rendered":"U-kujuline t\u00e4iskeha katva padjaga k\u00fclgmagajatele ja lugemisele"},"content":{"rendered":"[zc_getpagecontent mb=&#8221;mb_aplus&#8221; apid=&#8221;108&#8243;]\n","protected":false},"excerpt":{"rendered":"<ul>\n<li>Kogu keha toetav padi: Ergonoomiliste p\u00f5him\u00f5tete j\u00e4rgi loodud padi kohandub ideaalselt keha k\u00f5verustega, leevendades t\u00f5husalt kaelale, seljale ja alaseljale avalduvat survet. Selle ainulaadne kuju pakub tuge pealaest jalgadeni, tagades kogu keha l\u00f5dvestuse ja aidates leevendada v\u00e4simust.<\/li>\n<li>Mitmeotstarbeline mugavus: See ei ole mitte ainult k\u00fcljel magamiseks m\u00f5eldud padi, vaid ka seljatoe, mis sobib voodis istumiseks lugemise, teleka vaatamise v\u00f5i l\u00f5\u00f5gastumise ajal, rahuldades erinevaid mugavusvajadusi. Olenemata sellest, kas magate k\u00fcljel, selili v\u00f5i eelistate poollamavat asendit, pakub see ideaalset tuge.<\/li>\n<li>Kahepoolne kangadisain: Valmistatud kahekihilisest kangast, mis koosneb jahutavast siidist ja pehmest sametist. Siidist k\u00fclg on sile ja hingav, pakkudes suurep\u00e4rast kombatavust, samas kui sametist k\u00fclg on pehme ja mugav puudutusega, pakkudes sooja tunnet. Peatoe osas on kasutatud siidkangast, et suurendada mugavust ja luua hubane magamiskeskkond.<\/li>\n<li>Sobib erinevatele gruppidele: Rasedatele pakub see padi lisatuge k\u00f5hule ja seljale, leevendades ebamugavustunnet raseduse ajal. Eakad inimesed ja selja- v\u00f5i alaseljavalude k\u00e4es vaevlevad inimesed v\u00f5ivad samuti sellest padjast kasu saada, pakkudes mugavat tuge kehavalude ja -surve leevendamiseks.<\/li>\n<li>Materjal ja t\u00e4idis: T\u00e4idetud pehme ja mugava PP-puuvillaga, mis tagab padja pehmuse ja toe. Varustatud lukuga, mis h\u00f5lbustab lahtiv\u00f5tmist ja puhastamist.<\/li>\n<\/ul>","protected":false},"featured_media":5202,"comment_status":"open","ping_status":"closed","template":"","meta":[],"product_brand":[],"product_cat":[228],"product_tag":[],"class_list":{"0":"post-5214","1":"product","2":"type-product","3":"status-publish","4":"has-post-thumbnail","6":"product_cat-cushions","8":"first","9":"instock","10":"sold-individually","11":"shipping-taxable","12":"purchasable","13":"product-type-simple"},"_links":{"self":[{"href":"https:\/\/www.largepillow.com\/et\/wp-json\/wp\/v2\/product\/5214","targetHints":{"allow":["GET"]}}],"collection":[{"href":"https:\/\/www.largepillow.com\/et\/wp-json\/wp\/v2\/product"}],"about":[{"href":"https:\/\/www.largepillow.com\/et\/wp-json\/wp\/v2\/types\/product"}],"replies":[{"embeddable":true,"href":"https:\/\/www.largepillow.com\/et\/wp-json\/wp\/v2\/comments?post=5214"}],"wp:featuredmedia":[{"embeddable":true,"href":"https:\/\/www.largepillow.com\/et\/wp-json\/wp\/v2\/media\/5202"}],"wp:attachment":[{"href":"https:\/\/www.largepillow.com\/et\/wp-json\/wp\/v2\/media?parent=5214"}],"wp:term":[{"taxonomy":"product_brand","embeddable":true,"href":"https:\/\/www.largepillow.com\/et\/wp-json\/wp\/v2\/product_brand?post=5214"},{"taxonomy":"product_cat","embeddable":true,"href":"https:\/\/www.largepillow.com\/et\/wp-json\/wp\/v2\/product_cat?post=5214"},{"taxonomy":"product_tag","embeddable":true,"href":"https:\/\/www.largepillow.com\/et\/wp-json\/wp\/v2\/product_tag?post=5214"}],"curies":[{"name":"wp","href":"https:\/\/api.w.org\/{rel}","templated":true}]}}