{"id":5227,"date":"2024-12-12T11:42:44","date_gmt":"2024-12-12T11:42:44","guid":{"rendered":"https:\/\/www.largepillow.com\/product\/comfort-u-shape-pillow-for-full-body-support"},"modified":"2026-01-28T20:24:19","modified_gmt":"2026-01-28T20:24:19","slug":"mugav-u-kujuline-padi-kogu-keha-toestamiseks","status":"publish","type":"product","link":"https:\/\/www.largepillow.com\/et\/product\/comfort-u-shape-pillow-for-full-body-support","title":{"rendered":"Mugav U-kujuline padi kogu keha toetamiseks"},"content":{"rendered":"[zc_getpagecontent mb=&#8221;mb_aplus&#8221; apid=&#8221;108&#8243;]\n","protected":false},"excerpt":{"rendered":"<ul>\n<li>Innovatiivne disain: Meie t\u00e4iskasvanutele m\u00f5eldud k\u00fcljel magamiseks m\u00f5eldud padjadel on ainulaadne kahematerjaliline konstruktsioon \u2013 esik\u00fcljel soe l\u00fchike pl\u00fc\u00fcsist kate ja tagak\u00fcljel jahe j\u00e4ine siid. See disain tagab mugavuse aastaringselt, m\u00e4ssides teid \u00f5rna kallistuslaadsesse embusse. Ideaalne nii meestele kui naistele, n\u00e4o l\u00e4hedal olev siidkangas v\u00e4hendab h\u00f5\u00f5rdumist, hoiab jaheduse tunde ja parandab unekogemust.<\/li>\n<li>Kohandatud tugi: U-kujulise kehapadja murdepunktiga v\u00f6\u00f6koht pakub suurep\u00e4rast tuge nii k\u00fcljel magamisel kui ka pikali lamades, pakkudes kaitset teie v\u00f6\u00f6kohale, k\u00f5hule ja seljale. Lisaks suurendab jalapikenduste disain jalgade mugavust, samas kui k\u00fcljel magamiseks m\u00f5eldud padi kohandub jalgade loomuliku kumerusega, pakkudes optimaalset tuge.<\/li>\n<li>\u00dclim mugavus: Kogege k\u00f5ige mugavamat magamisasendit meie k\u00fclili magamiseks m\u00f5eldud kehapadjaga. See pakub igak\u00fclgset tuge teie peale, seljale, jalgadele ja k\u00f5hule, leevendades survet peale, kaelale, \u00f5lgadele, k\u00e4tele, selgroole ja p\u00f5lvedele, soodustades rahulikku und.<\/li>\n<li>Mitmek\u00fclgne kasutus: Lisaks suurep\u00e4rasele uneabivahendile on see k\u00fcljele asetatav padi mitmek\u00fclgne. Seda saab kasutada hubase koha loomiseks voodil, diivanil, diivanil v\u00f5i p\u00f5randal, pakkudes lisatuge selliste tegevuste jaoks nagu teleri vaatamine v\u00f5i l\u00f5\u00f5gastumine. Ideaalne \u00f5endusabi jaoks, kontorit\u00f6\u00f6tajatele lugemispadjana v\u00f5i vajadusel operatsioonij\u00e4rgseks toeks.<\/li>\n<li>Lihtne hooldus: Pehme ja reguleeritava pol\u00fcesterkiuga t\u00e4idetud U-kujuline kehapadi tagab rahuliku ja mugava \u00f6\u00f6une. Nii sisemisel kui ka v\u00e4limisel padjap\u00fc\u00fcril on lukud, mis h\u00f5lbustavad eemaldamist ja puhastamist. Viska t\u00e4iskasvanute kehapadjap\u00fc\u00fcri kate lihtsalt tavalisse pesumasinasse ja kuivatisse, et seda vaevata hooldada. Nautige pikaajalist puhtust ja mugavust.<\/li>\n<\/ul>","protected":false},"featured_media":5215,"comment_status":"open","ping_status":"closed","template":"","meta":[],"product_brand":[],"product_cat":[228],"product_tag":[],"class_list":{"0":"post-5227","1":"product","2":"type-product","3":"status-publish","4":"has-post-thumbnail","6":"product_cat-cushions","8":"first","9":"instock","10":"sold-individually","11":"shipping-taxable","12":"purchasable","13":"product-type-simple"},"_links":{"self":[{"href":"https:\/\/www.largepillow.com\/et\/wp-json\/wp\/v2\/product\/5227","targetHints":{"allow":["GET"]}}],"collection":[{"href":"https:\/\/www.largepillow.com\/et\/wp-json\/wp\/v2\/product"}],"about":[{"href":"https:\/\/www.largepillow.com\/et\/wp-json\/wp\/v2\/types\/product"}],"replies":[{"embeddable":true,"href":"https:\/\/www.largepillow.com\/et\/wp-json\/wp\/v2\/comments?post=5227"}],"wp:featuredmedia":[{"embeddable":true,"href":"https:\/\/www.largepillow.com\/et\/wp-json\/wp\/v2\/media\/5215"}],"wp:attachment":[{"href":"https:\/\/www.largepillow.com\/et\/wp-json\/wp\/v2\/media?parent=5227"}],"wp:term":[{"taxonomy":"product_brand","embeddable":true,"href":"https:\/\/www.largepillow.com\/et\/wp-json\/wp\/v2\/product_brand?post=5227"},{"taxonomy":"product_cat","embeddable":true,"href":"https:\/\/www.largepillow.com\/et\/wp-json\/wp\/v2\/product_cat?post=5227"},{"taxonomy":"product_tag","embeddable":true,"href":"https:\/\/www.largepillow.com\/et\/wp-json\/wp\/v2\/product_tag?post=5227"}],"curies":[{"name":"wp","href":"https:\/\/api.w.org\/{rel}","templated":true}]}}