{"id":538,"date":"2022-09-16T02:24:42","date_gmt":"2022-09-16T02:24:42","guid":{"rendered":"https:\/\/www.largepillow.com\/product\/large-bolster-pillow"},"modified":"2025-11-05T02:15:31","modified_gmt":"2025-11-05T02:15:31","slug":"suur-kiilukujuline-padi","status":"publish","type":"product","link":"https:\/\/www.largepillow.com\/et\/product\/large-wedge-bolster-pillow","title":{"rendered":"Suur kiilukujuline padi"},"content":{"rendered":"<p>Nautige mugavust \u00fclima suure kiilukujulise polsterdusega padjaga<\/p>\n<p>Kas otsid peatsipatja, mis pakub erakordset mugavust ja tuge? Suur kiilukujuline polsterpadi on just see, mida otsid. See mitmek\u00fclgne padi pakub mitmeid eeliseid, mis muudavad sinu voodis v\u00f5i diivanil veedetud aja t\u00f5eliseks naudinguks.<\/p>\n<p>\u00dclim mugavus ja tugi<\/p>\n<p>Suure kiilukujulise polsterduspadja kolmnurkne disain kohandub ideaalselt teie selja ja v\u00f6\u00f6koha kontuuridega, minimeerides nimmepiirkonna ja selja survet. Olenemata sellest, kas loete raamatut, t\u00f6\u00f6tate hilja v\u00f5i vaatate telekat, hoiab see padi teid pingevabalt ja mugavalt. See on ka piisavalt suur, et mahutada kahte inimest, mist\u00f5ttu on see ideaalne valik paaridele.<\/p>\n<p>3-\u00fches mitmek\u00fclgsus<\/p>\n<p>Suur kiilpadjaga voodipeatsi padi ei ole lihtsalt peatsipadi. See on ka mitmek\u00fclgne aksessuaar, mida saab kasutada kiilpadjana magamiseks, jalapadjana k\u00f5rguse t\u00f5stmiseks v\u00f5i isegi peatoepadjana lisamugavuse tagamiseks. V\u00f5imalused on l\u00f5putud!<\/p>\n<p>Suurep\u00e4rane meisterlikkus ja disain<\/p>\n<p>Suur kiilukujuline polsterpadi on valmistatud detailidele p\u00f6\u00f6ratud hoolika t\u00e4helepanuga ning kvaliteetsetest materjalidest. Pehme ja elegantne sametkate on \u00f5rn puudutusele, samas kui suure tihedusega pol\u00fcesterkiust t\u00e4idis pakub erakordset tuge, mis aja jooksul ei vaju l\u00e4bi. Lisaks pakuvad k\u00fcljetaskud mugavat hoiustamist raamatu v\u00f5i telefoni jaoks.<\/p>\n<p>Lihtne hooldus<\/p>\n<p>Suure kiilukujulise polsterpadja hooldamine on imelihtne. Padjap\u00fc\u00fcr on n\u00f6\u00f6pidega eemaldatav ja sellel on peidetud t\u00f5mblukk h\u00f5lpsaks puhastamiseks. Eemaldage lihtsalt kate ja visake see pesumasinasse kiireks v\u00e4rskendamiseks.<\/p>\n<p>Klientide iseloomustused<\/p>\n<p>\u201cSee padi muudab t\u00e4ielikult m\u00e4ngu! Mul on alati olnud raskusi peatsipatja leidmisega, mis pakuks \u00f5iget tuge, aga see on ideaalne. See on nii mugav ja on t\u00f5esti aidanud mul r\u00fchti parandada.\u201d \u2013 Karen, rahulolev klient<\/p>\n<p>\u201cMulle meeldib selle padja mitmek\u00fclgsus. See on suurep\u00e4rane peatsipadi, aga ma kasutan seda ka kiilpadjana magades ja jalapadjana l\u00f5\u00f5gastudes. Kvaliteet on h\u00e4mmastav ja see on kuude pikkuse kasutamise j\u00e4rel h\u00e4sti vastu pidanud.\u201d \u2013 Sarah, veel \u00fcks rahul klient<\/p>\n<p>Kokkuv\u00f5te<\/p>\n<p>Suur kiilukujuline polsterpadi on ideaalne valik k\u00f5igile, kes otsivad mugavat, toetavat ja mitmek\u00fclgset patja. T\u00e4nu oma suurep\u00e4rasele meisterlikkusele, 3-\u00fches funktsionaalsusele ja lihtsale hooldusele on see investeering, mis pikendab teie l\u00f5\u00f5gastusaega. Tellige juba t\u00e4na ja kogege \u00fclimat mugavust ja tuge!<\/p>","protected":false},"excerpt":{"rendered":"<ul>\n<li><strong>\u00dclim mugavus:<\/strong> See peatsipadi pakub t\u00e4nu oma kolmnurksele disainile suurep\u00e4rast mugavust. Voodi tugipadi sobib h\u00e4sti seljale ja v\u00f6\u00f6kohale, minimeerides nimmepiirkonna\/selja survet. See kiilukujuliselt lugemispadi aitab teil voodis v\u00f5i diivanil pingevabalt p\u00fcsida, mis sobib ideaalselt \u00f6\u00f6kullidega t\u00f6\u00f6tamiseks, raamatukoideks olemiseks ja voodis teleka vaatamiseks. See eriti suur pehmenduspadi on ainus kiilukujuliselt kujundatud peatsipadi, mis mahutab kahte inimest.<\/li>\n<li><strong>3 \u00fches suur pehmenduspadi:<\/strong> Patja saab p\u00fcstiselt kasutada seljatoe ja peatsi toetava padjana voodis istudes v\u00f5i asetada voodile, et kasutada seda suure kiilpadjana selili v\u00f5i k\u00fcljel magades v\u00f5i jalapadjana jalgade t\u00f5stmiseks. Kui soovite suurt peatsipatja, mis pakub tuge nii teile kui ka teie abikaasale, on see suurep\u00e4rane alternatiiv.<\/li>\n<li><strong>Multifunktsionaalne disain:<\/strong> M\u00f5ned inimesed kasutavad kolmnurkset suurt patja peatsipadjana, teised aga p\u00f5rkerauapadjana, seda saab kasutada ka diivani v\u00f5i p\u00e4evavoodi seljatoepadjana. See on nii stiilne kui ka funktsionaalne, muutes selle suurep\u00e4raseks t\u00e4ienduseks igale magamistuppa.<\/li>\n<li><strong>Suurep\u00e4rane k\u00e4sit\u00f6\u00f6:<\/strong> Meie padjap\u00fc\u00fcr on valmistatud 100% pol\u00fcestersametist, mis on pehme, elegantne ja mugav puudutada. Polster on valmistatud suure tihedusega ja kvaliteetsetest pol\u00fcesterkiududest, mis hoiavad \u00e4ra longusoleku isegi kuude pikkuse kasutamise j\u00e4rel. Lisaks on sellel k\u00fcljetaskud raamatu v\u00f5i telefoni hoidmiseks.<\/li>\n<li><strong>Lihtne puhastada:<\/strong> Lugemispadja kate on padja k\u00fclge kinnitatud n\u00f6\u00f6pidega ja seda on lihtne lukuga eemaldada. See muudab selle puhastamise probleemivabaks. Eemaldage lihtsalt kate ja peske see kiiresti masinas, et teie padi n\u00e4eks v\u00e4lja nagu uus.<\/li>\n<li><strong>Suurus:<\/strong> 45cm (P45 x L20 x K50 | 0 n\u00f6\u00f6pi), 60cm (P60 x L20 x K50 | 0 n\u00f6\u00f6pi), 80cm (P80 x L20 x K50 | 2 n\u00f6\u00f6pi), 100cm (P100 x L20 x K50 | 3 n\u00f6\u00f6pi), 120cm (P120 x L20 x K50 | 4 n\u00f6\u00f6pi), 140cm (P140 x L20 x K50 | 4 n\u00f6\u00f6pi), 160cm (P160 x L20 x K50 | 5 n\u00f6\u00f6pi), 180cm (P180 x L20 x K50 | 6 n\u00f6\u00f6pi), 200cm (P200 x L20 x K50 | 7 n\u00f6\u00f6pi).<\/li>\n<\/ul>","protected":false},"featured_media":522,"comment_status":"open","ping_status":"closed","template":"","meta":[],"product_brand":[],"product_cat":[15],"product_tag":[66,70,102,75,168,202,163,112,143,59],"class_list":{"0":"post-538","1":"product","2":"type-product","3":"status-publish","4":"has-post-thumbnail","6":"product_cat-large-wedge-pillow","7":"product_tag-back-support-pillow","8":"product_tag-bed-wedge-pillow","9":"product_tag-couch-pillow","10":"product_tag-daybed-pillow","11":"product_tag-headboard-pillow","12":"product_tag-large-wedge-bolster-pillow","13":"product_tag-leg-pillow","14":"product_tag-lumbar-support-pillow","15":"product_tag-multifunctional-pillow","16":"product_tag-reading-pillow","18":"first","19":"instock","20":"featured","21":"shipping-taxable","22":"purchasable","23":"product-type-variable"},"_links":{"self":[{"href":"https:\/\/www.largepillow.com\/et\/wp-json\/wp\/v2\/product\/538","targetHints":{"allow":["GET"]}}],"collection":[{"href":"https:\/\/www.largepillow.com\/et\/wp-json\/wp\/v2\/product"}],"about":[{"href":"https:\/\/www.largepillow.com\/et\/wp-json\/wp\/v2\/types\/product"}],"replies":[{"embeddable":true,"href":"https:\/\/www.largepillow.com\/et\/wp-json\/wp\/v2\/comments?post=538"}],"wp:featuredmedia":[{"embeddable":true,"href":"https:\/\/www.largepillow.com\/et\/wp-json\/wp\/v2\/media\/522"}],"wp:attachment":[{"href":"https:\/\/www.largepillow.com\/et\/wp-json\/wp\/v2\/media?parent=538"}],"wp:term":[{"taxonomy":"product_brand","embeddable":true,"href":"https:\/\/www.largepillow.com\/et\/wp-json\/wp\/v2\/product_brand?post=538"},{"taxonomy":"product_cat","embeddable":true,"href":"https:\/\/www.largepillow.com\/et\/wp-json\/wp\/v2\/product_cat?post=538"},{"taxonomy":"product_tag","embeddable":true,"href":"https:\/\/www.largepillow.com\/et\/wp-json\/wp\/v2\/product_tag?post=538"}],"curies":[{"name":"wp","href":"https:\/\/api.w.org\/{rel}","templated":true}]}}