{"id":565,"date":"2022-09-16T02:43:46","date_gmt":"2022-09-16T02:43:46","guid":{"rendered":"https:\/\/www.largepillow.com\/product\/bed-wedge-bolster"},"modified":"2026-01-07T18:09:48","modified_gmt":"2026-01-07T18:09:48","slug":"peatsipadi","status":"publish","type":"product","link":"https:\/\/www.largepillow.com\/et\/product\/headboard-pillow","title":{"rendered":"Peatsi padi"},"content":{"rendered":"<p>\u00dclim mugavus ja mitmek\u00fclgsus: peatsipadi<\/p>\n<p>Valmistu t\u00f5stma oma mugavust ja stiili meie erakordse peatsipadjaga, mis on loodud pakkuma sulle v\u00f5rratut tuge ja funktsionaalsust.<\/p>\n<p>\u00dclim mugavus igale vajadusele<\/p>\n<p>Meie peatsipadi on hoolikalt valmistatud, et pakkuda maksimaalset mugavust olenemata sellest, kas l\u00f5\u00f5gastute voodis, lebate diivanil v\u00f5i naudite head raamatut. Selle pehme polster kohandub ideaalselt teie kehaga, pakkudes erakordset tuge teie peale, kaelale ja seljale.<\/p>\n<p>Mitmek\u00fclgsed disainid mitmeks otstarbeks<\/p>\n<p>Seda multifunktsionaalset patja saab kasutada lugematul hulgal viisidel:<\/p>\n<p>* Seljatoega lugemispadi: aseta see enda taha, et oleks mugav lugeda v\u00f5i telekat vaadata.<br \/>\n* Pikk kiilukujuline padi: Loo mugav kalle magamiseks v\u00f5i jalgade t\u00f5stmiseks.<br \/>\n* Jalapadi: Toeta jalgu ja v\u00e4henda survet, et leevendada turset ja ebamugavustunnet.<\/p>\n<p>Kvaliteetsed materjalid vastupidavuse ja stiili tagamiseks<\/p>\n<p>Meie padjap\u00fc\u00fcr on valmistatud vastupidavast pol\u00fcestri ja linase segust, millel on peened \u00f5mblused ja p\u00f5imitud tekstuur. Polsterduses olevad suure tihedusega pol\u00fcesterkiud tagavad aastatepikkuse kasutamise ilma longus v\u00f5i kuju kaotamata.<\/p>\n<p>Vaevatu puhastamine ja mugavus<\/p>\n<p>Peatsipadja hooldamine on imelihtne. Padjap\u00fc\u00fcri saab lihtsa lukuga h\u00f5lpsalt eemaldada ja pesumasinas pesta. Sellel on ka mugav k\u00fcljetasku oluliste asjade hoidmiseks, et need oleksid k\u00e4ep\u00e4rast.<\/p>\n<p>Sobib ideaalselt igale voodi suurusele<\/p>\n<p>Vali erinevate suuruste hulgast, et sobitada ideaalselt oma voodi v\u00f5i muu m\u00f6\u00f6bliesemega. Alates mugavast 45 cm-st kuni avara 200 cm-ni \u2013 leiad endale ideaalselt sobiva.<\/p>\n<p>Klientide iseloomustused<\/p>\n<p>Meie peatsipadi on p\u00e4lvinud rahulolevatelt klientidelt kiidus\u00f5nu:<\/p>\n<p>* \u201eSee padi on nii mugav ja toetav. See sobib ideaalselt voodis lugemiseks v\u00f5i teleka vaatamiseks. Mulle meeldib, et saan seda mitmesse asendisse reguleerida.\u201c<br \/>\n* \u201eKangas on pehme ja vastupidav ning \u00f5mblused on tipptasemel. Olen seda mitu korda pesnud ja see n\u00e4eb ikka veel uus v\u00e4lja.\u201c<br \/>\n* \u201eK\u00fclgtasku on geniaalne lisa. Nii mugav on omada kohta, kus hoida oma pulti, raamatuid v\u00f5i suupisteid.\u201c<\/p>\n<p>T\u00e4iusta oma mugavust ja stiili juba t\u00e4na peatsipadjaga. See on ideaalne lisa igasse magamistuppa v\u00f5i elutuppa ning sellest saab kindlasti sinu lemmikkoht l\u00f5\u00f5gastumiseks ja puhkamiseks.<\/p>","protected":false},"excerpt":{"rendered":"<ul>\n<li><strong>\u00dclim mugavus:<\/strong> Meie peatsipadi on loodud pakkuma teile \u00fclimat mugavust lugemise, teleka vaatamise v\u00f5i magamise ajal. See sobib ideaalselt voodisse, diivanile, p\u00e4evavoodile ja mujale!<\/li>\n<li><strong>Multifunktsionaalne disain:<\/strong> Meie suurt pehmenduspatja saab kasutada mitmel viisil \u2013 seljatoe lugemispadjana, pika kiilpadjana v\u00f5i jalapadjana jalgade t\u00f5stmiseks. See on stiilne ja funktsionaalne, muutes selle suurep\u00e4raseks t\u00e4ienduseks igale magamistuppa.<\/li>\n<li><strong>Kvaliteetsed materjalid:<\/strong> Meie padjap\u00fc\u00fcr on valmistatud 100% pol\u00fcestrist, millel on p\u00f5imitud tekstuur ja peened \u00f5mblused, mis on igast k\u00fcljest vastupidavad. Polster on valmistatud suure tihedusega ja kvaliteetsetest pol\u00fcesterkiududest, mis takistavad longusolekut isegi kuude pikkuse kasutamise j\u00e4rel.<\/li>\n<li><strong>Lihtne puhastada:<\/strong> Peatsi padjap\u00fc\u00fcr on padja k\u00fclge kinnitatud n\u00f6\u00f6pidega ja seda on lihtne lukuga eemaldada. Eemalda lihtsalt kate ja pese see kiirelt masinas, et padi n\u00e4eks v\u00e4lja nagu uus.<\/li>\n<li><strong>Ideaalne hoiutasku:<\/strong> Meie peatsipadjal on mugav k\u00fcljetasku, mis tagab, et te ei kaota enam kunagi oma kaugjuhtimispulti.<\/li>\n<li><strong>Kangas:<\/strong>\u00a0Pol\u00fcestri ja linase segu.<\/li>\n<li><strong>Suurus:<\/strong> 45cm (P45 x L20 x K50 | 0 n\u00f6\u00f6pi), 60cm (P60 x L20 x K50 | 0 n\u00f6\u00f6pi), 80cm (P80 x L20 x K50 | 2 n\u00f6\u00f6pi), 100cm (P100 x L20 x K50 | 3 n\u00f6\u00f6pi), 120cm (P120 x L20 x K50 | 4 n\u00f6\u00f6pi), 140cm (P140 x L20 x K50 | 4 n\u00f6\u00f6pi), 160cm (P160 x L20 x K50 | 5 n\u00f6\u00f6pi), 180cm (P180 x L20 x K50 | 6 n\u00f6\u00f6pi), 200cm (P200 x L20 x K50 | 7 n\u00f6\u00f6pi).<\/li>\n<\/ul>","protected":false},"featured_media":548,"comment_status":"open","ping_status":"closed","template":"","meta":[],"product_brand":[],"product_cat":[15],"product_tag":[187,102,75,201,168,131,189,184,143,59,65],"class_list":{"0":"post-565","1":"product","2":"type-product","3":"status-publish","4":"has-post-thumbnail","6":"product_cat-large-wedge-pillow","7":"product_tag-back-support-reading-pillow","8":"product_tag-couch-pillow","9":"product_tag-daybed-pillow","10":"product_tag-grey-pillow","11":"product_tag-headboard-pillow","12":"product_tag-leg-support-pillow","13":"product_tag-linen-pillow","14":"product_tag-long-wedge-pillow","15":"product_tag-multifunctional-pillow","16":"product_tag-reading-pillow","17":"product_tag-wedge-pillow","19":"first","20":"instock","21":"shipping-taxable","22":"purchasable","23":"product-type-variable"},"_links":{"self":[{"href":"https:\/\/www.largepillow.com\/et\/wp-json\/wp\/v2\/product\/565","targetHints":{"allow":["GET"]}}],"collection":[{"href":"https:\/\/www.largepillow.com\/et\/wp-json\/wp\/v2\/product"}],"about":[{"href":"https:\/\/www.largepillow.com\/et\/wp-json\/wp\/v2\/types\/product"}],"replies":[{"embeddable":true,"href":"https:\/\/www.largepillow.com\/et\/wp-json\/wp\/v2\/comments?post=565"}],"wp:featuredmedia":[{"embeddable":true,"href":"https:\/\/www.largepillow.com\/et\/wp-json\/wp\/v2\/media\/548"}],"wp:attachment":[{"href":"https:\/\/www.largepillow.com\/et\/wp-json\/wp\/v2\/media?parent=565"}],"wp:term":[{"taxonomy":"product_brand","embeddable":true,"href":"https:\/\/www.largepillow.com\/et\/wp-json\/wp\/v2\/product_brand?post=565"},{"taxonomy":"product_cat","embeddable":true,"href":"https:\/\/www.largepillow.com\/et\/wp-json\/wp\/v2\/product_cat?post=565"},{"taxonomy":"product_tag","embeddable":true,"href":"https:\/\/www.largepillow.com\/et\/wp-json\/wp\/v2\/product_tag?post=565"}],"curies":[{"name":"wp","href":"https:\/\/api.w.org\/{rel}","templated":true}]}}