{"id":5650,"date":"2025-01-07T02:24:23","date_gmt":"2025-01-07T02:24:23","guid":{"rendered":"https:\/\/www.largepillow.com\/product\/large-cuddly-stuffed-animal-toy-big-teddy-bear-soft-bear-pink"},"modified":"2025-10-16T01:37:17","modified_gmt":"2025-10-16T01:37:17","slug":"suur-kaisuloom-suur-kaisukaru-pehme-karu-roosa","status":"publish","type":"product","link":"https:\/\/www.largepillow.com\/et\/product\/large-cuddly-stuffed-animal-toy-big-teddy-bear-soft-bear-pink","title":{"rendered":"Suur Kaisu Pehme M\u00e4nguasi Suur Teddy Karu Pehme Karu Roosa"},"content":{"rendered":"[zc_getpagecontent mb=&#8221;mb_aplus&#8221; apid=&#8221;15&#8243;]\n","protected":false},"excerpt":{"rendered":"<ul>\n<li>Meie kaisukarud on t\u00e4issuuruses ja piisavalt t\u00e4idetud, seega v\u00f5ime olla kindlad, et teie saadud ese vastab piltidele; Meie kvaliteetne kaisukaru on ideaalne kingitus l\u00e4hedastele ja v\u00e4ga populaarne kingitus p\u00fchadeks, n\u00e4iteks j\u00f5uludeks ja s\u00f5brap\u00e4evaks.<\/li>\n<li>Hiiglaslik kaisukaru \u00fclipehmest pl\u00fc\u00fcsist, v\u00e4ga kohev, libe ja mugav kallistamiseks.<\/li>\n<li>See tohutu 92 cm (3 jalga 36 tolli) pikkune kaisukaru on varustatud lapsekindla lukuga tagak\u00fcljel, mis muudab selle turvaliseks ja h\u00f5lpsasti pestavaks.<\/li>\n<li>See suur kaisukaru on kokku surutud v\u00e4iksemaks kui selle tegelik suurus ja paisub kiiresti 90 cm k\u00f5rguseks, kui pakkekott eemaldada.<\/li>\n<li>Ideaalne kaisukaru kallistamiseks ja nunnutamiseks. See armas kaisukaru sobib sulle raamatuid lugedes, telekat vaadates ja l\u00f5butsedes. See on hea kaaslane! Armsast pehmest m\u00e4ngukarust saab kiiresti nii noorte kui ka vanade armastatud kaaslane.<\/li>\n<li>See kaisukaru on nii v\u00f5luv, et kaunistab magamistuba v\u00f5i m\u00e4ngutuba. Selle kaisukaru vastu saab m\u00f5nusalt pehme padjana pugeda. Lapsed saavad selle kaisukaruga m\u00e4ngida, mis on ka v\u00e4ga huvitav pere meelelahutus.<\/li>\n<li>See on ideaalne valik beebidele, lastele v\u00f5i s\u00f5pradele. See on parim kingitus erilisteks p\u00e4evadeks nagu t\u00e4nup\u00fchad, s\u00f5brap\u00e4ev, j\u00f5ulud, s\u00fcnnip\u00e4evad v\u00f5i mis tahes t\u00e4htp\u00e4evad.<\/li>\n<li>See kaisukaru tundub v\u00e4ga pehme. N\u00f6\u00f6psilmad on v\u00e4ga tugevad. Pehme materjal ja t\u00e4idis on k\u00f5ik kvaliteetsed.<\/li>\n<li>Pl\u00fc\u00fcsist ese ja polster on k\u00f5ik hea kvaliteediga. K\u00f5ik karud saadetakse p\u00e4rast ranget kvaliteedikontrolli. Pl\u00fc\u00fcsi kontrollib volitatud kvaliteedikontroll ja see saab CE-sertifikaadi.<\/li>\n<\/ul>","protected":false},"featured_media":5628,"comment_status":"open","ping_status":"closed","template":"","meta":[],"product_brand":[],"product_cat":[235],"product_tag":[],"class_list":{"0":"post-5650","1":"product","2":"type-product","3":"status-publish","4":"has-post-thumbnail","6":"product_cat-plush-toys","8":"first","9":"instock","10":"shipping-taxable","11":"purchasable","12":"product-type-simple"},"_links":{"self":[{"href":"https:\/\/www.largepillow.com\/et\/wp-json\/wp\/v2\/product\/5650","targetHints":{"allow":["GET"]}}],"collection":[{"href":"https:\/\/www.largepillow.com\/et\/wp-json\/wp\/v2\/product"}],"about":[{"href":"https:\/\/www.largepillow.com\/et\/wp-json\/wp\/v2\/types\/product"}],"replies":[{"embeddable":true,"href":"https:\/\/www.largepillow.com\/et\/wp-json\/wp\/v2\/comments?post=5650"}],"wp:featuredmedia":[{"embeddable":true,"href":"https:\/\/www.largepillow.com\/et\/wp-json\/wp\/v2\/media\/5628"}],"wp:attachment":[{"href":"https:\/\/www.largepillow.com\/et\/wp-json\/wp\/v2\/media?parent=5650"}],"wp:term":[{"taxonomy":"product_brand","embeddable":true,"href":"https:\/\/www.largepillow.com\/et\/wp-json\/wp\/v2\/product_brand?post=5650"},{"taxonomy":"product_cat","embeddable":true,"href":"https:\/\/www.largepillow.com\/et\/wp-json\/wp\/v2\/product_cat?post=5650"},{"taxonomy":"product_tag","embeddable":true,"href":"https:\/\/www.largepillow.com\/et\/wp-json\/wp\/v2\/product_tag?post=5650"}],"curies":[{"name":"wp","href":"https:\/\/api.w.org\/{rel}","templated":true}]}}