{"id":5959,"date":"2025-02-02T13:23:53","date_gmt":"2025-02-02T13:23:53","guid":{"rendered":"https:\/\/www.largepillow.com\/product\/side-sleeper-pillow-with-arm-hole-foam-wedge-for-neck-and-shoulder-pain"},"modified":"2025-11-23T05:21:48","modified_gmt":"2025-11-23T05:21:48","slug":"kuljel-magamiseks-moeldud-padi-kaeauguga-vahust-kiiluga-kaela-ja-olavalu-korral","status":"publish","type":"product","link":"https:\/\/www.largepillow.com\/et\/product\/side-sleeper-pillow-with-arm-hole-foam-wedge-for-neck-and-shoulder-pain","title":{"rendered":"K\u00fcljel magamiseks m\u00f5eldud padi k\u00e4eaugu ja vahukiiluga kaela- ja \u00f5lavalu korral"},"content":{"rendered":"[zc_getpagecontent mb=&#8221;mb_aplus&#8221; apid=&#8221;116&#8243;]\n","protected":false},"excerpt":{"rendered":"<ul>\n<li>T\u00e4iustatud disain: Meie uus k\u00fcljel magamiseks m\u00f5eldud \u00f5lavaludele m\u00f5eldud padi koosneb kolmest olulisest osast: stabiilse toe tagamiseks m\u00f5eldud vahtplastist kiilpadjast, v\u00e4ikesest peatoest ja mugavast H-kujulisest kehapadjast. See revolutsiooniline disain pakub olulisi funktsionaalseid t\u00e4iustusi v\u00f5rreldes traditsiooniliste U-kujuliste kehapatjadega, v\u00f5imaldades une ajal vaevata k\u00fcljevahetust.<\/li>\n<li>T\u00e4iustatud funktsionaalsus: Erinevalt tavalistest U-kujulistest k\u00fcljel magamiseks m\u00f5eldud padjadest, mis takistavad liikumist une ajal, v\u00f5imaldab meie H-kujuline kehapadi ja eraldi peatoe disain h\u00f5lpsat k\u00e4te liikumist ja k\u00fcljevahetust. Kiilpadja optimeeritud kalle tagab \u00f5rna toe, mis vastab k\u00fcljel magajate mitmekesistele vajadustele.<\/li>\n<li>K\u00e4er\u00f5hu leevendus: Nautige v\u00f5rratut mugavust nutikalt disainitud kahekordse k\u00e4eauguga vahust kiilukujulises padjas. See disain leevendab k\u00e4tele avalduvat survet, soodustab paremat vereringet ja tagab rahuliku \u00f6\u00f6une ilma rippuvate k\u00e4te ebamugavustundeta.<\/li>\n<li>\u00dclim mugavus: Pehmest ja kohevast pol\u00fcesterkiust valmistatud H-kujuline kehapadi ja peatugi tagavad une ajal maksimaalse mugavuse. Padjap\u00fc\u00fcri hingav kangas tagab rahuliku une. Ergonoomiline vahtkiilpadi t\u00f5stab \u00fclakeha, leevendades t\u00f5husalt seljavalu, happe refluksi ja k\u00f5rvetisi. Padi on t\u00e4idetud suure tihedusega vahuga pikaajalise stabiilsuse tagamiseks ning pakub kindlat tuge kogu \u00f6\u00f6 v\u00e4ltel, aidates k\u00fcljel magajatel kiiremini taastuda.<\/li>\n<li>P\u00f5hjalik tugi: Nautige kogu keha tuge H-kujulise ergonoomilise k\u00fcljel magamiseks m\u00f5eldud padja pikliku \u00fclemise osaga, mis ulatub pealaest jalgadeni. Olenemata sellest, kas vajate l\u00f5\u00f5gastust puusadele, seljale, kaelale v\u00f5i k\u00f5hule, pakub see kehapadi individuaalset tuge. Kehapadja keskel olev \u00fchendusdisain tagab, et t\u00e4iskasvanutele m\u00f5eldud k\u00fcljel magamiseks m\u00f5eldud padi ei keerdu \u00fcmber keha, kui te \u00fcmber p\u00f6\u00f6rate.<\/li>\n<\/ul>","protected":false},"featured_media":5945,"comment_status":"open","ping_status":"closed","template":"","meta":[],"product_brand":[],"product_cat":[228],"product_tag":[],"class_list":{"0":"post-5959","1":"product","2":"type-product","3":"status-publish","4":"has-post-thumbnail","6":"product_cat-cushions","8":"first","9":"instock","10":"shipping-taxable","11":"purchasable","12":"product-type-variable","13":"has-default-attributes"},"_links":{"self":[{"href":"https:\/\/www.largepillow.com\/et\/wp-json\/wp\/v2\/product\/5959","targetHints":{"allow":["GET"]}}],"collection":[{"href":"https:\/\/www.largepillow.com\/et\/wp-json\/wp\/v2\/product"}],"about":[{"href":"https:\/\/www.largepillow.com\/et\/wp-json\/wp\/v2\/types\/product"}],"replies":[{"embeddable":true,"href":"https:\/\/www.largepillow.com\/et\/wp-json\/wp\/v2\/comments?post=5959"}],"wp:featuredmedia":[{"embeddable":true,"href":"https:\/\/www.largepillow.com\/et\/wp-json\/wp\/v2\/media\/5945"}],"wp:attachment":[{"href":"https:\/\/www.largepillow.com\/et\/wp-json\/wp\/v2\/media?parent=5959"}],"wp:term":[{"taxonomy":"product_brand","embeddable":true,"href":"https:\/\/www.largepillow.com\/et\/wp-json\/wp\/v2\/product_brand?post=5959"},{"taxonomy":"product_cat","embeddable":true,"href":"https:\/\/www.largepillow.com\/et\/wp-json\/wp\/v2\/product_cat?post=5959"},{"taxonomy":"product_tag","embeddable":true,"href":"https:\/\/www.largepillow.com\/et\/wp-json\/wp\/v2\/product_tag?post=5959"}],"curies":[{"name":"wp","href":"https:\/\/api.w.org\/{rel}","templated":true}]}}