{"id":614,"date":"2022-09-16T03:33:52","date_gmt":"2022-09-16T03:33:52","guid":{"rendered":"https:\/\/www.largepillow.com\/product\/bed-wedge-pillow-2"},"modified":"2026-04-11T08:10:25","modified_gmt":"2026-04-11T08:10:25","slug":"suur-seljatoe-padi-voodile","status":"publish","type":"product","link":"https:\/\/www.largepillow.com\/et\/product\/large-back-pillow-for-bed","title":{"rendered":"Suur seljatoe padi voodile"},"content":{"rendered":"<p>Kogege \u00fclimat mugavust meie esmaklassilise suure seljatoepadjaga voodile<\/p>\n<p>Nautige v\u00f5rratut mugavust meie luksusliku suure seljatoepadjaga, mis on loodud teie unekogemuse t\u00e4iustamiseks. Olenemata sellest, kas olete raamatukoi, filmif\u00e4nn v\u00f5i otsite lihtsalt hubast seljatuge, meie peatsipadi sobib teile.<\/p>\n<p>Mitmek\u00fclgne ja multifunktsionaalne<\/p>\n<p>Meie tugipadja mitmek\u00fclgsus on piiritu. Kasutage seda toetava seljatoena lugemiseks, pika kiilpadjana lisamugavuse tagamiseks v\u00f5i isegi jalapadjana v\u00e4sinud lihaste rahustamiseks. Selle stiilne disain muudab selle teretulnud t\u00e4ienduseks iga magamistoa sisekujundusele.<\/p>\n<p>Kvaliteetsed materjalid, vankumatu tugi<\/p>\n<p>Meie padjap\u00fc\u00fcr on valmistatud esmaklassilisest 100% pol\u00fcestri ja linase segust ning sellel on p\u00f5imitud tekstuur ja peened \u00f5mblused, mis kiirgavad vastupidavust. Suure tihedusega ja kvaliteetne pol\u00fcesterkiust polster tagab erakordse toe, hoides \u00e4ra longus isegi pikaajalisel kasutamisel.<\/p>\n<p>Vaevatu hooldus<\/p>\n<p>Meie peatsipadja laitmatu seisukorra hoidmine on imelihtne. Lihtsalt avage padjap\u00fc\u00fcr h\u00f5lpsasti ligip\u00e4\u00e4setava lukuga ja visake see pesumasinasse, et saaksite vaevata puhastada. Nii lihtne see ongi!<\/p>\n<p>Mugav hoiutasku<\/p>\n<p>\u00c4ra kaota enam kunagi oma pulti! Meie peatsipadjal on nutikas k\u00fcljetasku, mis pakub turvalist ja mugavat kohta oluliste asjade hoidmiseks.<\/p>\n<p>Klientide iseloomustused<\/p>\n<p>\u201cSee padi on uskumatult mugav! Ma kasutan seda voodis lugemiseks ja see on muutnud mu \u00f6ise rutiini palju nauditavamaks.\u201d \u2013 Sarah J.<\/p>\n<p>\u201cMulle meeldib selle padja mitmek\u00fclgsus. See sobib ideaalselt nii l\u00f5\u00f5gastumiseks kui ka magamiseks. Hoiutasku on fantastiline boonus!\u201d \u2013 Emily B.<\/p>\n<p>Saadaval olevad suurused<\/p>\n<p>Meie suur seljapadi on saadaval erinevates suurustes, et see vastaks teie vajadustele:<\/p>\n<p>* 45 cm (P 45 x L 20 x K 50)<br \/>\n* 60 cm (P 60 x L 20 x K 50)<br \/>\n* 80 cm (P80 x L20 x K50)<br \/>\n* 100 cm (P 100 x L 20 x K 50)<br \/>\n* 120 cm (P 120 x L 20 x K 50)<br \/>\n* 140 cm (P 140 x L 20 x K 50)<br \/>\n* 160 cm (P 160 x L 20 x K 50)<br \/>\n* 180 cm (P 180 x L 20 x K 50)<br \/>\n* 200 cm (P 200 x L 20 x K 50)<\/p>\n<p>T\u00e4iusta oma magamis- ja l\u00f5\u00f5gastumiskogemust meie suure seljatoepadjaga juba t\u00e4na. Telli kohe ja naudi \u00fclimat mugavust!<\/p>","protected":false},"excerpt":{"rendered":"<ul>\n<li><strong>\u00dclim mugavus:<\/strong> Meie peatsipadi on loodud pakkuma teile \u00fclimat mugavust lugemise, teleka vaatamise v\u00f5i magamise ajal. See sobib ideaalselt voodisse, diivanile, p\u00e4evavoodile ja mujale!<\/li>\n<li><strong>Multifunktsionaalne disain:<\/strong> Meie suurt pehmenduspatja saab kasutada mitmel viisil \u2013 seljatoe lugemispadjana, pika kiilpadjana v\u00f5i jalapadjana jalgade t\u00f5stmiseks. See on stiilne ja funktsionaalne, muutes selle suurep\u00e4raseks t\u00e4ienduseks igale magamistuppa.<\/li>\n<li><strong>Kvaliteetsed materjalid:<\/strong> Meie padjap\u00fc\u00fcr on valmistatud 100% pol\u00fcestrist, millel on p\u00f5imitud tekstuur ja peened \u00f5mblused, mis on igast k\u00fcljest vastupidavad. Polster on valmistatud suure tihedusega ja kvaliteetsetest pol\u00fcesterkiududest, mis takistavad longusolekut isegi kuude pikkuse kasutamise j\u00e4rel.<\/li>\n<li><strong>Lihtne puhastada:<\/strong> Peatsi padjap\u00fc\u00fcr on padja k\u00fclge kinnitatud n\u00f6\u00f6pidega ja seda on lihtne lukuga eemaldada. Eemalda lihtsalt kate ja pese see kiirelt masinas, et padi n\u00e4eks v\u00e4lja nagu uus.<\/li>\n<li><strong>Ideaalne hoiutasku:<\/strong> Meie peatsipadjal on mugav k\u00fcljetasku, mis tagab, et te ei kaota enam kunagi oma kaugjuhtimispulti.<\/li>\n<li><strong>Kangas:<\/strong>\u00a0Pol\u00fcestri ja linase segu.<\/li>\n<li><strong>Suurus:<\/strong> 45cm (P45 x L20 x K50 | 0 n\u00f6\u00f6pi), 60cm (P60 x L20 x K50 | 0 n\u00f6\u00f6pi), 80cm (P80 x L20 x K50 | 2 n\u00f6\u00f6pi), 100cm (P100 x L20 x K50 | 3 n\u00f6\u00f6pi), 120cm (P120 x L20 x K50 | 4 n\u00f6\u00f6pi), 140cm (P140 x L20 x K50 | 4 n\u00f6\u00f6pi), 160cm (P160 x L20 x K50 | 5 n\u00f6\u00f6pi), 180cm (P180 x L20 x K50 | 6 n\u00f6\u00f6pi), 200cm (P200 x L20 x K50 | 7 n\u00f6\u00f6pi).<\/li>\n<\/ul>","protected":false},"featured_media":600,"comment_status":"open","ping_status":"closed","template":"","meta":[],"product_brand":[],"product_cat":[15],"product_tag":[187,75,168,197,189,184,143,59,71,198],"class_list":{"0":"post-614","1":"product","2":"type-product","3":"status-publish","4":"has-post-thumbnail","6":"product_cat-large-wedge-pillow","7":"product_tag-back-support-reading-pillow","8":"product_tag-daybed-pillow","9":"product_tag-headboard-pillow","10":"product_tag-large-back-pillow-for-bed","11":"product_tag-linen-pillow","12":"product_tag-long-wedge-pillow","13":"product_tag-multifunctional-pillow","14":"product_tag-reading-pillow","15":"product_tag-tv-pillow","16":"product_tag-white-pillow","18":"first","19":"instock","20":"featured","21":"shipping-taxable","22":"purchasable","23":"product-type-variable"},"_links":{"self":[{"href":"https:\/\/www.largepillow.com\/et\/wp-json\/wp\/v2\/product\/614","targetHints":{"allow":["GET"]}}],"collection":[{"href":"https:\/\/www.largepillow.com\/et\/wp-json\/wp\/v2\/product"}],"about":[{"href":"https:\/\/www.largepillow.com\/et\/wp-json\/wp\/v2\/types\/product"}],"replies":[{"embeddable":true,"href":"https:\/\/www.largepillow.com\/et\/wp-json\/wp\/v2\/comments?post=614"}],"wp:featuredmedia":[{"embeddable":true,"href":"https:\/\/www.largepillow.com\/et\/wp-json\/wp\/v2\/media\/600"}],"wp:attachment":[{"href":"https:\/\/www.largepillow.com\/et\/wp-json\/wp\/v2\/media?parent=614"}],"wp:term":[{"taxonomy":"product_brand","embeddable":true,"href":"https:\/\/www.largepillow.com\/et\/wp-json\/wp\/v2\/product_brand?post=614"},{"taxonomy":"product_cat","embeddable":true,"href":"https:\/\/www.largepillow.com\/et\/wp-json\/wp\/v2\/product_cat?post=614"},{"taxonomy":"product_tag","embeddable":true,"href":"https:\/\/www.largepillow.com\/et\/wp-json\/wp\/v2\/product_tag?post=614"}],"curies":[{"name":"wp","href":"https:\/\/api.w.org\/{rel}","templated":true}]}}