{"id":640,"date":"2022-09-16T03:40:56","date_gmt":"2022-09-16T03:40:56","guid":{"rendered":"https:\/\/www.largepillow.com\/product\/leg-elevation-pillow-2"},"modified":"2025-11-24T12:37:09","modified_gmt":"2025-11-24T12:37:09","slug":"peatsipadi-3","status":"publish","type":"product","link":"https:\/\/www.largepillow.com\/et\/product\/cushion-for-headboard","title":{"rendered":"Peatsipadi"},"content":{"rendered":"<p>Peatsipadi \u2013 \u00fclim mugavus, mida oled otsinud! See peatsipadi on loodud teie mugavust silmas pidades ning sobib ideaalselt lugemiseks, teleri vaatamiseks v\u00f5i lihtsalt hea une nautimiseks. See on multifunktsionaalne, stiilne ja suurep\u00e4rane lisa igasse magamistuppa.<\/p>\n<p>Meie suurt tugipatja saab kasutada mitmel viisil \u2013 seljatoe lugemispadjana, pika kiilpadjana v\u00f5i jalapadjana jalgade t\u00f5stmiseks. See on valmistatud suure tihedusega ja kvaliteetsetest pol\u00fcesterkiududest, mis hoiavad \u00e4ra longusoleku isegi kuude pikkuse kasutamise j\u00e4rel. Padjap\u00fc\u00fcr on valmistatud 100% pol\u00fcestrist, millel on p\u00f5imitud tekstuur ja peened \u00f5mblused, mis on igast k\u00fcljest vastupidavad.<\/p>\n<p>Selle peatsipadja \u00fcks parimaid omadusi on see, et seda on lihtne puhastada. Eemalda kate lihtsa lukuga ja pese see kiirelt masinas, et muuta padi uuev\u00e4\u00e4rseks.<\/p>\n<p>Aga see pole veel k\u00f5ik \u2013 meie peatsipadjal on ka mugav k\u00fcljetasku, mis tagab, et te ei kaota enam kunagi oma kaugjuhtimispulti. See on ideaalne hoiutasku k\u00f5igi teie oluliste asjade jaoks.<\/p>\n<p>Pakume seda patja erinevates suurustes, alates 45 cm kuni 200 cm. Saate valida suuruse, mis sobib k\u00f5ige paremini teie voodile ja peatsile. Padi on valmistatud pol\u00fcestri ja linase segukangast, mis on mugav ja vastupidav materjal.<\/p>\n<p>\u00c4rge uskuge ainult meie s\u00f5nu, siin on m\u00f5ned rahulolevate klientide kommentaarid:<\/p>\n<p>\u201cMa jumaldan seda patja. See on nii mugav ja vastupidav. Ma kasutan seda igal \u00f5htul enne magamaminekut lugemiseks.\u201d<\/p>\n<p>\u201cKangas on kvaliteetne ja padi on kaunilt tehtud. Mulle meeldib k\u00fcljetasku, kuna see on nii mugav.\u201d<\/p>\n<p>\u201cSee padi on mu voodi palju mugavamaks teinud. See on nagu hubane v\u00e4ike pesa, kus l\u00f5\u00f5gastuda.\u201d<\/p>\n<p>Kokkuv\u00f5tteks v\u00f5ib \u00f6elda, et kui otsite mugavat ja multifunktsionaalset peatsipatja, on meie peatsipadi teile ideaalne valik. See on stiilne, funktsionaalne ja kergesti puhastatav. Tellige juba t\u00e4na ja kogege \u00fclimat mugavust!<\/p>","protected":false},"excerpt":{"rendered":"<ul>\n<li><strong>\u00dclim mugavus:<\/strong> Meie peatsipadi on loodud pakkuma teile \u00fclimat mugavust lugemise, teleka vaatamise v\u00f5i magamise ajal. See sobib ideaalselt voodisse, diivanile, p\u00e4evavoodile ja mujale!<\/li>\n<li><strong>Multifunktsionaalne disain:<\/strong> Meie suurt pehmenduspatja saab kasutada mitmel viisil \u2013 seljatoe lugemispadjana, pika kiilpadjana v\u00f5i jalapadjana jalgade t\u00f5stmiseks. See on stiilne ja funktsionaalne, muutes selle suurep\u00e4raseks t\u00e4ienduseks igale magamistuppa.<\/li>\n<li><strong>Kvaliteetsed materjalid:<\/strong> Meie padjap\u00fc\u00fcr on valmistatud 100% pol\u00fcestrist, millel on p\u00f5imitud tekstuur ja peened \u00f5mblused, mis on igast k\u00fcljest vastupidavad. Polster on valmistatud suure tihedusega ja kvaliteetsetest pol\u00fcesterkiududest, mis takistavad longusolekut isegi kuude pikkuse kasutamise j\u00e4rel.<\/li>\n<li><strong>Lihtne puhastada:<\/strong> Peatsi padjap\u00fc\u00fcr on padja k\u00fclge kinnitatud n\u00f6\u00f6pidega ja seda on lihtne lukuga eemaldada. Eemalda lihtsalt kate ja pese see kiirelt masinas, et padi n\u00e4eks v\u00e4lja nagu uus.<\/li>\n<li><strong>Ideaalne hoiutasku:<\/strong> Meie peatsipadjal on mugav k\u00fcljetasku, mis tagab, et te ei kaota enam kunagi oma kaugjuhtimispulti.<\/li>\n<li><strong>Kangas:<\/strong>\u00a0Pol\u00fcestri ja linase segu.<\/li>\n<li><strong>Suurus:<\/strong> 45cm (P45 x L20 x K50 | 0 n\u00f6\u00f6pi), 60cm (P60 x L20 x K50 | 0 n\u00f6\u00f6pi), 80cm (P80 x L20 x K50 | 2 n\u00f6\u00f6pi), 100cm (P100 x L20 x K50 | 3 n\u00f6\u00f6pi), 120cm (P120 x L20 x K50 | 4 n\u00f6\u00f6pi), 140cm (P140 x L20 x K50 | 4 n\u00f6\u00f6pi), 160cm (P160 x L20 x K50 | 5 n\u00f6\u00f6pi), 180cm (P180 x L20 x K50 | 6 n\u00f6\u00f6pi), 200cm (P200 x L20 x K50 | 7 n\u00f6\u00f6pi).<\/li>\n<\/ul>","protected":false},"featured_media":624,"comment_status":"open","ping_status":"closed","template":"","meta":[],"product_brand":[],"product_cat":[15],"product_tag":[66,187,195,196,192,189,184,143,59],"class_list":{"0":"post-640","1":"product","2":"type-product","3":"status-publish","4":"has-post-thumbnail","6":"product_cat-large-wedge-pillow","7":"product_tag-back-support-pillow","8":"product_tag-back-support-reading-pillow","9":"product_tag-brown-pillow","10":"product_tag-cushion-for-headboard","11":"product_tag-headboard-cushion","12":"product_tag-linen-pillow","13":"product_tag-long-wedge-pillow","14":"product_tag-multifunctional-pillow","15":"product_tag-reading-pillow","17":"first","18":"instock","19":"shipping-taxable","20":"purchasable","21":"product-type-variable"},"_links":{"self":[{"href":"https:\/\/www.largepillow.com\/et\/wp-json\/wp\/v2\/product\/640","targetHints":{"allow":["GET"]}}],"collection":[{"href":"https:\/\/www.largepillow.com\/et\/wp-json\/wp\/v2\/product"}],"about":[{"href":"https:\/\/www.largepillow.com\/et\/wp-json\/wp\/v2\/types\/product"}],"replies":[{"embeddable":true,"href":"https:\/\/www.largepillow.com\/et\/wp-json\/wp\/v2\/comments?post=640"}],"wp:featuredmedia":[{"embeddable":true,"href":"https:\/\/www.largepillow.com\/et\/wp-json\/wp\/v2\/media\/624"}],"wp:attachment":[{"href":"https:\/\/www.largepillow.com\/et\/wp-json\/wp\/v2\/media?parent=640"}],"wp:term":[{"taxonomy":"product_brand","embeddable":true,"href":"https:\/\/www.largepillow.com\/et\/wp-json\/wp\/v2\/product_brand?post=640"},{"taxonomy":"product_cat","embeddable":true,"href":"https:\/\/www.largepillow.com\/et\/wp-json\/wp\/v2\/product_cat?post=640"},{"taxonomy":"product_tag","embeddable":true,"href":"https:\/\/www.largepillow.com\/et\/wp-json\/wp\/v2\/product_tag?post=640"}],"curies":[{"name":"wp","href":"https:\/\/api.w.org\/{rel}","templated":true}]}}