{"id":688,"date":"2022-09-16T04:08:00","date_gmt":"2022-09-16T04:08:00","guid":{"rendered":"https:\/\/www.largepillow.com\/product\/wedge-pillow-for-acid-reflux"},"modified":"2025-11-05T02:15:32","modified_gmt":"2025-11-05T02:15:32","slug":"peatsi-padja-kiil","status":"publish","type":"product","link":"https:\/\/www.largepillow.com\/et\/product\/headboard-pillow-wedge","title":{"rendered":"Peatsi padja kiil"},"content":{"rendered":"<p>\u00dclim peatsipadi suurema mugavuse ja mitmek\u00fclgsuse tagamiseks<\/p>\n<p>Valmistu kogema v\u00f5rratut mugavust meie eksklusiivse peatsikiiluga. See mitmek\u00fclgne padi, mis on loodud teie l\u00f5\u00f5gastusaja t\u00e4iustamiseks, muudab teie voodi, diivani, p\u00e4evavoodi ja iga hubase nurga mugavusoaasiks.<\/p>\n<p>\u00dclim mugavus ja tugi<\/p>\n<p>Nautige meie pehmet peatsipatja, mis on hoolikalt valmistatud pakkuma erakordset tuge lugemise, teleka vaatamise v\u00f5i lihtsalt uinumise ajal. Olenemata sellest, kas eelistate stiilselt tahapoole n\u00f5jatuda v\u00f5i lebada, pakub see padi teile \u00fclimat mugavust.<\/p>\n<p>Multifunktsionaalne disain<\/p>\n<p>Lisaks erakordsele mugavusele on meie peatsipadi ka uskumatult funktsionaalne. Kasutage seda seljatoe lugemispadjana, et tundide kaupa mugavalt lugeda ilma kaelapinget tekitamata. Muutke see pikaks kiilukujuliseks padjaks, et magades seljale ja kaelale lisatuge pakkuda. V\u00f5i t\u00f5stke jalad meie jalapadjaga \u00fcles, et v\u00e4hendada turset ja parandada vereringet.<\/p>\n<p>Kvaliteetsed materjalid ja konstruktsioon<\/p>\n<p>Meie padjap\u00fc\u00fcr on hoolikalt valmistatud vastupidavast pol\u00fcestri ja linase segust ning kaunistatud p\u00f5imitud tekstuuri ja peente \u00f5mblustega. Polsterduses kasutatavad suure tihedusega pol\u00fcesterkiud tagavad erakordse toe ja hoiavad \u00e4ra longusoleku isegi pikaajalisel kasutamisel.<\/p>\n<p>Vaevatu puhastamine<\/p>\n<p>Peatsipadja laitmatus seisukorras hoidmine on imelihtne. Padjap\u00fc\u00fcr on n\u00f6\u00f6pidega kinnitatud ja sellel on mugav lukk, mis muudab selle kiireks masinpesuks vaevata eemaldatavaks. Lihtsalt avage lukk, eemaldage ja peske, et teie padi n\u00e4eks v\u00e4rske ja kutsuv v\u00e4lja.<\/p>\n<p>Mugav hoiutasku<\/p>\n<p>Nautige meie l\u00e4bim\u00f5eldult disainitud k\u00fcljetasku lisamugavust. Hoidke oma pulti, telefoni v\u00f5i muid olulisi asju k\u00e4eulatuses, tagades, et need ei l\u00e4heks enam kunagi kaotsi.<\/p>\n<p>Suuruse valikud vastavalt teie vajadustele<\/p>\n<p>Meie peatsipadjad on saadaval laias valikus suurustes, alates 45 cm kuni 200 cm, et need sobiksid ideaalselt teie individuaalsete eelistustega. Olenemata sellest, kas teil on v\u00e4ike hubane nurgake v\u00f5i avar magamistuba, meil on teile k\u00f5ik olemas.<\/p>\n<p>Klientide iseloomustused<\/p>\n<p>\u201cSee kolmnurkne padi muudab m\u00e4ngu! See on nii mugav ja pakub suurep\u00e4rast seljatuge lugemise v\u00f5i teleka vaatamise ajal. Puuvilla ja linase segu kangas on pehme ja stiilne ning lilla v\u00e4rv lisab minu magamistuppa elegantsi.\u201d \u2013 Rahulolev klient<\/p>\n<p>\u201cMulle meeldib, kui mitmek\u00fclgne see padi on. Kasutan seda seljatoe padjana, jalapadjana ja lugemispadjana. See on nii h\u00e4sti tehtud ja polster on v\u00e4ga toetav. See on nagu oleks mitu patja \u00fches!\u201d \u2013 Lojaalne f\u00e4nn<\/p>\n<p>T\u00e4iustage oma l\u00f5\u00f5gastuskogemust meie erakordse kiilpeatsiga voodipeatsiga juba t\u00e4na. Nautige \u00fclimat mugavust, mitmek\u00fclgsust ja k\u00e4ep\u00e4rasust \u2013 k\u00f5ik \u00fches stiilses ja funktsionaalses pakendis.<\/p>","protected":false},"excerpt":{"rendered":"<ul>\n<li><strong>\u00dclim mugavus:<\/strong> Meie peatsipadi on loodud pakkuma teile \u00fclimat mugavust lugemise, teleka vaatamise v\u00f5i magamise ajal. See sobib ideaalselt voodisse, diivanile, p\u00e4evavoodile ja mujale!<\/li>\n<li><strong>Multifunktsionaalne disain:<\/strong> Meie suurt pehmenduspatja saab kasutada mitmel viisil \u2013 seljatoe lugemispadjana, pika kiilpadjana v\u00f5i jalapadjana jalgade t\u00f5stmiseks. See on stiilne ja funktsionaalne, muutes selle suurep\u00e4raseks t\u00e4ienduseks igale magamistuppa.<\/li>\n<li><strong>Kvaliteetsed materjalid:<\/strong> Meie padjap\u00fc\u00fcr on valmistatud 100% pol\u00fcestrist, millel on p\u00f5imitud tekstuur ja peened \u00f5mblused, mis on igast k\u00fcljest vastupidavad. Polster on valmistatud suure tihedusega ja kvaliteetsetest pol\u00fcesterkiududest, mis takistavad longusolekut isegi kuude pikkuse kasutamise j\u00e4rel.<\/li>\n<li><strong>Lihtne puhastada:<\/strong> Peatsi padjap\u00fc\u00fcr on padja k\u00fclge kinnitatud n\u00f6\u00f6pidega ja seda on lihtne lukuga eemaldada. Eemalda lihtsalt kate ja pese see kiirelt masinas, et padi n\u00e4eks v\u00e4lja nagu uus.<\/li>\n<li><strong>Ideaalne hoiutasku:<\/strong> Meie peatsipadjal on mugav k\u00fcljetasku, mis tagab, et te ei kaota enam kunagi oma kaugjuhtimispulti.<\/li>\n<li><strong>Kangas:<\/strong>\u00a0Pol\u00fcestri ja linase segu.<\/li>\n<li><strong>Suurus:<\/strong> 45cm (P45 x L20 x K50 | 0 n\u00f6\u00f6pi), 60cm (P60 x L20 x K50 | 0 n\u00f6\u00f6pi), 80cm (P80 x L20 x K50 | 2 n\u00f6\u00f6pi), 100cm (P100 x L20 x K50 | 3 n\u00f6\u00f6pi), 120cm (P120 x L20 x K50 | 4 n\u00f6\u00f6pi), 140cm (P140 x L20 x K50 | 4 n\u00f6\u00f6pi), 160cm (P160 x L20 x K50 | 5 n\u00f6\u00f6pi), 180cm (P180 x L20 x K50 | 6 n\u00f6\u00f6pi), 200cm (P200 x L20 x K50 | 7 n\u00f6\u00f6pi).<\/li>\n<\/ul>","protected":false},"featured_media":675,"comment_status":"open","ping_status":"closed","template":"","meta":[],"product_brand":[],"product_cat":[15],"product_tag":[66,187,168,191,189,184,143,188,190,59],"class_list":{"0":"post-688","1":"product","2":"type-product","3":"status-publish","4":"has-post-thumbnail","6":"product_cat-large-wedge-pillow","7":"product_tag-back-support-pillow","8":"product_tag-back-support-reading-pillow","9":"product_tag-headboard-pillow","10":"product_tag-headboard-pillow-wedge","11":"product_tag-linen-pillow","12":"product_tag-long-wedge-pillow","13":"product_tag-multifunctional-pillow","14":"product_tag-pillow-wedge","15":"product_tag-purple-pillow","16":"product_tag-reading-pillow","18":"first","19":"instock","20":"shipping-taxable","21":"purchasable","22":"product-type-variable"},"_links":{"self":[{"href":"https:\/\/www.largepillow.com\/et\/wp-json\/wp\/v2\/product\/688","targetHints":{"allow":["GET"]}}],"collection":[{"href":"https:\/\/www.largepillow.com\/et\/wp-json\/wp\/v2\/product"}],"about":[{"href":"https:\/\/www.largepillow.com\/et\/wp-json\/wp\/v2\/types\/product"}],"replies":[{"embeddable":true,"href":"https:\/\/www.largepillow.com\/et\/wp-json\/wp\/v2\/comments?post=688"}],"wp:featuredmedia":[{"embeddable":true,"href":"https:\/\/www.largepillow.com\/et\/wp-json\/wp\/v2\/media\/675"}],"wp:attachment":[{"href":"https:\/\/www.largepillow.com\/et\/wp-json\/wp\/v2\/media?parent=688"}],"wp:term":[{"taxonomy":"product_brand","embeddable":true,"href":"https:\/\/www.largepillow.com\/et\/wp-json\/wp\/v2\/product_brand?post=688"},{"taxonomy":"product_cat","embeddable":true,"href":"https:\/\/www.largepillow.com\/et\/wp-json\/wp\/v2\/product_cat?post=688"},{"taxonomy":"product_tag","embeddable":true,"href":"https:\/\/www.largepillow.com\/et\/wp-json\/wp\/v2\/product_tag?post=688"}],"curies":[{"name":"wp","href":"https:\/\/api.w.org\/{rel}","templated":true}]}}