{"id":712,"date":"2022-09-16T05:49:00","date_gmt":"2022-09-16T05:49:00","guid":{"rendered":"https:\/\/www.largepillow.com\/product\/triangle-pillow"},"modified":"2025-08-21T14:57:02","modified_gmt":"2025-08-21T14:57:02","slug":"suur-padi-voodipeatsile","status":"publish","type":"product","link":"https:\/\/www.largepillow.com\/et\/product\/big-pillow-for-bed-headboard","title":{"rendered":"Suur padi voodipeatsile"},"content":{"rendered":"<p>Suurenda oma mugavust voodipeatsi suure padjaga: kohustuslik lisa igasse koju<\/p>\n<p>Eluruumides \u00fclima mugavuse otsingul paistab Big Pillow For Bed Headboard silma mitmek\u00fclgse ja olulise lisandina igasse moodsasse magamistuppa, elutuppa v\u00f5i hubasesse nurka. See multifunktsionaalne padi pole lihtsalt dekoratiivese; see on kaaslane teie l\u00f5\u00f5gastushetkedeks, mis on loodud suurendama teie mugavust, olenemata sellest, kas hellitate oma lemmikraamatut, vaatate lemmiksarja v\u00f5i vajute rahulikku unne.<\/p>\n<p>\u00dclim mugavus uuesti defineeritud<\/p>\n<p>Teie mugavusvajadusi silmas pidades loodud suur voodipeatsi padi on loodud teie \u00fclimaks l\u00f5\u00f5gastuspartneriks. Olenemata sellest, kas asetate selle voodipeatsi vastu, diivanile v\u00f5i p\u00e4evavoodile, pakub see v\u00f5rratut mugavust ja tuge. Selle mitmek\u00fclgsus ulatub kaugemale pelgast seljatuge toetavast lugemispadjast; see toimib nii pika kiilukujulise padjana kui ka jalgade t\u00f5stmiseks m\u00f5eldud padjana, kehastades stiili ja funktsionaalsust \u00fches.<\/p>\n<p>Kvaliteetsed materjalid p\u00fcsiva mugavuse tagamiseks<\/p>\n<p>Padjap\u00fc\u00fcri 100% pol\u00fcesterkangast peene p\u00f5imitud tekstuuri ja t\u00e4psete \u00f5mblustega vastupidavus on garanteeritud. Polsterdusena kasutatavad suure tihedusega pol\u00fcesterkiud tagavad, et padi s\u00e4ilitab oma kuju ja toe, takistades selle longust isegi pikaajalisel kasutamisel. See p\u00fchendumus kvaliteetsetele materjalidele tagab, et teie mugavus ei j\u00e4\u00e4 kunagi j\u00e4releandmistele.<\/p>\n<p>Vaevatu hooldus<\/p>\n<p>M\u00f5istes lihtsuse ja mugavuse vajadust, eriti t\u00e4nap\u00e4eva kiire tempoga maailmas, on voodipeatsi suur padi kate, mis on lihtsa lukuga vaevata eemaldatav. N\u00f6\u00f6pidega kinnitatud katet saab kiireks masinpesuks h\u00f5lpsalt eemaldada, hoides padja v\u00e4rske ja kutsuvana.<\/p>\n<p>Teid silmas pidades loodud<\/p>\n<p>\u00dcks silmapaistvamaid omadusi on uuenduslik hoiutasku, mis on nutikalt disainitud hoidma olulisi asju, n\u00e4iteks kaugjuhtimispulte, k\u00e4eulatuses, k\u00f5rvaldades kadunud esemete p\u00e4rast tekkiva frustratsiooni. Lisaks pakub pol\u00fcestri ja linase segu mitte ainult vastupidavust, vaid ka elegantsi igale ruumile.<\/p>\n<p>Suuruse mitmek\u00fclgsus<\/p>\n<p>Saadaval on lai valik suurusi alates 45 cm kuni 200 cm, millel on erineva arvu n\u00f6\u00f6pe esteetiliseks ja funktsionaalseks variatsiooniks, nii et leidub suur voodipeatsi padi, mis sobib igale vajadusele ja ruumile. Olenemata sellest, kas teil on kompaktne \u00fcheinimesevoodi v\u00f5i lai kuningasuuruses voodi, saab seda peatsipatja vastavalt oma vajadustele kohandada.<\/p>\n<p>Klientide tunnustus: p\u00e4ris kogemused<\/p>\n<p>Meie kliendid, keda esindavad arvukad positiivsed kommentaarid, on jaganud oma kogemusi, tuues esile padja kvaliteetse kangasegu \u201ckolmnurkne seljatugipadi, puuvill ja lina\u201d, mis lisab nende ruumidesse luksust ja mugavust. Paljud on kiitnud selle multifunktsionaalset disaini, m\u00e4rkides, kuidas see on oluliselt suurendanud nende mugavust erinevate tegevuste, n\u00e4iteks lugemise ja magamise ajal. Ka lihtne puhastamine on olnud v\u00e4ga hinnatud aspekt, mis r\u00f5hutab padja funktsionaalsuse ja lihtsuse kombinatsiooni.<\/p>\n<p>Kokkuv\u00f5te<\/p>\n<p>Voodipeatsi suur padi on enamat kui lihtsalt padi; see on tunnistus funktsionaalsuse, mugavuse ja stiili \u00fchendamisest. Selle kvaliteetsed materjalid, hoolduse lihtsus ja multifunktsionaalne disain muudavad selle asendamatuks aksessuaariks igas kodus. Suurenda oma mugavust ja lisa oma ruumile elegantsi selle h\u00e4davajaliku padjaga. Nagu meie rahulolevad kliendid juba teavad, on see investeering teie mugavusse ja kodu esteetilisse atraktiivsusesse.<\/p>","protected":false},"excerpt":{"rendered":"<ul>\n<li><strong>\u00dclim mugavus:<\/strong> Meie peatsipadi on loodud pakkuma teile \u00fclimat mugavust lugemise, teleka vaatamise v\u00f5i magamise ajal. See sobib ideaalselt voodisse, diivanile, p\u00e4evavoodile ja mujale!<\/li>\n<li><strong>Multifunktsionaalne disain:<\/strong> Meie suurt pehmenduspatja saab kasutada mitmel viisil \u2013 seljatoe lugemispadjana, pika kiilpadjana v\u00f5i jalapadjana jalgade t\u00f5stmiseks. See on stiilne ja funktsionaalne, muutes selle suurep\u00e4raseks t\u00e4ienduseks igale magamistuppa.<\/li>\n<li><strong>Kvaliteetsed materjalid:<\/strong> Meie padjap\u00fc\u00fcr on valmistatud 100% pol\u00fcestrist, millel on p\u00f5imitud tekstuur ja peened \u00f5mblused, mis on igast k\u00fcljest vastupidavad. Polster on valmistatud suure tihedusega ja kvaliteetsetest pol\u00fcesterkiududest, mis takistavad longusolekut isegi kuude pikkuse kasutamise j\u00e4rel.<\/li>\n<li><strong>Lihtne puhastada:<\/strong> Peatsi padjap\u00fc\u00fcr on padja k\u00fclge kinnitatud n\u00f6\u00f6pidega ja seda on lihtne lukuga eemaldada. Eemalda lihtsalt kate ja pese see kiirelt masinas, et padi n\u00e4eks v\u00e4lja nagu uus.<\/li>\n<li><strong>Ideaalne hoiutasku:<\/strong> Meie peatsipadjal on mugav k\u00fcljetasku, mis tagab, et te ei kaota enam kunagi oma kaugjuhtimispulti.<\/li>\n<li><strong>Kangas:<\/strong>\u00a0Pol\u00fcestri ja linase segu.<\/li>\n<li><strong>Suurus:<\/strong> 45cm (P45 x L20 x K50 | 0 n\u00f6\u00f6pi), 60cm (P60 x L20 x K50 | 0 n\u00f6\u00f6pi), 80cm (P80 x L20 x K50 | 2 n\u00f6\u00f6pi), 100cm (P100 x L20 x K50 | 3 n\u00f6\u00f6pi), 120cm (P120 x L20 x K50 | 4 n\u00f6\u00f6pi), 140cm (P140 x L20 x K50 | 4 n\u00f6\u00f6pi), 160cm (P160 x L20 x K50 | 5 n\u00f6\u00f6pi), 180cm (P180 x L20 x K50 | 6 n\u00f6\u00f6pi), 200cm (P200 x L20 x K50 | 7 n\u00f6\u00f6pi).<\/li>\n<\/ul>","protected":false},"featured_media":698,"comment_status":"open","ping_status":"closed","template":"","meta":[],"product_brand":[],"product_cat":[15],"product_tag":[187,186,185,75,168,163,184,143],"class_list":{"0":"post-712","1":"product","2":"type-product","3":"status-publish","4":"has-post-thumbnail","6":"product_cat-large-wedge-pillow","7":"product_tag-back-support-reading-pillow","8":"product_tag-bed-headboard","9":"product_tag-big-pillow","10":"product_tag-daybed-pillow","11":"product_tag-headboard-pillow","12":"product_tag-leg-pillow","13":"product_tag-long-wedge-pillow","14":"product_tag-multifunctional-pillow","16":"first","17":"instock","18":"shipping-taxable","19":"purchasable","20":"product-type-variable"},"_links":{"self":[{"href":"https:\/\/www.largepillow.com\/et\/wp-json\/wp\/v2\/product\/712","targetHints":{"allow":["GET"]}}],"collection":[{"href":"https:\/\/www.largepillow.com\/et\/wp-json\/wp\/v2\/product"}],"about":[{"href":"https:\/\/www.largepillow.com\/et\/wp-json\/wp\/v2\/types\/product"}],"replies":[{"embeddable":true,"href":"https:\/\/www.largepillow.com\/et\/wp-json\/wp\/v2\/comments?post=712"}],"wp:featuredmedia":[{"embeddable":true,"href":"https:\/\/www.largepillow.com\/et\/wp-json\/wp\/v2\/media\/698"}],"wp:attachment":[{"href":"https:\/\/www.largepillow.com\/et\/wp-json\/wp\/v2\/media?parent=712"}],"wp:term":[{"taxonomy":"product_brand","embeddable":true,"href":"https:\/\/www.largepillow.com\/et\/wp-json\/wp\/v2\/product_brand?post=712"},{"taxonomy":"product_cat","embeddable":true,"href":"https:\/\/www.largepillow.com\/et\/wp-json\/wp\/v2\/product_cat?post=712"},{"taxonomy":"product_tag","embeddable":true,"href":"https:\/\/www.largepillow.com\/et\/wp-json\/wp\/v2\/product_tag?post=712"}],"curies":[{"name":"wp","href":"https:\/\/api.w.org\/{rel}","templated":true}]}}