{"id":735,"date":"2022-09-16T06:11:33","date_gmt":"2022-09-16T06:11:33","guid":{"rendered":"https:\/\/www.largepillow.com\/product\/wedge-pillow-for-acid-reflux_37"},"modified":"2024-10-03T16:31:35","modified_gmt":"2024-10-03T16:31:35","slug":"suur-peatsipadi-2","status":"publish","type":"product","link":"https:\/\/www.largepillow.com\/et\/product\/large-headboard-pillow","title":{"rendered":"Suur peatsipadi"},"content":{"rendered":"<p>Suur peatsipadi \u2013 \u00fclim mugav kaaslane teie voodile v\u00f5i diivanile! Olenemata sellest, kas loete, vaatate telekat v\u00f5i magate, on see padi loodud pakkuma teile erakordset mugavust ja tuge.<\/p>\n<p>See suur pehmenduspadi on multifunktsionaalse disainiga, mis v\u00f5imaldab seda mitmel viisil kasutada. Saate selle toetada vastu peatsit, et luua mugav seljatuge pakkuv lugemispadi, kasutada seda pika kiilukujulise padjana jalgade toetamiseks v\u00f5i isegi jalapadjana jalgade t\u00f5stmiseks. See on stiilne ja funktsionaalne, muutes selle suurep\u00e4raseks t\u00e4ienduseks igale magamistuppa.<\/p>\n<p>Selle padja valmistamiseks kasutatud esmaklassilised materjalid on \u00fcletamatud. Padjap\u00fc\u00fcr on valmistatud 100% pol\u00fcestri ja linase segust, millel on p\u00f5imitud tekstuur ja peened \u00f5mblused, mis on igast k\u00fcljest vastupidavad. Polster on valmistatud suure tihedusega ja kvaliteetsetest pol\u00fcesterkiududest, mis takistavad longusolekut isegi kuude pikkuse kasutamise j\u00e4rel.<\/p>\n<p>Padja puhtana hoidmine on imelihtne t\u00e4nu kergesti eemaldatavale kattele, mis on padja k\u00fclge n\u00f6\u00f6pidega kinnitatud. Lihtsalt ava kate ja viska see pesumasinasse, et padi uuev\u00e4\u00e4rne v\u00e4lja n\u00e4eks. Lisaks v\u00f5imaldab mugav k\u00fcljetasku sul hoida puldi v\u00f5i muid v\u00e4ikeseid esemeid k\u00e4ep\u00e4rast.<\/p>\n<p>Aga \u00e4rge uskuge ainult meie s\u00f5nu. Siin on m\u00f5ned rahulolevate klientide kommentaarid:<\/p>\n<p>\u2013 \u201cSee padi on nii mugav, ma ei suuda uskuda, et ma kunagi ilma selleta elanud olen!\u201d<br \/>\n\u2013 \u201cKangas on pehme ja luksuslik ning padi ise on v\u00e4ga toetav.\u201d<br \/>\n\u2013 \u201cMulle meeldivad suuruste valikud \u2013 leidsin \u00fche, mis sobib ideaalselt minu kuningavoodiga.\u201d<br \/>\n\u2013 \u201cPunane v\u00e4rv on ergas ja n\u00e4eb minu magamistoas suurep\u00e4rane v\u00e4lja.\u201d<br \/>\n\u2013 \u201cTasku muudab m\u00e4ngu reegleid \u2013 on nii mugav, et mul on pult k\u00e4eulatuses.\u201d<\/p>\n<p>Saadaval suurustes 45 cm kuni 200 cm, see suur peatsipadi on ideaalne t\u00e4iendus teie magamistuppa v\u00f5i elutuppa. \u00c4rge oodake, tellige oma juba t\u00e4na ja kogege \u00fclimat mugavust!<\/p>","protected":false},"excerpt":{"rendered":"<ul>\n<li><strong>\u00dclim mugavus:<\/strong> Meie peatsipadi on loodud pakkuma teile \u00fclimat mugavust lugemise, teleka vaatamise v\u00f5i magamise ajal. See sobib ideaalselt voodisse, diivanile, p\u00e4evavoodile ja mujale!<\/li>\n<li><strong>Multifunktsionaalne disain:<\/strong> Meie suurt pehmenduspatja saab kasutada mitmel viisil \u2013 seljatoe lugemispadjana, pika kiilpadjana v\u00f5i jalapadjana jalgade t\u00f5stmiseks. See on stiilne ja funktsionaalne, muutes selle suurep\u00e4raseks t\u00e4ienduseks igale magamistuppa.<\/li>\n<li><strong>Kvaliteetsed materjalid:<\/strong> Meie padjap\u00fc\u00fcr on valmistatud 100% pol\u00fcestrist, millel on p\u00f5imitud tekstuur ja peened \u00f5mblused, mis on igast k\u00fcljest vastupidavad. Polster on valmistatud suure tihedusega ja kvaliteetsetest pol\u00fcesterkiududest, mis takistavad longusolekut isegi kuude pikkuse kasutamise j\u00e4rel.<\/li>\n<li><strong>Lihtne puhastada:<\/strong> Peatsi padjap\u00fc\u00fcr on padja k\u00fclge kinnitatud n\u00f6\u00f6pidega ja seda on lihtne lukuga eemaldada. Eemalda lihtsalt kate ja pese see kiirelt masinas, et padi n\u00e4eks v\u00e4lja nagu uus.<\/li>\n<li><strong>Ideaalne hoiutasku:<\/strong> Meie peatsipadjal on mugav k\u00fcljetasku, mis tagab, et te ei kaota enam kunagi oma kaugjuhtimispulti.<\/li>\n<li><strong>Kangas:<\/strong>\u00a0Pol\u00fcestri ja linase segu.<\/li>\n<li><strong>Suurus:<\/strong> 45cm (P45 x L20 x K50 | 0 n\u00f6\u00f6pi), 60cm (P60 x L20 x K50 | 0 n\u00f6\u00f6pi), 80cm (P80 x L20 x K50 | 2 n\u00f6\u00f6pi), 100cm (P100 x L20 x K50 | 3 n\u00f6\u00f6pi), 120cm (P120 x L20 x K50 | 4 n\u00f6\u00f6pi), 140cm (P140 x L20 x K50 | 4 n\u00f6\u00f6pi), 160cm (P160 x L20 x K50 | 5 n\u00f6\u00f6pi), 180cm (P180 x L20 x K50 | 6 n\u00f6\u00f6pi), 200cm (P200 x L20 x K50 | 7 n\u00f6\u00f6pi).<\/li>\n<\/ul>","protected":false},"featured_media":722,"comment_status":"open","ping_status":"closed","template":"","meta":[],"product_brand":[],"product_cat":[15],"product_tag":[66,75,168,163,184,59],"class_list":{"0":"post-735","1":"product","2":"type-product","3":"status-publish","4":"has-post-thumbnail","6":"product_cat-large-wedge-pillow","7":"product_tag-back-support-pillow","8":"product_tag-daybed-pillow","9":"product_tag-headboard-pillow","10":"product_tag-leg-pillow","11":"product_tag-long-wedge-pillow","12":"product_tag-reading-pillow","14":"first","15":"instock","16":"featured","17":"shipping-taxable","18":"purchasable","19":"product-type-variable"},"_links":{"self":[{"href":"https:\/\/www.largepillow.com\/et\/wp-json\/wp\/v2\/product\/735","targetHints":{"allow":["GET"]}}],"collection":[{"href":"https:\/\/www.largepillow.com\/et\/wp-json\/wp\/v2\/product"}],"about":[{"href":"https:\/\/www.largepillow.com\/et\/wp-json\/wp\/v2\/types\/product"}],"replies":[{"embeddable":true,"href":"https:\/\/www.largepillow.com\/et\/wp-json\/wp\/v2\/comments?post=735"}],"wp:featuredmedia":[{"embeddable":true,"href":"https:\/\/www.largepillow.com\/et\/wp-json\/wp\/v2\/media\/722"}],"wp:attachment":[{"href":"https:\/\/www.largepillow.com\/et\/wp-json\/wp\/v2\/media?parent=735"}],"wp:term":[{"taxonomy":"product_brand","embeddable":true,"href":"https:\/\/www.largepillow.com\/et\/wp-json\/wp\/v2\/product_brand?post=735"},{"taxonomy":"product_cat","embeddable":true,"href":"https:\/\/www.largepillow.com\/et\/wp-json\/wp\/v2\/product_cat?post=735"},{"taxonomy":"product_tag","embeddable":true,"href":"https:\/\/www.largepillow.com\/et\/wp-json\/wp\/v2\/product_tag?post=735"}],"curies":[{"name":"wp","href":"https:\/\/api.w.org\/{rel}","templated":true}]}}