{"id":7511,"date":"2025-05-19T01:19:40","date_gmt":"2025-05-19T01:19:40","guid":{"rendered":"https:\/\/www.largepillow.com\/product\/multifunction-support-pillow-with-adjustable-reading-bolster"},"modified":"2025-05-19T04:14:08","modified_gmt":"2025-05-19T04:14:08","slug":"multifunktsionaalne-tugipadi-reguleeritava-lugemispadjaga","status":"publish","type":"product","link":"https:\/\/www.largepillow.com\/et\/product\/multifunction-support-pillow-with-adjustable-reading-bolster","title":{"rendered":"Multifunktsionaalne tugipadi reguleeritava lugemispehmendusega"},"content":{"rendered":"<p>Multifunktsionaalne kiilukujulise kujuga lugemispadi \u00fchendab endas esmaklassilise mugavuse ja mitmek\u00fclgse toe, et lahendada t\u00e4nap\u00e4eva elustiiliga seotud probleeme. M\u00e4nguritele, lugejatele ja kroonilise valu all kannatajatele loodud k\u00f5rge tihedusega vahtplastist s\u00fcdamik ja reguleeritav peatugi tagavad kogu keha ergonoomilise joondamise. Sametine kangas ja kaasaskantavast k\u00e4ekotist inspireeritud disain muudavad selle ideaalseks voodisse, diivanile v\u00f5i reisile, leevendades samal ajal happe refluksi, k\u00e4te tuimust ja halba r\u00fchti. \u00a0<\/p>\n<p><strong>Toote kohta:<\/strong><\/p>\n<ul>\n<li>3-\u00fches valuvaigisti: Toetab k\u00e4si, kaela, selga ja p\u00f5lvi, et v\u00f5idelda m\u00e4nguv\u00e4simuse, k\u00f5rvetiste ja ishiase vastu. \u00a0<\/li>\n<li>R\u00fchti t\u00e4iuslik disain: Ergonoomiline kiilukuju soodustab selgroo joondamist istudes v\u00f5i magades. \u00a0<\/li>\n<li>Luksus kohtub vastupidavusega: K\u00f5rgkvaliteetne vaht s\u00e4ilitab oma kuju aastaid koos masinpestava sametiga. \u00a0<\/li>\n<li>Kohandatav peatugi: libistage peatoepadja, et saada kohandatud nimme-, kaela- v\u00f5i k\u00fc\u00fcnarnukitoetus mis tahes asendisse. \u00a0<\/li>\n<li>Vaakumpakendatud ja kaasaskantav: Tarnitakse kokkusurutuna; paisub 48 tunniga. Ideaalne korteritesse v\u00f5i kingitusteks. \u00a0<\/li>\n<\/ul>\n<p><strong>KKK:<\/strong><br \/>\nK: Kas see sobib nii pikkade kui ka l\u00fchikeste kasutajate jaoks?<br \/>\nV: Jah! 22-tolline laius ja reguleeritav peatugi sobivad igale kehat\u00fc\u00fcbile (vanuses 12+). \u00a0<\/p>\n<p>K: Kui kaua aega l\u00e4heb, enne kui see p\u00e4rast karbist v\u00e4ljav\u00f5tmist laieneb?<br \/>\nA: Lase sel 24\u201348 tundi kohevaks paisuda \u2013 kannatust t\u00e4iuslikkuse saavutamiseks! \u00a0<\/p>\n<p>K: Kas vaht on k\u00f5va v\u00f5i pehme?<br \/>\nA: Goldilocksi poolt heaks kiidetud keskmise k\u00f5vadusega: toetav r\u00fchti s\u00e4ilitamiseks, pehme mugavuse tagamiseks. \u00a0<\/p>\n<p>K: Kas see libiseb siledatel voodipesudel alla?<br \/>\nA: Libisemisvastane sametist alus haakub pindadega \u2013 enam pole vaja keset filmi ebamugavalt s\u00e4ttida! \u00a0<\/p>\n<p>K: Kas ma saan seda kasutada s\u00fcnnitusj\u00e4rgselt v\u00f5i p\u00e4rast operatsiooni? \u00a0<br \/>\nV: Absoluutselt! Arstid soovitavad keisril\u00f5ikej\u00e4rgseks taastumiseks ja GERD-i raviks kiilpatju. \u00a0<\/p>\n<p>K: Kuidas lekkeid puhastada?<br \/>\nA: Avage kate lukk, visake see pesumasinasse (\u00f5rn k\u00fclmpesu ts\u00fckkel) ja laske \u00f5hu k\u00e4es kuivada. \u00c4rge kuivatage \u2013 me ei t\u00f5mbu kokku! \u00a0<\/p>\n<p><strong>Miks osta see padi?<\/strong><br \/>\n1. L\u00f5peta telefoni kerimisest v\u00f5i s\u00fclearvuti kasutamisest voodis k\u00e4te pinge. \u00a0<br \/>\n2. Asendage mahukad padjad \u00fche kiiluga lugemiseks, k\u00fclili magamiseks ja happe refluksi leevendamiseks. \u00a0<br \/>\n3. V\u00e4ldi odavaid ja l\u00e4bivajuvaid voodipuhkuse patju \u2013 meie poroloon on ortopeedilise kvaliteediga. \u00a0<\/p>","protected":false},"excerpt":{"rendered":"<ul>\n<li>\u00dclim k\u00e4e- ja k\u00fc\u00fcnarnukitugi maksimaalse mugavuse tagamiseks: See s\u00fcleshoitav lugemispadi on loodud v\u00e4simuse leevendamiseks ja k\u00e4te toetamiseks ning tagab t\u00e4iusliku mugavuse k\u00fc\u00fcnarnukkidele, k\u00e4sivartele ja randmetele. Olenemata sellest, kas m\u00e4ngid, loed, kasutad telefoni v\u00f5i kood, soodustab see ergonoomiline padi \u00f5iget r\u00fchti ja aitab v\u00e4hendada halbadest istumisharjumustest tingitud valu. J\u00e4tke k\u00e4te tuimus ja ebamugavustunne h\u00fcvasti!<\/li>\n<li>Multifunktsionaalne kiilpadi kogu keha toetamiseks: Enam kui lihtsalt lugemispadi \u2013 selle ergonoomiline kiilpadi muudab selle mitmek\u00fclgseks kiilpadjaks, mis toetab kogu keha. Kasutage seda \u00fclakeha t\u00f5stmiseks, happe refluksi, k\u00f5rvetiste ja seljavalu leevendamiseks v\u00f5i isegi p\u00f5lvekiilpadjana. Olenemata sellest, kas magate selili v\u00f5i k\u00fcljel, kohandub see seljavalu leevendav kiilpadi teie vajadustega. Kui teil on probleeme r\u00fchiga, asetage see p\u00fcsti ja kasutage seda seljatoe padjana.<\/li>\n<li>Stiilne k\u00e4ekotist inspireeritud disain reguleeritava peatoega: Selle kiilukujulise padja ainulaadne k\u00e4ekoti kuju lisab teie kodule moodsa ja praktilise h\u00f5ngu. See sisaldab reguleeritavat v\u00e4ikest peatuge, mida saab vastavalt vajadusele \u00fcmber paigutada, et toetada teie pead, kaela, v\u00f6\u00f6kohta v\u00f5i selga. T\u00e4iuslik stiili ja funktsionaalsuse segu!<\/li>\n<li>Luksuslik sametkangas ja suure tihedusega vaht \u00fclima mugavuse tagamiseks: \u00dclipehmest sametkangast ja koheva pol\u00fcestert\u00e4idisega peatoest valmistatud m\u00e4ngupadi pakub ideaalset tasakaalu pehmuse ja toe vahel. Suure tihedusega vaht kohandub teie kehaga, s\u00e4ilitades samal ajal oma kuju, tagades pikaajalise mugavuse lugemisel, t\u00f6\u00f6tamisel v\u00f5i l\u00f5\u00f5gastumisel.<\/li>\n<li>Lihtne puhastada ja mugav paigaldada: S\u00fclepadja v\u00e4rskena hoidmine on imelihtne! Eemaldatav ja masinpestav kate tagab pikaajalise puhtuse. S\u00fclepadi tarnitakse vaakumpakendatuna \u2013 enne kasutamist laske sellel lihtsalt 24\u201348 tundi t\u00e4ielikult paisuda. Kogege enneolematut mugavust, mis on loodud just teile!<\/li>\n<\/ul>","protected":false},"featured_media":7503,"comment_status":"open","ping_status":"closed","template":"","meta":[],"product_brand":[],"product_cat":[228],"product_tag":[],"class_list":{"0":"post-7511","1":"product","2":"type-product","3":"status-publish","4":"has-post-thumbnail","6":"product_cat-cushions","8":"first","9":"instock","10":"shipping-taxable","11":"purchasable","12":"product-type-simple"},"_links":{"self":[{"href":"https:\/\/www.largepillow.com\/et\/wp-json\/wp\/v2\/product\/7511","targetHints":{"allow":["GET"]}}],"collection":[{"href":"https:\/\/www.largepillow.com\/et\/wp-json\/wp\/v2\/product"}],"about":[{"href":"https:\/\/www.largepillow.com\/et\/wp-json\/wp\/v2\/types\/product"}],"replies":[{"embeddable":true,"href":"https:\/\/www.largepillow.com\/et\/wp-json\/wp\/v2\/comments?post=7511"}],"wp:featuredmedia":[{"embeddable":true,"href":"https:\/\/www.largepillow.com\/et\/wp-json\/wp\/v2\/media\/7503"}],"wp:attachment":[{"href":"https:\/\/www.largepillow.com\/et\/wp-json\/wp\/v2\/media?parent=7511"}],"wp:term":[{"taxonomy":"product_brand","embeddable":true,"href":"https:\/\/www.largepillow.com\/et\/wp-json\/wp\/v2\/product_brand?post=7511"},{"taxonomy":"product_cat","embeddable":true,"href":"https:\/\/www.largepillow.com\/et\/wp-json\/wp\/v2\/product_cat?post=7511"},{"taxonomy":"product_tag","embeddable":true,"href":"https:\/\/www.largepillow.com\/et\/wp-json\/wp\/v2\/product_tag?post=7511"}],"curies":[{"name":"wp","href":"https:\/\/api.w.org\/{rel}","templated":true}]}}