{"id":7541,"date":"2025-05-19T02:51:40","date_gmt":"2025-05-19T02:51:40","guid":{"rendered":"https:\/\/www.largepillow.com\/product\/cloud-shaped-dog-cat-bed-with-removable-cover-easy-clean"},"modified":"2025-05-19T04:14:09","modified_gmt":"2025-05-19T04:14:09","slug":"pilvekujuline-koera-kassivoodi-eemaldatava-kattega-lihtne-puhastada","status":"publish","type":"product","link":"https:\/\/www.largepillow.com\/et\/product\/cloud-shaped-dog-cat-bed-with-removable-cover-easy-clean\/","title":{"rendered":"Pilvekujuline koera- ja kassivoodi eemaldatava kattega, kergesti puhastatav"},"content":{"rendered":"[zc_getpagecontent mb=&#8221;mb_aplus&#8221; apid=&#8221;127&#8243;]\n","protected":false},"excerpt":{"rendered":"<ul>\n<li>Elegantne pilvedisain: See keskmise suurusega koeravoodi uhkeldab v\u00f5luva pilvedest inspireeritud disainiga, mis mitte ainult ei j\u00e4\u00e4dvusta lemmiklooma loomuliku puhkepaiga olemust taevas, vaid on ka teie kodu kujunduses v\u00f5luv aktsent; selle pehmed, ebakorrap\u00e4rased servad j\u00e4ljendavad p\u00e4ris pilve kohevat v\u00e4limust, pakkudes teie lemmikloomale visuaalselt atraktiivset ja kutsuvat puhkekohta.<\/li>\n<li>Mugavus ja tugi: Voodi on valmistatud suure tihedusega ja tugeva toega k\u00e4snp\u00f5hjast, mis pakub teie lemmiklooma kehale kindlat, kuid mugavat tuge; \u00dcmbritsev pehmendus on t\u00e4idetud pehme PP-puuvillaga, mis mitte ainult ei lisa \u00fcldist hubasust, vaid pakub ka servadele \u00f5rna pehmendust, tagades teie lemmikloomale turvalise ja mugava tunde.<\/li>\n<li>Vastupidav libisemiskindla alusega: Voodi on valmistatud vastupidavast, pehmest valgest kangast, mida on lihtne eemaldada, pesta ja hooldada, samas kui libisemiskindel p\u00f5hi tagab, et voodi p\u00fcsib paigal ka siledatel p\u00f5randatel, v\u00e4hendades ohtu, et teie lemmikloom seda kasutamise ajal l\u00fckkab v\u00f5i libiseb.<\/li>\n<li>Rohkelt ruumi mitmele lemmikloomale: See pilvekujuline koeravoodi on 80 \u00d7 40 sentimeetri suuruse siseruumiga piisavalt avar, et mahutada mugavalt \u00fchte keskmise suurusega koera v\u00f5i kuni kolme v\u00e4ikest koera, mist\u00f5ttu on see suurep\u00e4rane valik mitme lemmikloomaga lemmikloomaomanikele, kes soovivad pakkuda iga\u00fchele mugavat ja jagatud puhkeala.<\/li>\n<li>Mitmek\u00fclgne ja stiilne: selle esteetiline atraktiivsus ja praktiline disain muudavad selle sobivaks paigutamiseks igasse maja ruumi, sealhulgas elutuppa, magamistuppa ja isegi p\u00e4ikesepaistelistele r\u00f5dudele, ilma et see kahjustaks stiili v\u00f5i mugavust.<\/li>\n<\/ul>","protected":false},"featured_media":7532,"comment_status":"open","ping_status":"closed","template":"","meta":[],"product_brand":[],"product_cat":[227],"product_tag":[],"class_list":{"0":"post-7541","1":"product","2":"type-product","3":"status-publish","4":"has-post-thumbnail","6":"product_cat-pet-supplies","8":"first","9":"outofstock","10":"shipping-taxable","11":"purchasable","12":"product-type-simple"},"_links":{"self":[{"href":"https:\/\/www.largepillow.com\/et\/wp-json\/wp\/v2\/product\/7541","targetHints":{"allow":["GET"]}}],"collection":[{"href":"https:\/\/www.largepillow.com\/et\/wp-json\/wp\/v2\/product"}],"about":[{"href":"https:\/\/www.largepillow.com\/et\/wp-json\/wp\/v2\/types\/product"}],"replies":[{"embeddable":true,"href":"https:\/\/www.largepillow.com\/et\/wp-json\/wp\/v2\/comments?post=7541"}],"wp:featuredmedia":[{"embeddable":true,"href":"https:\/\/www.largepillow.com\/et\/wp-json\/wp\/v2\/media\/7532"}],"wp:attachment":[{"href":"https:\/\/www.largepillow.com\/et\/wp-json\/wp\/v2\/media?parent=7541"}],"wp:term":[{"taxonomy":"product_brand","embeddable":true,"href":"https:\/\/www.largepillow.com\/et\/wp-json\/wp\/v2\/product_brand?post=7541"},{"taxonomy":"product_cat","embeddable":true,"href":"https:\/\/www.largepillow.com\/et\/wp-json\/wp\/v2\/product_cat?post=7541"},{"taxonomy":"product_tag","embeddable":true,"href":"https:\/\/www.largepillow.com\/et\/wp-json\/wp\/v2\/product_tag?post=7541"}],"curies":[{"name":"t\u00f6\u00f6leht","href":"https:\/\/api.w.org\/{rel}","templated":true}]}}