{"id":7724,"date":"2025-05-23T03:43:35","date_gmt":"2025-05-23T03:43:35","guid":{"rendered":"https:\/\/www.largepillow.com\/product\/calming-dog-bed-with-removable-cushion-indoor-round-kennel"},"modified":"2025-05-28T01:44:41","modified_gmt":"2025-05-28T01:44:41","slug":"rahustav-koeravoodi-eemaldatava-padjaga-siseruumides-kasutatav-ummargune-koerakuut","status":"publish","type":"product","link":"https:\/\/www.largepillow.com\/et\/product\/calming-dog-bed-with-removable-cushion-indoor-round-kennel","title":{"rendered":"Rahustav koeravoodi eemaldatava padjaga, \u00fcmmargune siseruumides kasutatav koerakuut"},"content":{"rendered":"[zc_getpagecontent mb=&#8221;mb_aplus&#8221; apid=&#8221;120&#8243;]\n","protected":false},"excerpt":{"rendered":"<ul>\n<li>Ainulaadne kaisudisain \u2013 See kallistusest inspireeritud \u00fcmmargune koeravoodi on \u00fcmara disainiga ja k\u00f5rgete servadega, mis tekitab tunde, nagu hoiaks omanik koera kogu aeg s\u00fcles, pakkudes t\u00e4ielikku turvatunnet.<\/li>\n<li>Rahustav ja \u00e4revusvastane \u2013 Koeravoodi ainulaadne konstruktsioon loob pesalaadse keskkonna, aitab v\u00e4hendada koerte \u00e4revust, pakkudes turvatunnet ja mugavustunnet; See on ideaalne valik koertele, kes on kergesti stressis, olgu see siis eraldus\u00e4revuse, \u00e4ikesetormide v\u00f5i uute keskkondade t\u00f5ttu.<\/li>\n<li>Aastaringne matt \u2013 P\u00f6\u00f6ratava koeramati disainiga matt, mille m\u00f5lemal k\u00fcljel on erinevad materjalid, kohandub erinevate aastaaegadega; sametk\u00fclg on talvel soe ja mugav, teine k\u00fclg aga suvel v\u00e4rskendav ja hingav, saavutades aastaringse kasutamise ja hoolitsedes teie koera une eest aastaringselt.<\/li>\n<li>Kvaliteetsed materjalid \u2013 See on valmistatud sametist soojast kattest, Oxford-kangast, suure tihedusega PP-puuvillast, tugevast vahust ja libisemisvastasest padjast. See pole mitte ainult pehme ja mugav, vaid pakub ka suurep\u00e4raseid tuge ja libisemisvastaseid omadusi, muudab teie koera kasutamise mugavamaks ja tagab toote vastupidavuse.<\/li>\n<li>Lihtne hooldus \u2013 koeravoodi on eemaldatav ja masinpestav; lihtsalt avage lukk, v\u00f5tke v\u00e4lja alumine vaht ja PP-puuvill ning pange kate pesumasinasse; see lahendab puhastusprobleemi h\u00f5lpsalt ja hoiab koeravoodi puhta ja h\u00fcgieenilise.<\/li>\n<li>Suurus: Keskmine \u2013 76 * 76 * 30 cm (30,0\u2033 P x 30,0\u2033 L x 12,0\u2033 Paksus); Suur \u2013 110 * 110 * 35 cm (45,0\u2033 P x 45,0\u2033 L x 14,0\u2033 Paksus).<\/li>\n<\/ul>","protected":false},"featured_media":7713,"comment_status":"open","ping_status":"closed","template":"","meta":[],"product_brand":[],"product_cat":[227],"product_tag":[],"class_list":{"0":"post-7724","1":"product","2":"type-product","3":"status-publish","4":"has-post-thumbnail","6":"product_cat-pet-supplies","8":"first","9":"instock","10":"shipping-taxable","11":"purchasable","12":"product-type-variable","13":"has-default-attributes"},"_links":{"self":[{"href":"https:\/\/www.largepillow.com\/et\/wp-json\/wp\/v2\/product\/7724","targetHints":{"allow":["GET"]}}],"collection":[{"href":"https:\/\/www.largepillow.com\/et\/wp-json\/wp\/v2\/product"}],"about":[{"href":"https:\/\/www.largepillow.com\/et\/wp-json\/wp\/v2\/types\/product"}],"replies":[{"embeddable":true,"href":"https:\/\/www.largepillow.com\/et\/wp-json\/wp\/v2\/comments?post=7724"}],"wp:featuredmedia":[{"embeddable":true,"href":"https:\/\/www.largepillow.com\/et\/wp-json\/wp\/v2\/media\/7713"}],"wp:attachment":[{"href":"https:\/\/www.largepillow.com\/et\/wp-json\/wp\/v2\/media?parent=7724"}],"wp:term":[{"taxonomy":"product_brand","embeddable":true,"href":"https:\/\/www.largepillow.com\/et\/wp-json\/wp\/v2\/product_brand?post=7724"},{"taxonomy":"product_cat","embeddable":true,"href":"https:\/\/www.largepillow.com\/et\/wp-json\/wp\/v2\/product_cat?post=7724"},{"taxonomy":"product_tag","embeddable":true,"href":"https:\/\/www.largepillow.com\/et\/wp-json\/wp\/v2\/product_tag?post=7724"}],"curies":[{"name":"wp","href":"https:\/\/api.w.org\/{rel}","templated":true}]}}