{"id":802,"date":"2022-09-17T13:48:56","date_gmt":"2022-09-17T13:48:56","guid":{"rendered":"https:\/\/www.largepillow.com\/product\/wedge-pillow-for-acid-reflux_37_38_39_40"},"modified":"2026-03-13T16:55:31","modified_gmt":"2026-03-13T16:55:31","slug":"kiilukujuline-padi-2","status":"publish","type":"product","link":"https:\/\/www.largepillow.com\/et\/product\/wedge-bolster-pillow","title":{"rendered":"Kiilukujuline padi"},"content":{"rendered":"<p>\u00dclim mugavus kiilukujulise polsterdusega padi<\/p>\n<p>Kas otsid ideaalset lugemis- v\u00f5i telerivaatamise patja? Tutvustame teile Wedge Bolster padja \u2013 \u00fclimat k\u00f5rgendatud peatsipatja, mis pakub \u00fclimat mugavust ja tuge.<\/p>\n<p>Oma kumera kuju ja kaherealise k\u00f5rgendatud seljatoega toetab see XL-padi voodis istudes korralikult teie kaela ja selga. Multifunktsionaalne disain sobib suurep\u00e4raselt ka p\u00fcstise seljatoe padja, kiilpadja v\u00f5i jalapadjana. <\/p>\n<p>Valmistatud 100% pol\u00fcestrist ja keskkonnas\u00f5bralikust pol\u00fcesterkiust t\u00e4idisega, on kangal linane v\u00e4limus, mis sobib iga magamistoa kujundusega. Eemaldatav kate on masinpestav, mis teeb hoolduse lihtsaks. Sellel \u00fclisuurel peatsipadjal on ka v\u00e4ikesed k\u00fcljetaskud raamatute, pultide, telefonide ja muu hoidmiseks. <\/p>\n<p>Siin on, mida m\u00f5ned kliendid \u00fctlesid:<\/p>\n<p>\u201cMulle meeldib selle voodikiilpadja v\u00e4limus ja tunne. Linane kangas on v\u00e4ga pehme ja v\u00e4rv sobib minu magamistuppa suurep\u00e4raselt.\u201d<\/p>\n<p>\u201cSee lugemispadi pakub suurep\u00e4rast seljatuge. Ma v\u00f5in tundide kaupa voodis istuda ilma kaela- v\u00f5i seljavaluta.\u201d<\/p>\n<p>\u201cK\u00f5rgendatud disain sobib ideaalselt voodis lugemiseks v\u00f5i s\u00fclearvutiga t\u00f6\u00f6tamiseks. See loob suurep\u00e4rase seljatoe, mis hoiab mind mugavalt p\u00fcsti.\u201d<\/p>\n<p>\u201cV\u00f5tsin 160 cm suuruse ja see v\u00f5tab enda alla terve voodipeatsi. Piisavalt suur, et seal mugavalt istuda ja filme vaadata.\u201d<\/p>\n<p>Saadaval on 100 cm kuni 200 cm pikkused kiilukujulised peatsipadjad, seega leiate kindlasti oma ruumile sobiva suurusega peatsipadja. Andke oma seljale, kaelale ja jalgadele mugavus, mida nad v\u00e4\u00e4rivad! Hankige oma multifunktsionaalne peatsipadi juba t\u00e4na.<\/p>","protected":false},"excerpt":{"rendered":"<ul>\n<li><strong>\u00dclim mugavus:<\/strong> See XL-suuruses k\u00f5rgendatud peatsipadi pakub t\u00e4nu oma kumerale kujule suurep\u00e4rast mugavust. See peatsiga lugemispadi aitab teil voodis, diivanvoodil v\u00f5i diivanil pingevabalt p\u00fcsida, mis sobib ideaalselt \u00f6\u00f6kullidele, raamatukoidele ja voodis teleka vaatamiseks.<\/li>\n<li><strong>K\u00f5rgendatud seljatoe disain:<\/strong> Nautige v\u00f5rratut mugavust meie peatsipadja ainulaadse kaherealise k\u00f5rgendatud seljatoe disainiga. K\u00f5rgendatud seljatoega peatsipadi pakub suurep\u00e4rast tuge teie kaelale ja seljale, muutes selle ideaalseks kohaks voodis l\u00f5\u00f5gastumiseks ja lugemiseks.<\/li>\n<li><strong>Multifunktsionaalne padi:<\/strong> Kolme erineva kasutusviisiga sobib meie padi ideaalselt igasse olukorda. Olenemata sellest, kas eelistate seda kasutada p\u00fcstise seljatoe padjana, kiilpadjana v\u00f5i jalapadjana k\u00f5rgema toe saamiseks, on see ideaalne aksessuaar mugavaks puhkuseks ja l\u00f5\u00f5gastumiseks.<\/li>\n<li><strong>Suurep\u00e4rane k\u00e4sit\u00f6\u00f6:<\/strong> Meie peatsipadi on valmistatud linase v\u00e4limusega kangast, mille koostis on 100% pol\u00fcester, ning t\u00e4idetud keskkonnas\u00f5braliku ja v\u00e4ga vastupidava pol\u00fcesterkiuga. Eemaldatavat pehmendust on lihtne masinas pesta ning v\u00e4ikesed k\u00fcljetaskud lisavad sellele niigi luksuslikule tootele praktilisust.<\/li>\n<li><strong>Lihtne pesta:<\/strong> Peatsi padjap\u00fc\u00fcr on n\u00f6\u00f6pidega padja sisek\u00fcljele kinnitatud ja seda on lihtsa lukuga lihtne eemaldada. See muudab selle puhastamise probleemivabaks. Eemaldage lihtsalt kate ja peske see kiiresti masinas, et teie padi n\u00e4eks v\u00e4lja nagu uus.<\/li>\n<li><strong>Suurus:<\/strong> 100cm (P100 x L26 x K55 | 3 veeruga nupud), 120cm (P120 x L26 x K55 | 4 veeruga nupud), 140cm (P140 x L26 x K55 | 4 veeruga nupud), 160cm (P160 x L26 x K55 | 5 veeruga nupud), 180cm (P180 x L26 x K55 | 6 veeruga nupud), 200cm (P200 x L26 x K55 | 7 veeruga nupud).<\/li>\n<\/ul>","protected":false},"featured_media":788,"comment_status":"open","ping_status":"closed","template":"","meta":[],"product_brand":[],"product_cat":[15],"product_tag":[164,161,168,163,143,169,162,167,65],"class_list":{"0":"post-802","1":"product","2":"type-product","3":"status-publish","4":"has-post-thumbnail","6":"product_cat-large-wedge-pillow","7":"product_tag-detachable-bolster-bed-cushion","8":"product_tag-elevated-headboard-pillow","9":"product_tag-headboard-pillow","10":"product_tag-leg-pillow","11":"product_tag-multifunctional-pillow","12":"product_tag-support-pillow","13":"product_tag-upright-back-pillow","14":"product_tag-wedge-bolster-pillow","15":"product_tag-wedge-pillow","17":"first","18":"instock","19":"shipping-taxable","20":"purchasable","21":"product-type-variable"},"_links":{"self":[{"href":"https:\/\/www.largepillow.com\/et\/wp-json\/wp\/v2\/product\/802","targetHints":{"allow":["GET"]}}],"collection":[{"href":"https:\/\/www.largepillow.com\/et\/wp-json\/wp\/v2\/product"}],"about":[{"href":"https:\/\/www.largepillow.com\/et\/wp-json\/wp\/v2\/types\/product"}],"replies":[{"embeddable":true,"href":"https:\/\/www.largepillow.com\/et\/wp-json\/wp\/v2\/comments?post=802"}],"wp:featuredmedia":[{"embeddable":true,"href":"https:\/\/www.largepillow.com\/et\/wp-json\/wp\/v2\/media\/788"}],"wp:attachment":[{"href":"https:\/\/www.largepillow.com\/et\/wp-json\/wp\/v2\/media?parent=802"}],"wp:term":[{"taxonomy":"product_brand","embeddable":true,"href":"https:\/\/www.largepillow.com\/et\/wp-json\/wp\/v2\/product_brand?post=802"},{"taxonomy":"product_cat","embeddable":true,"href":"https:\/\/www.largepillow.com\/et\/wp-json\/wp\/v2\/product_cat?post=802"},{"taxonomy":"product_tag","embeddable":true,"href":"https:\/\/www.largepillow.com\/et\/wp-json\/wp\/v2\/product_tag?post=802"}],"curies":[{"name":"wp","href":"https:\/\/api.w.org\/{rel}","templated":true}]}}