{"id":8155,"date":"2025-06-11T04:01:50","date_gmt":"2025-06-11T04:01:50","guid":{"rendered":"https:\/\/www.largepillow.com\/product\/large-floor-loveseat-casual-recliner-for-gaming-reading"},"modified":"2026-01-21T02:17:34","modified_gmt":"2026-01-21T02:17:34","slug":"suur-porandal-asuv-diivan-vabaaja-tugitool-mangimiseks-ja-lugemiseks","status":"publish","type":"product","link":"https:\/\/www.largepillow.com\/et\/product\/large-floor-loveseat-casual-recliner-for-gaming-reading","title":{"rendered":"Suur p\u00f5randal asuv diivan, vabaaja tugitool m\u00e4ngimiseks, lugemiseks"},"content":{"rendered":"[zc_getpagecontent mb=&#8221;mb_aplus&#8221; apid=&#8221;136&#8243;]\n","protected":false},"excerpt":{"rendered":"<ul>\n<li>Lihtne paigaldada: Meie \u00fclisuur tugitool on vaakumpakendatud ning diivanikatted ja 4 vahtplastist raami pakitakse 3 pakendisse. Kuna metallkonstruktsiooni pole, on selle kokkupanek imelihtne \u2013 laske vahtplastil p\u00e4rast k\u00e4ttesaamist 24\u201348 tundi paisuda ja pange see kokku vastavalt meie paigaldusvideole. Allosas olev \u00fclisuur t\u00f5mblukk muudab hoolduse imelihtsaks, kuna see on eemaldatav ja masinpestav.<\/li>\n<li>Luksuslik mugavus: Kogege k\u00fcllust meie \u00fclisuures sisediivanis, mis on polsterdatud \u00fclipehme laia triibuga l\u00fchikese pl\u00fc\u00fcskangaga, mis \u00fcletab pehmuse ja elegantsi poolest tavalise velvetist kanga. Selle pehmus embab teid, v\u00f5imaldades teie kehal l\u00f5\u00f5gastuda ja l\u00f5\u00f5gastuda. M\u00e4rkus: Laia triibuga l\u00fchikesel pl\u00fc\u00fcsil v\u00f5ib kanga omaduste t\u00f5ttu olla veidi karvakadu, kuid see ei m\u00f5juta kasutamist.<\/li>\n<li>Stabiilne ja rahustav tugi: Meie \u00fclisuur lamamistool on valmistatud vastupidavast vahtp\u00f5hjast ja t\u00e4idetud koheva pol\u00fcesterkiuga, pakkudes ideaalset tasakaalu kindla toe ja taevaliku pehmuse vahel. Seljatoe ja k\u00e4etugede nutikas astmeline disain loob kookonilaadse efekti, pakkudes teile turvatunnet ja mugavust, mis peab ajaproovile vastu ilma vajumata v\u00f5i kokku varisemata.<\/li>\n<li>Mitmek\u00fclgne ja avar: Meie avar tugitool kohandub sujuvalt teie elustiiliga, olgu see siis hubane diivanvoodi elutoas v\u00f5i l\u00f5\u00f5gastav tugitool magamistoas. Ideaalne t\u00f6\u00f6tamiseks, l\u00f5\u00f5gastumiseks v\u00f5i meelelahutuseks, see on \u00fclim kaaslane mitmesugusteks tegevusteks, alates filmi\u00f5htutest ja lugemissessioonidest kuni kvaliteetajani l\u00e4hedastega.<\/li>\n<li>Kaasaegne v\u00f5lu: \u00dclisuur diivanvoodi on \u0161iki ja moodsa esteetikaga, mis sulandub sujuvalt teie ruumi. Selle neutraalne v\u00e4rvipalett on pingutuseta stiilne ning kahe sobiva dekoratiivpadja lisamine t\u00e4iustab teie kodu kujundust \u0161iki ja koosk\u00f5lastatud ilmega, mis koheselt iga ruumi k\u00f5rgemale t\u00f5stab.<\/li>\n<\/ul>","protected":false},"featured_media":8142,"comment_status":"open","ping_status":"closed","template":"","meta":[],"product_brand":[],"product_cat":[228],"product_tag":[],"class_list":{"0":"post-8155","1":"product","2":"type-product","3":"status-publish","4":"has-post-thumbnail","6":"product_cat-cushions","8":"first","9":"instock","10":"sale","11":"sold-individually","12":"shipping-taxable","13":"purchasable","14":"product-type-simple"},"_links":{"self":[{"href":"https:\/\/www.largepillow.com\/et\/wp-json\/wp\/v2\/product\/8155","targetHints":{"allow":["GET"]}}],"collection":[{"href":"https:\/\/www.largepillow.com\/et\/wp-json\/wp\/v2\/product"}],"about":[{"href":"https:\/\/www.largepillow.com\/et\/wp-json\/wp\/v2\/types\/product"}],"replies":[{"embeddable":true,"href":"https:\/\/www.largepillow.com\/et\/wp-json\/wp\/v2\/comments?post=8155"}],"wp:featuredmedia":[{"embeddable":true,"href":"https:\/\/www.largepillow.com\/et\/wp-json\/wp\/v2\/media\/8142"}],"wp:attachment":[{"href":"https:\/\/www.largepillow.com\/et\/wp-json\/wp\/v2\/media?parent=8155"}],"wp:term":[{"taxonomy":"product_brand","embeddable":true,"href":"https:\/\/www.largepillow.com\/et\/wp-json\/wp\/v2\/product_brand?post=8155"},{"taxonomy":"product_cat","embeddable":true,"href":"https:\/\/www.largepillow.com\/et\/wp-json\/wp\/v2\/product_cat?post=8155"},{"taxonomy":"product_tag","embeddable":true,"href":"https:\/\/www.largepillow.com\/et\/wp-json\/wp\/v2\/product_tag?post=8155"}],"curies":[{"name":"wp","href":"https:\/\/api.w.org\/{rel}","templated":true}]}}