{"id":8334,"date":"2025-06-16T02:13:39","date_gmt":"2025-06-16T02:13:39","guid":{"rendered":"https:\/\/www.largepillow.com\/product\/stylish-bedroom-wedge-pillow-with-ergonomic-neck-rest"},"modified":"2025-06-17T02:29:59","modified_gmt":"2025-06-17T02:29:59","slug":"stiilne-magamistoa-kiilpadi-ergonoomilise-kaelatoega","status":"publish","type":"product","link":"https:\/\/www.largepillow.com\/et\/product\/stylish-bedroom-wedge-pillow-with-ergonomic-neck-rest","title":{"rendered":"Stiilne magamistoa kiilukujuline padi ergonoomilise kaelatoega"},"content":{"rendered":"[zc_getpagecontent mb=&#8221;mb_aplus&#8221; apid=&#8221;118&#8243;]\n","protected":false},"excerpt":{"rendered":"<ul>\n<li>Innovatiivne kaheosaline disain \u2013 see peatsipadi paistab silma ainulaadse disainiga. \u00dclemine valge peatugi pakub pilvelaadset varjupaika teie peale; samal ajal kui alumine, laiem sinine seljatugi pakub tugevat tuge teie seljale, mis toob teie magamistuppa harmoonilise segu funktsionaalsusest ja stiilist.<\/li>\n<li>L\u00f5putud kasutusv\u00f5imalused \u2013 olenemata sellest, kas sukeldute kaasahaaravasse romaani, vaatate oma lemmiksaateid v\u00f5i naudite lihtsalt rahulikku hetke, on see padi teie ideaalne partner; ideaalne laiskadeks p\u00fchap\u00e4evahommikuteks, p\u00e4rastl\u00f5unasteks siestadeks v\u00f5i hilis\u00f5htusteks lugemisretkedeks, t\u00f5stes teie l\u00f5\u00f5gastuskogemuse voodis esile.<\/li>\n<li>K\u00f5igi mugavuseks \u2013 Meie padi on loodud kaasatust silmas pidades ja sobib k\u00f5igile. \u00d5pilased saavad p\u00e4rast pikki \u00f5ppesessioone l\u00f5\u00f5gastuda, spetsialistid p\u00e4rast v\u00e4sitavat p\u00e4eva l\u00f5\u00f5gastuda ja eakad leiavad puhkamiseks lisamugavust. Selle ergonoomiline disain tagab, et igas vanuses ja kehat\u00fc\u00fcbiga inimesed saavad nautida suurep\u00e4rast tuge ja hubasust.<\/li>\n<li>Kohandatava k\u00f5rguse eelis \u2013 Kohandatava k\u00f5rguse funktsioon muudab m\u00e4ngu reegleid. Mugava kleeplindiga \u00fchendatud peatoe asendit saab vaevata reguleerida. T\u00f5sta seda parema kaelatoe saamiseks v\u00f5i langetada seda l\u00f5dvema asendi saamiseks, kohandades oma mugavust t\u00e4pselt oma eelistustele vastavaks.<\/li>\n<li>Tipptasemel materjalikvaliteet \u2013 meie peatoe padi lubab kvaliteeti ja mugavust. Peatoe PP-puuvillat\u00e4idis ja sametkate pakuvad luksuslikku ja nahas\u00f5bralikku tunnet. Seljatoe PP-puuvillast ja pol\u00fcesterlinasest kate on hingav ja vastupidav, tagades pikaajalise mugavuse ja lihtsa hoolduse.<\/li>\n<\/ul>","protected":false},"featured_media":8323,"comment_status":"open","ping_status":"closed","template":"","meta":[],"product_brand":[],"product_cat":[228],"product_tag":[],"class_list":{"0":"post-8334","1":"product","2":"type-product","3":"status-publish","4":"has-post-thumbnail","6":"product_cat-cushions","8":"first","9":"instock","10":"sold-individually","11":"shipping-taxable","12":"purchasable","13":"product-type-variable","14":"has-default-attributes"},"_links":{"self":[{"href":"https:\/\/www.largepillow.com\/et\/wp-json\/wp\/v2\/product\/8334","targetHints":{"allow":["GET"]}}],"collection":[{"href":"https:\/\/www.largepillow.com\/et\/wp-json\/wp\/v2\/product"}],"about":[{"href":"https:\/\/www.largepillow.com\/et\/wp-json\/wp\/v2\/types\/product"}],"replies":[{"embeddable":true,"href":"https:\/\/www.largepillow.com\/et\/wp-json\/wp\/v2\/comments?post=8334"}],"wp:featuredmedia":[{"embeddable":true,"href":"https:\/\/www.largepillow.com\/et\/wp-json\/wp\/v2\/media\/8323"}],"wp:attachment":[{"href":"https:\/\/www.largepillow.com\/et\/wp-json\/wp\/v2\/media?parent=8334"}],"wp:term":[{"taxonomy":"product_brand","embeddable":true,"href":"https:\/\/www.largepillow.com\/et\/wp-json\/wp\/v2\/product_brand?post=8334"},{"taxonomy":"product_cat","embeddable":true,"href":"https:\/\/www.largepillow.com\/et\/wp-json\/wp\/v2\/product_cat?post=8334"},{"taxonomy":"product_tag","embeddable":true,"href":"https:\/\/www.largepillow.com\/et\/wp-json\/wp\/v2\/product_tag?post=8334"}],"curies":[{"name":"wp","href":"https:\/\/api.w.org\/{rel}","templated":true}]}}