{"id":845,"date":"2022-09-17T14:14:51","date_gmt":"2022-09-17T14:14:51","guid":{"rendered":"https:\/\/www.largepillow.com\/product\/wedge-pillow-for-acid-reflux_37_38_39_40_41_42"},"modified":"2024-12-04T12:25:24","modified_gmt":"2024-12-04T12:25:24","slug":"dekoratiivsed-padjad-voodile","status":"publish","type":"product","link":"https:\/\/www.largepillow.com\/et\/product\/decorative-pillows-for-bed","title":{"rendered":"Dekoratiivsed voodipadjad"},"content":{"rendered":"<p>Nautige v\u00f5rratut mugavust meie dekoratiivsete voodipatjadega<\/p>\n<p>Muutke oma magamamineku kogemust meie hoolikalt valmistatud dekoratiivsete voodipatjadega, mis on loodud teie mugavuse ja l\u00f5\u00f5gastuse suurendamiseks.<\/p>\n<p>\u00dclim mugavus ja tugi<\/p>\n<p>Meie padjadel on kumer disain, mis kohandub teie keha kontuuridega, pakkudes v\u00f5rratut mugavust. Olenemata sellest, kas lebad voodis, l\u00f5\u00f5gastud diivanil v\u00f5i unistad diivanil, hoiab meie peatsiga lugemispadi teid pingevabalt ja toetatuna.<\/p>\n<p>K\u00f5rgendatud seljatugi optimaalse toe tagamiseks<\/p>\n<p>Nautige meie kaherealise k\u00f5rgendatud seljatoe disaini luksust, mis on asjatundlikult valmistatud pakkuma erakordset tuge teie kaelale ja seljale. Sukelduge oma lemmikraamatusse v\u00f5i nautige kaasahaaravat filmi ilma igasuguse ebamugavustunde v\u00f5i pingeta.<\/p>\n<p>Mitmek\u00fclgne funktsionaalsus<\/p>\n<p>Nautige meie padja mitmek\u00fclgsust kolme erineva kasutusv\u00f5imalusega. Asetage see p\u00fcsti seljatoepadjana, toetage kiilpadjana v\u00f5i t\u00f5stke jalad \u00fcles suurema mugavuse tagamiseks. See on ideaalne aksessuaar m\u00f5nusaks l\u00f5\u00f5gastumiseks ja l\u00f5\u00f5gastumiseks.<\/p>\n<p>Tipptasemel meisterlikkus ja vastupidavus<\/p>\n<p>Meie peatsipadjad on hoolikalt valmistatud kvaliteetsest linase v\u00e4limusega kangast, mis on valmistatud 100% pol\u00fcestrist vastupidavuse ja h\u00f5lpsa hoolduse tagamiseks. Keskkonnas\u00f5bralik ja vastupidav pol\u00fcesterkiust t\u00e4idis tagab pikaajalise mugavuse. Lisaks muudab eemaldatav pehmendusvoodi puhastamise imelihtsaks.<\/p>\n<p>Vaevatu puhastamine<\/p>\n<p>S\u00e4ilita oma padja laitmatu seisukord pingutuseta. Peatsi padjap\u00fc\u00fcr on n\u00f6\u00f6pidega kinnitatud, mis v\u00f5imaldab seda h\u00f5lpsalt eemaldada. Lihtsalt keera katte lukk lahti ja viska see pesumasinasse kiireks v\u00e4rskendamiseks.<\/p>\n<p>Kohandatavad suuruse valikud<\/p>\n<p>Valige meie laia valiku hulgast oma voodile ideaalne suurus:<\/p>\n<p>* 100 cm (P 100 x L 26 x K 55)<br \/>\n* 120 cm (P 120 x L 26 x K 55)<br \/>\n* 140 cm (P 140 x L 26 x K 55)<br \/>\n* 160 cm (P 160 x L 26 x K 55)<br \/>\n* 180 cm (P 180 x L 26 x K 55)<br \/>\n* 200 cm (P 200 x L 26 x K 55)<\/p>\n<p>Klientide iseloomustused<\/p>\n<p>Meie rahulolevad kliendid kiidavad meie dekoratiivsete voodipatjade erakordset kvaliteeti:<\/p>\n<p>* \u201eSee kolmnurkne padi pole mitte ainult mugav, vaid ka v\u00e4ga praktiline. Olen sellega v\u00e4ga rahul!\u201c<br \/>\n* \u201eMulle meeldib linane materjal. See on pehme ja hingav ning v\u00e4rv on ilus.\u201c<br \/>\n* \u201eOstsin selle padja oma emale, kellel on seljavalu. See on tema mugavusele palju kaasa aidanud.\u201c<\/p>\n<p>Nautige \u00fclimat mugavust ja l\u00f5\u00f5gastust meie dekoratiivsete voodipatjadega. Tellige juba t\u00e4na ja kogege v\u00f5rratut tuge ja luksust, mida v\u00e4\u00e4rite.<\/p>","protected":false},"excerpt":{"rendered":"<ul>\n<li><strong>\u00dclim mugavus:<\/strong> See XL-suuruses k\u00f5rgendatud peatsipadi pakub t\u00e4nu oma kumerale kujule suurep\u00e4rast mugavust. See peatsiga lugemispadi aitab teil voodis, diivanvoodil v\u00f5i diivanil pingevabalt p\u00fcsida, mis sobib ideaalselt \u00f6\u00f6kullidele, raamatukoidele ja voodis teleka vaatamiseks.<\/li>\n<li><strong>K\u00f5rgendatud seljatoe disain:<\/strong> Nautige v\u00f5rratut mugavust meie peatsipadja ainulaadse kaherealise k\u00f5rgendatud seljatoe disainiga. K\u00f5rgendatud seljatoega peatsipadi pakub suurep\u00e4rast tuge teie kaelale ja seljale, muutes selle ideaalseks kohaks voodis l\u00f5\u00f5gastumiseks ja lugemiseks.<\/li>\n<li><strong>Multifunktsionaalne padi:<\/strong> Kolme erineva kasutusviisiga sobib meie padi ideaalselt igasse olukorda. Olenemata sellest, kas eelistate seda kasutada p\u00fcstise seljatoe padjana, kiilpadjana v\u00f5i jalapadjana k\u00f5rgema toe saamiseks, on see ideaalne aksessuaar mugavaks puhkuseks ja l\u00f5\u00f5gastumiseks.<\/li>\n<li><strong>Suurep\u00e4rane k\u00e4sit\u00f6\u00f6:<\/strong> Meie peatsipadi on valmistatud linase v\u00e4limusega kangast, mille koostis on 100% pol\u00fcester, ning t\u00e4idetud keskkonnas\u00f5braliku ja v\u00e4ga vastupidava pol\u00fcesterkiuga. Eemaldatavat pehmendust on lihtne masinas pesta ning v\u00e4ikesed k\u00fcljetaskud lisavad sellele niigi luksuslikule tootele praktilisust.<\/li>\n<li><strong>Lihtne pesta:<\/strong> Peatsi padjap\u00fc\u00fcr on n\u00f6\u00f6pidega padja sisek\u00fcljele kinnitatud ja seda on lihtsa lukuga lihtne eemaldada. See muudab selle puhastamise probleemivabaks. Eemaldage lihtsalt kate ja peske see kiiresti masinas, et teie padi n\u00e4eks v\u00e4lja nagu uus.<\/li>\n<li><strong>Suurus:<\/strong> 100cm (P100 x L26 x K55 | 3 veeruga nupud), 120cm (P120 x L26 x K55 | 4 veeruga nupud), 140cm (P140 x L26 x K55 | 4 veeruga nupud), 160cm (P160 x L26 x K55 | 5 veeruga nupud), 180cm (P180 x L26 x K55 | 6 veeruga nupud), 200cm (P200 x L26 x K55 | 7 veeruga nupud).<\/li>\n<\/ul>","protected":false},"featured_media":830,"comment_status":"open","ping_status":"closed","template":"","meta":[],"product_brand":[],"product_cat":[15],"product_tag":[145,165,164,161,143,162,65],"class_list":{"0":"post-845","1":"product","2":"type-product","3":"status-publish","4":"has-post-thumbnail","6":"product_cat-large-wedge-pillow","7":"product_tag-decorative-pillow","8":"product_tag-detachable-bolster","9":"product_tag-detachable-bolster-bed-cushion","10":"product_tag-elevated-headboard-pillow","11":"product_tag-multifunctional-pillow","12":"product_tag-upright-back-pillow","13":"product_tag-wedge-pillow","15":"first","16":"instock","17":"featured","18":"shipping-taxable","19":"purchasable","20":"product-type-variable"},"_links":{"self":[{"href":"https:\/\/www.largepillow.com\/et\/wp-json\/wp\/v2\/product\/845","targetHints":{"allow":["GET"]}}],"collection":[{"href":"https:\/\/www.largepillow.com\/et\/wp-json\/wp\/v2\/product"}],"about":[{"href":"https:\/\/www.largepillow.com\/et\/wp-json\/wp\/v2\/types\/product"}],"replies":[{"embeddable":true,"href":"https:\/\/www.largepillow.com\/et\/wp-json\/wp\/v2\/comments?post=845"}],"wp:featuredmedia":[{"embeddable":true,"href":"https:\/\/www.largepillow.com\/et\/wp-json\/wp\/v2\/media\/830"}],"wp:attachment":[{"href":"https:\/\/www.largepillow.com\/et\/wp-json\/wp\/v2\/media?parent=845"}],"wp:term":[{"taxonomy":"product_brand","embeddable":true,"href":"https:\/\/www.largepillow.com\/et\/wp-json\/wp\/v2\/product_brand?post=845"},{"taxonomy":"product_cat","embeddable":true,"href":"https:\/\/www.largepillow.com\/et\/wp-json\/wp\/v2\/product_cat?post=845"},{"taxonomy":"product_tag","embeddable":true,"href":"https:\/\/www.largepillow.com\/et\/wp-json\/wp\/v2\/product_tag?post=845"}],"curies":[{"name":"wp","href":"https:\/\/api.w.org\/{rel}","templated":true}]}}