{"id":866,"date":"2022-09-17T14:44:55","date_gmt":"2022-09-17T14:44:55","guid":{"rendered":"https:\/\/www.largepillow.com\/product\/wedge-pillow-for-acid-reflux_37_38_39_40_41_42_43"},"modified":"2025-04-18T01:36:58","modified_gmt":"2025-04-18T01:36:58","slug":"seljatoe-padi-magamiseks","status":"publish","type":"product","link":"https:\/\/www.largepillow.com\/et\/product\/back-pillow-for-sleeping","title":{"rendered":"Seljapadi magamiseks"},"content":{"rendered":"<p>Seljatoe padi magamiseks: \u00fclim mugavustarvik<\/p>\n<p>Kas oled v\u00e4sinud ebamugavustundest voodis, diivanil, p\u00e4evavoodil v\u00f5i diivanil l\u00f5\u00f5gastudes? Kas sul on sageli raskusi lugemise, teleka vaatamise v\u00f5i voodis t\u00f6\u00f6tamise ajal mugava asendi leidmisega? Kui jah, siis on seljatoepadi magamiseks ideaalne aksessuaar sulle!<\/p>\n<p>Selle toote \u00fcks silmapaistvamaid omadusi on kumer disain, mis pakub suurep\u00e4rast mugavust. See peatsiga lugemispadi aitab teil pingevabalt p\u00fcsida, olenemata sellest, kus te viibite. Olenemata sellest, kas olete \u00f6\u00f6kull, kellele meeldib hilis\u00f5htuni t\u00f6\u00f6tada, raamatukoi, kellele meeldib voodis lugeda, v\u00f5i keegi, kellele lihtsalt meeldib voodis telekat vaadata, see padi sobib teile.<\/p>\n<p>Selle seljatoepadja teine ainulaadne omadus on k\u00f5rgendatud seljatoe disain. T\u00e4nu kaherealisele k\u00f5rgendatud seljatoele pakub see padi suurep\u00e4rast tuge kaelale ja seljale. See teeb sellest ideaalse aksessuaari neile, kes kannatavad selja- v\u00f5i kaelavalude all v\u00f5i soovivad lihtsalt voodis l\u00f5\u00f5gastuda ja lugeda.<\/p>\n<p>Seljatoe magamispadja multifunktsionaalne disain on veel \u00fcks oluline m\u00fc\u00fcgiargument. Kolme erineva kasutusviisiga sobib see padi ideaalselt igasse olukorda. Olenemata sellest, kas eelistate seda kasutada p\u00fcstise seljatoe padjana, kiilpadjana v\u00f5i jalapadjana k\u00f5rgema toe saamiseks, on see ideaalne aksessuaar mugavaks puhkuseks ja l\u00f5\u00f5gastumiseks.<\/p>\n<p>Mis puutub meisterlikkusse, siis seljatoe magamispadi on valmistatud kvaliteetsetest materjalidest. Linase v\u00e4limusega kangas on valmistatud 100% pol\u00fcestrist ning padi on t\u00e4idetud keskkonnas\u00f5braliku ja vastupidava pol\u00fcesterkiuga. Lisaks on eemaldatavat pehmendust lihtne masinpesta ning v\u00e4ikesed k\u00fcljetaskud lisavad sellele niigi luksuslikule tootele praktilisust.<\/p>\n<p>Selle padja \u00fcks ligit\u00f5mbavamaid omadusi on selle kasutus- ja hooldusmugavus. Peatsi padjap\u00fc\u00fcr on n\u00f6\u00f6pidega padja sisek\u00fcljele kinnitatud ja seda on lihtne lukuga eemaldada. See muudab puhastamise vaevatuks. Eemaldage lihtsalt kate ja peske see kiiresti masinas, et teie padi n\u00e4eks v\u00e4lja nagu uus.<\/p>\n<p>Seljatoepadi magamiseks on saadaval erinevates suurustes, et see sobiks igale voodi suurusele: 100 cm, 120 cm, 140 cm, 160 cm, 180 cm ja 200 cm. Nii on lihtne leida just teie vajadustele ideaalselt sobiv padi.<\/p>\n<p>Nagu \u00fcks rahulolev klient kirjutab: \u201cSee padi muudab m\u00e4ngu! See pakub nii palju tuge ja mugavust ning selle mitmed kasutusviisid muudavad selle ideaalseks igas olukorras. Soovitan seda k\u00f5igile, kes soovivad oma une- ja l\u00f5\u00f5gastuskogemust parandada.\u201d<\/p>\n<p>Kokkuv\u00f5ttes on seljatoe magamispadi suurep\u00e4rane investeering k\u00f5igile, kes soovivad oma mugavust ja l\u00f5\u00f5gastuskogemust parandada. Oma kvaliteetse viimistluse, multifunktsionaalse disaini ning kasutus- ja hooldusmugavusega saab sellest padjast kindlasti lemmikaksessuaar aastateks.<\/p>","protected":false},"excerpt":{"rendered":"<ul>\n<li><strong>\u00dclim mugavus:<\/strong> See XL-suuruses k\u00f5rgendatud peatsipadi pakub t\u00e4nu oma kumerale kujule suurep\u00e4rast mugavust. See peatsiga lugemispadi aitab teil voodis, diivanvoodil v\u00f5i diivanil pingevabalt p\u00fcsida, mis sobib ideaalselt \u00f6\u00f6kullidele, raamatukoidele ja voodis teleka vaatamiseks.<\/li>\n<li><strong>K\u00f5rgendatud seljatoe disain:<\/strong> Nautige v\u00f5rratut mugavust meie peatsipadja ainulaadse kaherealise k\u00f5rgendatud seljatoe disainiga. K\u00f5rgendatud seljatoega peatsipadi pakub suurep\u00e4rast tuge teie kaelale ja seljale, muutes selle ideaalseks kohaks voodis l\u00f5\u00f5gastumiseks ja lugemiseks.<\/li>\n<li><strong>Multifunktsionaalne padi:<\/strong> Kolme erineva kasutusviisiga sobib meie padi ideaalselt igasse olukorda. Olenemata sellest, kas eelistate seda kasutada p\u00fcstise seljatoe padjana, kiilpadjana v\u00f5i jalapadjana k\u00f5rgema toe saamiseks, on see ideaalne aksessuaar mugavaks puhkuseks ja l\u00f5\u00f5gastumiseks.<\/li>\n<li><strong>Suurep\u00e4rane k\u00e4sit\u00f6\u00f6:<\/strong> Meie peatsipadi on valmistatud linase v\u00e4limusega kangast, mille koostis on 100% pol\u00fcester, ning t\u00e4idetud keskkonnas\u00f5braliku ja v\u00e4ga vastupidava pol\u00fcesterkiuga. Eemaldatavat pehmendust on lihtne masinas pesta ning v\u00e4ikesed k\u00fcljetaskud lisavad sellele niigi luksuslikule tootele praktilisust.<\/li>\n<li><strong>Lihtne pesta:<\/strong> Peatsi padjap\u00fc\u00fcr on n\u00f6\u00f6pidega padja sisek\u00fcljele kinnitatud ja seda on lihtsa lukuga lihtne eemaldada. See muudab selle puhastamise probleemivabaks. Eemaldage lihtsalt kate ja peske see kiiresti masinas, et teie padi n\u00e4eks v\u00e4lja nagu uus.<\/li>\n<li><strong>Suurus:<\/strong> 100cm (P100 x L26 x K55 | 3 veeruga nupud), 120cm (P120 x L26 x K55 | 4 veeruga nupud), 140cm (P140 x L26 x K55 | 4 veeruga nupud), 160cm (P160 x L26 x K55 | 5 veeruga nupud), 180cm (P180 x L26 x K55 | 6 veeruga nupud), 200cm (P200 x L26 x K55 | 7 veeruga nupud).<\/li>\n<\/ul>","protected":false},"featured_media":852,"comment_status":"open","ping_status":"closed","template":"","meta":[],"product_brand":[],"product_cat":[15],"product_tag":[160,66,164,161,163,143,162,65],"class_list":{"0":"post-866","1":"product","2":"type-product","3":"status-publish","4":"has-post-thumbnail","6":"product_cat-large-wedge-pillow","7":"product_tag-back-pillow-for-sleeping","8":"product_tag-back-support-pillow","9":"product_tag-detachable-bolster-bed-cushion","10":"product_tag-elevated-headboard-pillow","11":"product_tag-leg-pillow","12":"product_tag-multifunctional-pillow","13":"product_tag-upright-back-pillow","14":"product_tag-wedge-pillow","16":"first","17":"instock","18":"featured","19":"shipping-taxable","20":"purchasable","21":"product-type-variable"},"_links":{"self":[{"href":"https:\/\/www.largepillow.com\/et\/wp-json\/wp\/v2\/product\/866","targetHints":{"allow":["GET"]}}],"collection":[{"href":"https:\/\/www.largepillow.com\/et\/wp-json\/wp\/v2\/product"}],"about":[{"href":"https:\/\/www.largepillow.com\/et\/wp-json\/wp\/v2\/types\/product"}],"replies":[{"embeddable":true,"href":"https:\/\/www.largepillow.com\/et\/wp-json\/wp\/v2\/comments?post=866"}],"wp:featuredmedia":[{"embeddable":true,"href":"https:\/\/www.largepillow.com\/et\/wp-json\/wp\/v2\/media\/852"}],"wp:attachment":[{"href":"https:\/\/www.largepillow.com\/et\/wp-json\/wp\/v2\/media?parent=866"}],"wp:term":[{"taxonomy":"product_brand","embeddable":true,"href":"https:\/\/www.largepillow.com\/et\/wp-json\/wp\/v2\/product_brand?post=866"},{"taxonomy":"product_cat","embeddable":true,"href":"https:\/\/www.largepillow.com\/et\/wp-json\/wp\/v2\/product_cat?post=866"},{"taxonomy":"product_tag","embeddable":true,"href":"https:\/\/www.largepillow.com\/et\/wp-json\/wp\/v2\/product_tag?post=866"}],"curies":[{"name":"wp","href":"https:\/\/api.w.org\/{rel}","templated":true}]}}