{"id":882,"date":"2022-09-18T07:20:03","date_gmt":"2022-09-18T07:20:03","guid":{"rendered":"https:\/\/www.largepillow.com\/product\/wedge-pillow-for-acid-reflux_37_38_39_40_41_42_43_44"},"modified":"2024-10-03T16:31:35","modified_gmt":"2024-10-03T16:31:35","slug":"seljatoe-padi-voodis-lugemiseks","status":"publish","type":"product","link":"https:\/\/www.largepillow.com\/et\/product\/back-pillow-for-bed-readding","title":{"rendered":"Seljapadi voodis lugemiseks"},"content":{"rendered":"<p>Avastage \u00fclim mugavus seljatoepadjaga voodis lugemiseks: esmaklassiline valik l\u00f5\u00f5gastumiseks ja toeks<\/p>\n<p>Koduse mugavuse ja magamistoa aksessuaaride vallas paistab seljatoe voodilugemispadi silma kui kohustuslik ese k\u00f5igile, kes soovivad oma l\u00f5\u00f5gastusaega rikastada. Olenemata sellest, kas olete \u00f6\u00f6kull, kes t\u00f6\u00f6tab hilja, innukas raamatute lugeja v\u00f5i keegi, kellele meeldib voodis telekat vaadata, pakub see padi v\u00f5rratut mugavust ja tuge. Vaatleme l\u00e4hemalt, mis teeb sellest peatsiga lugemispadjast teie l\u00f5\u00f5gastumisvajaduste jaoks suurep\u00e4rase valiku.<\/p>\n<p>\u00dclim mugavus kumera vormiga disainiga<\/p>\n<p>Selle XL k\u00f5rgendatud peatsipadja ainulaadne kumera kujuga disain on loodud teid mugavalt hoidma. Selle struktuur sobib ideaalselt pingete eemalhoidmiseks, kui olete voodis, diivanil, p\u00e4evavoodil v\u00f5i diivanil. See omadus on tunnistus l\u00e4bim\u00f5eldud disainist, mille eesm\u00e4rk on pakkuda \u00fclimat l\u00f5\u00f5gastuskogemust.<\/p>\n<p>K\u00f5rgendatud seljatoe disain suurep\u00e4rase toe tagamiseks<\/p>\n<p>Selle peatsipadja erip\u00e4raks on uuenduslik kaherealine k\u00f5rgendatud seljatoe disain. See disain pakub suurep\u00e4rast tuge teie kaelale ja seljale, kohandudes ideaalselt teie keha loomuliku kumerusega. See on enamat kui lihtsalt padi; see on l\u00f5\u00f5gastusparadiis, kus saate l\u00f5\u00f5gastuda, lugeda v\u00f5i voodis telekat vaadata v\u00f5rratu mugavusega.<\/p>\n<p>Multifunktsionaalne padi mitmek\u00fclgseks kasutamiseks<\/p>\n<p>Voodis lugemiseks m\u00f5eldud seljapadi ei ole lihtsalt j\u00e4rjekordne padi; see on mitmek\u00fclgne aksessuaar, mis on loodud multifunktsionaalseks kasutamiseks. Olenemata sellest, kas vajate seda p\u00fcstise seljatoe padjana, kiilpadjana toestamiseks v\u00f5i isegi jalapadjana suurema mugavuse tagamiseks, kohandub see padi teie vajadustega, muutes selle teie l\u00f5\u00f5gastusrutiini asendamatuks osaks.<\/p>\n<p>Suurep\u00e4rane meisterlikkus ja lihtne hooldus<\/p>\n<p>See sametise v\u00e4limusega 100% pol\u00fcestrist kangast valmistatud peatsipadi pole mitte ainult visuaalselt meeldiv, vaid ka kauakestev. See on t\u00e4idetud keskkonnas\u00f5braliku ja vastupidava pol\u00fcesterkiuga, mis tagab pikaajalise mugavuse. Eemaldatavat pehmendust on lihtne masinas pesta, mis muudab hoolduse imelihtsaks. V\u00e4ikesed k\u00fcljetaskud lisavad praktilisust, muutes oluliste asjade k\u00e4ep\u00e4rast hoidmise lihtsaks.<\/p>\n<p>Vaevatu puhastamine lukuga kattega<\/p>\n<p>Veel \u00fcks oluline omadus on muretu puhastamine. Padja sisek\u00fcljele n\u00f6\u00f6pidega kinnitatud padjakatet saab lihtsa lukuga h\u00f5lpsalt eemaldada. See mugavus v\u00f5imaldab teil padja minimaalse vaevaga v\u00e4rskena hoida.<\/p>\n<p>Vali oma ideaalne suurus<\/p>\n<p>Suurustega 100 cm kuni 200 cm saate valida oma ruumi ideaalselt sobiva. Erineva suurusega tooted on varustatud erinevate nupusammaste konfiguratsioonidega, tagades isikup\u00e4rase esteetilise ilme.<\/p>\n<p>Klientide kiitused: p\u00e4ris kogemused<\/p>\n<p>Kliendid on jaganud oma kogemusi, r\u00f5hutades voodis lugemiseks m\u00f5eldud seljapadja mugavust, kvaliteeti ja multifunktsionaalsust. Paljud m\u00e4rgivad, kuidas see on muutnud nende lugemis-, t\u00f6\u00f6tamis- ja l\u00f5\u00f5gastuskogemusi, kiites eriti selle tuge ja esteetikat disainis. M\u00f5isted \u201ckolmnurkne seljapadi\u201d, \u201csamet\u201d ja \u201ckaameliv\u00e4rv\u201d esinevad arvustustes sageli, r\u00f5hutades toote populaarsust ja rahulolu kasutajate seas.<\/p>\n<p>T\u00f5sta oma mugavust<\/p>\n<p>Voodis lugemiseks m\u00f5eldud seljapadi on enamat kui lihtsalt padi; see on v\u00e4rav suurema mugavuse ja l\u00f5\u00f5gastuse juurde. Oma suurep\u00e4rase disaini, meisterlikkuse ja multifunktsionaalsusega on see esmaklassiline valik k\u00f5igile, kes soovivad oma kodus vaba aega veeta. Kogege juba t\u00e4na \u00fclimat l\u00f5\u00f5gastust ja tuge ning muutke oma isiklikus ruumis l\u00f5\u00f5gastumise viisi.<\/p>","protected":false},"excerpt":{"rendered":"<ul>\n<li><strong>\u00dclim mugavus:<\/strong> See XL-suuruses k\u00f5rgendatud peatsipadi pakub t\u00e4nu oma kumerale kujule suurep\u00e4rast mugavust. See peatsiga lugemispadi aitab teil voodis, diivanvoodil v\u00f5i diivanil pingevabalt p\u00fcsida, mis sobib ideaalselt \u00f6\u00f6kullidele, raamatukoidele ja voodis teleka vaatamiseks.<\/li>\n<li><strong>K\u00f5rgendatud seljatoe disain:<\/strong> Nautige v\u00f5rratut mugavust meie peatsipadja ainulaadse kaherealise k\u00f5rgendatud seljatoe disainiga. K\u00f5rgendatud seljatoega peatsipadi pakub suurep\u00e4rast tuge teie kaelale ja seljale, muutes selle ideaalseks kohaks voodis l\u00f5\u00f5gastumiseks ja lugemiseks.<\/li>\n<li><strong>Multifunktsionaalne padi:<\/strong> Kolme erineva kasutusviisiga sobib meie padi ideaalselt igasse olukorda. Olenemata sellest, kas eelistate seda kasutada p\u00fcstise seljatoe padjana, kiilpadjana v\u00f5i jalapadjana k\u00f5rgema toe saamiseks, on see ideaalne aksessuaar mugavaks puhkuseks ja l\u00f5\u00f5gastumiseks.<\/li>\n<li><strong>Suurep\u00e4rane k\u00e4sit\u00f6\u00f6:<\/strong> Meie peatsipadi on valmistatud sametist kangast, mille koostis on 100% pol\u00fcester, ning t\u00e4idetud keskkonnas\u00f5braliku ja v\u00e4ga vastupidava pol\u00fcesterkiuga. Eemaldatavat pehmendust on lihtne masinas pesta ning v\u00e4ikesed k\u00fcljetaskud lisavad sellele niigi luksuslikule tootele praktilisust.<\/li>\n<li><strong>Lihtne pesta:<\/strong> Peatsi padjap\u00fc\u00fcr on n\u00f6\u00f6pidega padja sisek\u00fcljele kinnitatud ja seda on lihtsa lukuga lihtne eemaldada. See muudab selle puhastamise probleemivabaks. Eemaldage lihtsalt kate ja peske see kiiresti masinas, et teie padi n\u00e4eks v\u00e4lja nagu uus.<\/li>\n<li><strong>Suurus:<\/strong> 100cm (P100 x L26 x K55 | 3 veeruga nupud), 120cm (P120 x L26 x K55 | 4 veeruga nupud), 140cm (P140 x L26 x K55 | 4 veeruga nupud), 160cm (P160 x L26 x K55 | 5 veeruga nupud), 180cm (P180 x L26 x K55 | 6 veeruga nupud), 200cm (P200 x L26 x K55 | 7 veeruga nupud).<\/li>\n<\/ul>","protected":false},"featured_media":873,"comment_status":"open","ping_status":"closed","template":"","meta":[],"product_brand":[],"product_cat":[15],"product_tag":[180,183,181,168,171,143,182,120],"class_list":{"0":"post-882","1":"product","2":"type-product","3":"status-publish","4":"has-post-thumbnail","6":"product_cat-large-wedge-pillow","7":"product_tag-back-pillow","8":"product_tag-bed-reading-pillow","9":"product_tag-elevated-backrest-pillow","10":"product_tag-headboard-pillow","11":"product_tag-large-headboard-cushion","12":"product_tag-multifunctional-pillow","13":"product_tag-triangle-back-pillow","14":"product_tag-velvet-pillow","16":"first","17":"instock","18":"shipping-taxable","19":"purchasable","20":"product-type-variable"},"_links":{"self":[{"href":"https:\/\/www.largepillow.com\/et\/wp-json\/wp\/v2\/product\/882","targetHints":{"allow":["GET"]}}],"collection":[{"href":"https:\/\/www.largepillow.com\/et\/wp-json\/wp\/v2\/product"}],"about":[{"href":"https:\/\/www.largepillow.com\/et\/wp-json\/wp\/v2\/types\/product"}],"replies":[{"embeddable":true,"href":"https:\/\/www.largepillow.com\/et\/wp-json\/wp\/v2\/comments?post=882"}],"wp:featuredmedia":[{"embeddable":true,"href":"https:\/\/www.largepillow.com\/et\/wp-json\/wp\/v2\/media\/873"}],"wp:attachment":[{"href":"https:\/\/www.largepillow.com\/et\/wp-json\/wp\/v2\/media?parent=882"}],"wp:term":[{"taxonomy":"product_brand","embeddable":true,"href":"https:\/\/www.largepillow.com\/et\/wp-json\/wp\/v2\/product_brand?post=882"},{"taxonomy":"product_cat","embeddable":true,"href":"https:\/\/www.largepillow.com\/et\/wp-json\/wp\/v2\/product_cat?post=882"},{"taxonomy":"product_tag","embeddable":true,"href":"https:\/\/www.largepillow.com\/et\/wp-json\/wp\/v2\/product_tag?post=882"}],"curies":[{"name":"wp","href":"https:\/\/api.w.org\/{rel}","templated":true}]}}