{"id":914,"date":"2022-09-18T08:07:44","date_gmt":"2022-09-18T08:07:44","guid":{"rendered":"https:\/\/www.largepillow.com\/product\/wedge-pillow-for-acid-reflux_37_38_39_40_41_42_43_44_45_46"},"modified":"2025-06-12T17:32:43","modified_gmt":"2025-06-12T17:32:43","slug":"voodipehmendaja-padi","status":"publish","type":"product","link":"https:\/\/www.largepillow.com\/et\/product\/bolster-pillow-for-bed","title":{"rendered":"Voodile m\u00f5eldud tugipadi"},"content":{"rendered":"<p>Voodipeatsi polsterdus \u2013 ideaalne aksessuaar nii m\u00f5nusaks \u00f5htuks kodus kui ka laisaks p\u00e4evaks voodis l\u00f5\u00f5gastudes. See eriti suur k\u00f5rgendatud peatsipadi pakub oma ainulaadse kumera vormiga \u00fclimat mugavust, v\u00f5imaldades teil voodis t\u00f6\u00f6tades, lugedes v\u00f5i telekat vaadates pingevabalt p\u00fcsida. <\/p>\n<p>Peatsipadja k\u00f5rgendatud seljatoe disain pakub suurep\u00e4rast tuge kaelale ja seljale, muutes selle ideaalseks kohaks voodis l\u00f5\u00f5gastumiseks ja lugemiseks. Padi sobib suurep\u00e4raselt igaks olukorraks, pakkudes kolme erinevat kasutusviisi. Olenemata sellest, kas eelistate seda kasutada p\u00fcstise seljatoe padjana, kiilpadjana v\u00f5i jalapadjana k\u00f5rgema toe saamiseks, on see multifunktsionaalne padi loodud teie mugavuse tagamiseks.<\/p>\n<p>Kvaliteetsest sametist kangast valmistatud ja keskkonnas\u00f5braliku ning vastupidava pol\u00fcesterkiuga t\u00e4idetud voodipehmenduspadi on vastupidav ja kauakestev. Eemaldatavat voodipehmenduspatja on lihtne pesumasinas pesta ning v\u00e4ikesed k\u00fcljetaskud lisavad sellele niigi luksuslikule tootele praktilisust.<\/p>\n<p>Saadaval kuues erinevas suuruses vahemikus 100 cm kuni 200 cm, see padi sobib ideaalselt igale voodile, diivanile, p\u00e4evavoodile v\u00f5i ku\u0161etile. Saate valida endale sobivaima, olenemata sellest, kas soovite seda kasutada lugemiseks, t\u00f6\u00f6tamiseks v\u00f5i lihtsalt l\u00f5\u00f5gastumiseks.<\/p>\n<p>Ja \u00e4rge uskuge ainult meie s\u00f5nu. \u00dcks rahulolev klient kommenteeris: \u201cSee padi on h\u00e4mmastav! See on nii mugav ja ideaalse suurusega. Kangas on pehme ja m\u00f5nus ning mitmed n\u00f6\u00f6bid muudavad selle vastavalt oma soovidele reguleerimise lihtsaks. See on kindlasti investeeringut v\u00e4\u00e4rt.\u201d<\/p>\n<p>Teine rahul klient, kes ostis kohvikarva Hollandi sametist padja, \u00fctles: \u201cSee padi on nii pehme ja mugav. See on minu voodile ideaalse suurusega ja v\u00e4rv on ilus. Kasutan seda iga p\u00e4ev lugemiseks ja teleka vaatamiseks ning see on minu mugavust oluliselt parandanud.\u201d<\/p>\n<p>Kokkuv\u00f5tteks v\u00f5ib \u00f6elda, et Bolster voodipadi on iga\u00fchele, kellele meeldib voodis aega veeta, h\u00e4davajalik. See pakub \u00fclimat mugavust, suurep\u00e4rast tuge ja on valmistatud kestma kvaliteetse meisterlikkusega. Valige suurus ja v\u00e4rv ning kogege \u00fclimat l\u00f5\u00f5gastust.<\/p>","protected":false},"excerpt":{"rendered":"<ul>\n<li><strong>\u00dclim mugavus:<\/strong> See XL-suuruses k\u00f5rgendatud peatsipadi pakub t\u00e4nu oma kumerale kujule suurep\u00e4rast mugavust. See peatsiga lugemispadi aitab teil voodis, diivanvoodil v\u00f5i diivanil pingevabalt p\u00fcsida, mis sobib ideaalselt \u00f6\u00f6kullidele, raamatukoidele ja voodis teleka vaatamiseks.<\/li>\n<li><strong>K\u00f5rgendatud seljatoe disain:<\/strong> Nautige v\u00f5rratut mugavust meie peatsipadja ainulaadse kaherealise k\u00f5rgendatud seljatoe disainiga. K\u00f5rgendatud seljatoega peatsipadi pakub suurep\u00e4rast tuge teie kaelale ja seljale, muutes selle ideaalseks kohaks voodis l\u00f5\u00f5gastumiseks ja lugemiseks.<\/li>\n<li><strong>Multifunktsionaalne padi:<\/strong> Kolme erineva kasutusviisiga sobib meie padi ideaalselt igasse olukorda. Olenemata sellest, kas eelistate seda kasutada p\u00fcstise seljatoe padjana, kiilpadjana v\u00f5i jalapadjana k\u00f5rgema toe saamiseks, on see ideaalne aksessuaar mugavaks puhkuseks ja l\u00f5\u00f5gastumiseks.<\/li>\n<li><strong>Suurep\u00e4rane k\u00e4sit\u00f6\u00f6:<\/strong> Meie peatsipadi on valmistatud sametist kangast, mille koostis on 100% pol\u00fcester, ning t\u00e4idetud keskkonnas\u00f5braliku ja v\u00e4ga vastupidava pol\u00fcesterkiuga. Eemaldatavat pehmendust on lihtne masinas pesta ning v\u00e4ikesed k\u00fcljetaskud lisavad sellele niigi luksuslikule tootele praktilisust.<\/li>\n<li><strong>Lihtne pesta:<\/strong> Peatsi padjap\u00fc\u00fcr on n\u00f6\u00f6pidega padja sisek\u00fcljele kinnitatud ja seda on lihtsa lukuga lihtne eemaldada. See muudab selle puhastamise probleemivabaks. Eemaldage lihtsalt kate ja peske see kiiresti masinas, et teie padi n\u00e4eks v\u00e4lja nagu uus.<\/li>\n<li><strong>Suurus:<\/strong> 100cm (P100 x L26 x K55 | 3 veeruga nupud), 120cm (P120 x L26 x K55 | 4 veeruga nupud), 140cm (P140 x L26 x K55 | 4 veeruga nupud), 160cm (P160 x L26 x K55 | 5 veeruga nupud), 180cm (P180 x L26 x K55 | 6 veeruga nupud), 200cm (P200 x L26 x K55 | 7 veeruga nupud).<\/li>\n<\/ul>","protected":false},"featured_media":905,"comment_status":"open","ping_status":"closed","template":"","meta":[],"product_brand":[],"product_cat":[15],"product_tag":[178,164,161,168,179,163,143,162,65],"class_list":{"0":"post-914","1":"product","2":"type-product","3":"status-publish","4":"has-post-thumbnail","6":"product_cat-large-wedge-pillow","7":"product_tag-bolster-pillow-for-bed","8":"product_tag-detachable-bolster-bed-cushion","9":"product_tag-elevated-headboard-pillow","10":"product_tag-headboard-pillow","11":"product_tag-headboard-reading-pillow","12":"product_tag-leg-pillow","13":"product_tag-multifunctional-pillow","14":"product_tag-upright-back-pillow","15":"product_tag-wedge-pillow","17":"first","18":"instock","19":"shipping-taxable","20":"purchasable","21":"product-type-variable"},"_links":{"self":[{"href":"https:\/\/www.largepillow.com\/et\/wp-json\/wp\/v2\/product\/914","targetHints":{"allow":["GET"]}}],"collection":[{"href":"https:\/\/www.largepillow.com\/et\/wp-json\/wp\/v2\/product"}],"about":[{"href":"https:\/\/www.largepillow.com\/et\/wp-json\/wp\/v2\/types\/product"}],"replies":[{"embeddable":true,"href":"https:\/\/www.largepillow.com\/et\/wp-json\/wp\/v2\/comments?post=914"}],"wp:featuredmedia":[{"embeddable":true,"href":"https:\/\/www.largepillow.com\/et\/wp-json\/wp\/v2\/media\/905"}],"wp:attachment":[{"href":"https:\/\/www.largepillow.com\/et\/wp-json\/wp\/v2\/media?parent=914"}],"wp:term":[{"taxonomy":"product_brand","embeddable":true,"href":"https:\/\/www.largepillow.com\/et\/wp-json\/wp\/v2\/product_brand?post=914"},{"taxonomy":"product_cat","embeddable":true,"href":"https:\/\/www.largepillow.com\/et\/wp-json\/wp\/v2\/product_cat?post=914"},{"taxonomy":"product_tag","embeddable":true,"href":"https:\/\/www.largepillow.com\/et\/wp-json\/wp\/v2\/product_tag?post=914"}],"curies":[{"name":"wp","href":"https:\/\/api.w.org\/{rel}","templated":true}]}}