{"id":930,"date":"2022-09-18T08:29:22","date_gmt":"2022-09-18T08:29:22","guid":{"rendered":"https:\/\/www.largepillow.com\/product\/wedge-pillow-for-acid-reflux_37_38_39_40_41_42_43_44_45_46_47"},"modified":"2025-09-16T06:24:36","modified_gmt":"2025-09-16T06:24:36","slug":"voodipehmendaja","status":"publish","type":"product","link":"https:\/\/www.largepillow.com\/et\/product\/bed-bolster-cushion","title":{"rendered":"Voodipolster-padi"},"content":{"rendered":"<p>Avastage \u00fclim lugemis- ja l\u00f5\u00f5gastuspadi \u2013 voodipolsterpadi<\/p>\n<p>Kas oled v\u00e4sinud voodis lugemise v\u00f5i teleka vaatamise ajal kaela ja selja pingutamisest? Tutvustame voodipatja Bed Bolster Cushionit \u2013 \u00fclimugavat patja, mis viib l\u00f5\u00f5gastumise uutesse k\u00f5rgustesse. <\/p>\n<p>100% pol\u00fcester sametkangast valmistatud ja vastupidava pol\u00fcesterkiuga t\u00e4idetud \u00fclisuur peatsipadi pakub teile pehmet mugavust. Selle ainulaadne kaherealine k\u00f5rgendatud seljatoe disain pakub ergonoomilist tuge teie \u00fclakehale, v\u00f5imaldades teil voodis mugavalt ja pingevabalt istuda. <\/p>\n<p>Klientidele meeldib selle padja mitmek\u00fclgsus. Seda saab kasutada p\u00fcstises asendis nagu seljatugi, kaldus asendis nagu kiilpadi v\u00f5i horisontaalselt nagu jalapadi. See on ideaalne multifunktsionaalne padi lugemiseks, s\u00fclearvutiga t\u00f6\u00f6tamiseks, filmide vaatamiseks v\u00f5i lihtsalt voodis lesimiseks. <\/p>\n<p>Nagu Lily oma arvustuses \u00fctleb: \u201cMulle meeldib seda hiiglaslikku kolmnurkset patja lugemise ajal voodis toetamiseks kasutada. See on nii pehme ja toetab mu selga. Varem tundsin end p\u00e4rast 30 minutit lugemist ebamugavalt, aga selle padjaga saan tundide kaupa vastu pidada ilma kaela- v\u00f5i seljavaludeta.\u201d<\/p>\n<p>Voodipehmendaja on saadaval erinevates laiustes, alates 100 cm kuni 200 cm, et saaksite leida oma voodile ideaalselt sobiva. Sellel on mugavad k\u00fcljetaskud telefoni, puldi, prillide v\u00f5i raamatu hoidmiseks. Pehmest sametist kate on eemaldatav ja masinpestav, mis teeb hooldamise lihtsaks.<\/p>\n<p>Kui soovid l\u00f5\u00f5gastust uutele k\u00f5rgustele viia, hellita end voodipehmendusega. Selle suurep\u00e4rane tugi ja kohanduv kuju teevad sellest ideaalse padja lugemiseks, t\u00f6\u00f6tamiseks v\u00f5i lemmiksaadete vaatamiseks voodis. Too luksus ja mugavus oma magamistuppa juba t\u00e4na!<\/p>","protected":false},"excerpt":{"rendered":"<ul>\n<li><strong>\u00dclim mugavus:<\/strong> See XL-suuruses k\u00f5rgendatud peatsipadi pakub t\u00e4nu oma kumerale kujule suurep\u00e4rast mugavust. See peatsiga lugemispadi aitab teil voodis, diivanvoodil v\u00f5i diivanil pingevabalt p\u00fcsida, mis sobib ideaalselt \u00f6\u00f6kullidele, raamatukoidele ja voodis teleka vaatamiseks.<\/li>\n<li><strong>K\u00f5rgendatud seljatoe disain:<\/strong> Nautige v\u00f5rratut mugavust meie peatsipadja ainulaadse kaherealise k\u00f5rgendatud seljatoe disainiga. K\u00f5rgendatud seljatoega peatsipadi pakub suurep\u00e4rast tuge teie kaelale ja seljale, muutes selle ideaalseks kohaks voodis l\u00f5\u00f5gastumiseks ja lugemiseks.<\/li>\n<li><strong>Multifunktsionaalne padi:<\/strong> Kolme erineva kasutusviisiga sobib meie padi ideaalselt igasse olukorda. Olenemata sellest, kas eelistate seda kasutada p\u00fcstise seljatoe padjana, kiilpadjana v\u00f5i jalapadjana k\u00f5rgema toe saamiseks, on see ideaalne aksessuaar mugavaks puhkuseks ja l\u00f5\u00f5gastumiseks.<\/li>\n<li><strong>Suurep\u00e4rane k\u00e4sit\u00f6\u00f6:<\/strong> Meie peatsipadi on valmistatud sametist kangast, mille koostis on 100% pol\u00fcester, ning t\u00e4idetud keskkonnas\u00f5braliku ja v\u00e4ga vastupidava pol\u00fcesterkiuga. Eemaldatavat pehmendust on lihtne masinas pesta ning v\u00e4ikesed k\u00fcljetaskud lisavad sellele niigi luksuslikule tootele praktilisust.<\/li>\n<li><strong>Lihtne pesta:<\/strong> Peatsi padjap\u00fc\u00fcr on n\u00f6\u00f6pidega padja sisek\u00fcljele kinnitatud ja seda on lihtsa lukuga lihtne eemaldada. See muudab selle puhastamise probleemivabaks. Eemaldage lihtsalt kate ja peske see kiiresti masinas, et teie padi n\u00e4eks v\u00e4lja nagu uus.<\/li>\n<li><strong>Suurus:<\/strong> 100cm (P100 x L26 x K55 | 3 veeruga nupud), 120cm (P120 x L26 x K55 | 4 veeruga nupud), 140cm (P140 x L26 x K55 | 4 veeruga nupud), 160cm (P160 x L26 x K55 | 5 veeruga nupud), 180cm (P180 x L26 x K55 | 6 veeruga nupud), 200cm (P200 x L26 x K55 | 7 veeruga nupud).<\/li>\n<\/ul>","protected":false},"featured_media":921,"comment_status":"open","ping_status":"closed","template":"","meta":[],"product_brand":[],"product_cat":[15],"product_tag":[60,174,164,161,177,143,76,176,162,175,120,65],"class_list":{"0":"post-930","1":"product","2":"type-product","3":"status-publish","4":"has-post-thumbnail","6":"product_cat-large-wedge-pillow","7":"product_tag-backrest-pillow","8":"product_tag-bed-bolster-cushion","9":"product_tag-detachable-bolster-bed-cushion","10":"product_tag-elevated-headboard-pillow","11":"product_tag-luxury-pillow","12":"product_tag-multifunctional-pillow","13":"product_tag-neck-support-pillow","14":"product_tag-practical-pillow","15":"product_tag-upright-back-pillow","16":"product_tag-velvet-fabric-pillow","17":"product_tag-velvet-pillow","18":"product_tag-wedge-pillow","20":"first","21":"instock","22":"shipping-taxable","23":"purchasable","24":"product-type-variable"},"_links":{"self":[{"href":"https:\/\/www.largepillow.com\/et\/wp-json\/wp\/v2\/product\/930","targetHints":{"allow":["GET"]}}],"collection":[{"href":"https:\/\/www.largepillow.com\/et\/wp-json\/wp\/v2\/product"}],"about":[{"href":"https:\/\/www.largepillow.com\/et\/wp-json\/wp\/v2\/types\/product"}],"replies":[{"embeddable":true,"href":"https:\/\/www.largepillow.com\/et\/wp-json\/wp\/v2\/comments?post=930"}],"wp:featuredmedia":[{"embeddable":true,"href":"https:\/\/www.largepillow.com\/et\/wp-json\/wp\/v2\/media\/921"}],"wp:attachment":[{"href":"https:\/\/www.largepillow.com\/et\/wp-json\/wp\/v2\/media?parent=930"}],"wp:term":[{"taxonomy":"product_brand","embeddable":true,"href":"https:\/\/www.largepillow.com\/et\/wp-json\/wp\/v2\/product_brand?post=930"},{"taxonomy":"product_cat","embeddable":true,"href":"https:\/\/www.largepillow.com\/et\/wp-json\/wp\/v2\/product_cat?post=930"},{"taxonomy":"product_tag","embeddable":true,"href":"https:\/\/www.largepillow.com\/et\/wp-json\/wp\/v2\/product_tag?post=930"}],"curies":[{"name":"wp","href":"https:\/\/api.w.org\/{rel}","templated":true}]}}