{"id":946,"date":"2022-09-18T08:36:16","date_gmt":"2022-09-18T08:36:16","guid":{"rendered":"https:\/\/www.largepillow.com\/product\/wedge-pillow-for-acid-reflux_37_38_39_40_41_42_43_44_45_46_47_48"},"modified":"2024-10-03T16:31:35","modified_gmt":"2024-10-03T16:31:35","slug":"voodipehmendus","status":"publish","type":"product","link":"https:\/\/www.largepillow.com\/et\/product\/bolster-cushion-for-bed","title":{"rendered":"Voodipehmendaja"},"content":{"rendered":"<p>\u00dclim mugavus ja tugi: voodipehmendus<\/p>\n<p>Kas oled t\u00fcdinud ebamugavatest ja toetamata patjadest, mis tekitavad v\u00e4simust ja valu? Pole vaja otsida kaugemale \u2013 Bolster-voodipadi on lahendus k\u00f5igile sinu uneprobleemidele.<\/p>\n<p>V\u00f5rratu mugavus ja seljatugi<\/p>\n<p>See k\u00f5rgendatud peatsiga padi on kumera kujuga, mis kohandub teie kehaga, pakkudes erakordset mugavust. Selle ainulaadne kaherealine k\u00f5rgendatud seljatugi pakub v\u00f5rratut tuge teie kaelale ja seljale, muutes selle ideaalseks raamatukoidele, \u00f6\u00f6kullidele ja telekahuvilistele.<\/p>\n<p>Multifunktsionaalne ja mitmek\u00fclgne<\/p>\n<p>Kolme mitmek\u00fclgse kasutusviisiga on Bolster Cushion ideaalne kaaslane igas olukorras. Kasutage seda p\u00fcstise seljatoe padjana hubaseks lugemiseks, kiilpadjana jalgade toetamiseks v\u00f5i jalapadjana mugavuse suurendamiseks.<\/p>\n<p>Erakordne k\u00e4sit\u00f6\u00f6 ja materjalid<\/p>\n<p>Luksuslikust sametist kangast (100% pol\u00fcester) valmistatud pehmenduse keskkonnas\u00f5bralik pol\u00fcesterkiust t\u00e4idis tagab suure vastupidavuse ja toe. Eemaldatav pehmendusega voodipehmendaja muudab selle masinpesu uskumatult lihtsaks, samas kui v\u00e4ikesed k\u00fcljetaskud lisavad funktsionaalsust.<\/p>\n<p>Lihtne hooldus<\/p>\n<p>Voodipeatsi pehmenduse hooldamine on imelihtne. Selle peatsipadja kate kinnitub n\u00f6\u00f6pidega ja sellel on mugav lukk, mis v\u00f5imaldab selle h\u00f5lpsat eemaldamist. Eemaldage kate ja peske see pesumasinas v\u00e4rskendamiseks.<\/p>\n<p>Saadaval erinevates suurustes<\/p>\n<p>Vali erinevate suuruste hulgast, mis sobivad ideaalselt sinu voodi ja vajadustega: 100 cm, 120 cm, 140 cm, 160 cm, 180 cm ja 200 cm.<\/p>\n<p>Klientide iseloomustused<\/p>\n<p>\u00c4rge uskuge ainult meie s\u00f5nu. Siin on, mida rahulolevad kliendid \u00fctlevad:<\/p>\n<p>\u201cSee pehmendus muudab m\u00e4ngu. See on t\u00e4ielikult parandanud minu unekvaliteeti ja seljatuge.\u201d \u2013 Sarah J.<br \/>\n\u201cKindla lugejana on see padi muutnud magamamineku t\u00f5eliselt l\u00f5\u00f5gastavaks kogemuseks. See on nii mugav ja toetav.\u201d \u2013 John F.<br \/>\n\u201cMulle meeldib selle padja mitmek\u00fclgsus. See sobib ideaalselt lugemiseks, teleri vaatamiseks v\u00f5i isegi jalatoeks.\u201d \u2013 Mary K.<\/p>\n<p>T\u00e4iustage oma magamamineku rutiini pehmendusega<\/p>\n<p>Muutke oma magamistoakogemus uuele tasemele voodipolstriga. Selle erakordne mugavus, tugi, mitmek\u00fclgsus ja lihtne hooldus muudavad teie \u00f6\u00f6d l\u00f5\u00f5gastuse ja noorendamise oaasiks.<\/p>","protected":false},"excerpt":{"rendered":"<ul>\n<li><strong>\u00dclim mugavus:<\/strong> See XL-suuruses k\u00f5rgendatud peatsipadi pakub t\u00e4nu oma kumerale kujule suurep\u00e4rast mugavust. See peatsiga lugemispadi aitab teil voodis, diivanvoodil v\u00f5i diivanil pingevabalt p\u00fcsida, mis sobib ideaalselt \u00f6\u00f6kullidele, raamatukoidele ja voodis teleka vaatamiseks.<\/li>\n<li><strong>K\u00f5rgendatud seljatoe disain:<\/strong> Nautige v\u00f5rratut mugavust meie peatsipadja ainulaadse kaherealise k\u00f5rgendatud seljatoe disainiga. K\u00f5rgendatud seljatoega peatsipadi pakub suurep\u00e4rast tuge teie kaelale ja seljale, muutes selle ideaalseks kohaks voodis l\u00f5\u00f5gastumiseks ja lugemiseks.<\/li>\n<li><strong>Multifunktsionaalne padi:<\/strong> Kolme erineva kasutusviisiga sobib meie padi ideaalselt igasse olukorda. Olenemata sellest, kas eelistate seda kasutada p\u00fcstise seljatoe padjana, kiilpadjana v\u00f5i jalapadjana k\u00f5rgema toe saamiseks, on see ideaalne aksessuaar mugavaks puhkuseks ja l\u00f5\u00f5gastumiseks.<\/li>\n<li><strong>Suurep\u00e4rane k\u00e4sit\u00f6\u00f6:<\/strong> Meie peatsipadi on valmistatud sametist kangast, mille koostis on 100% pol\u00fcester, ning t\u00e4idetud keskkonnas\u00f5braliku ja v\u00e4ga vastupidava pol\u00fcesterkiuga. Eemaldatavat pehmendust on lihtne masinas pesta ning v\u00e4ikesed k\u00fcljetaskud lisavad sellele niigi luksuslikule tootele praktilisust.<\/li>\n<li><strong>Lihtne pesta:<\/strong> Peatsi padjap\u00fc\u00fcr on n\u00f6\u00f6pidega padja sisek\u00fcljele kinnitatud ja seda on lihtsa lukuga lihtne eemaldada. See muudab selle puhastamise probleemivabaks. Eemaldage lihtsalt kate ja peske see kiiresti masinas, et teie padi n\u00e4eks v\u00e4lja nagu uus.<\/li>\n<li><strong>Suurus:<\/strong> 100cm (P100 x L26 x K55 | 3 veeruga nupud), 120cm (P120 x L26 x K55 | 4 veeruga nupud), 140cm (P140 x L26 x K55 | 4 veeruga nupud), 160cm (P160 x L26 x K55 | 5 veeruga nupud), 180cm (P180 x L26 x K55 | 6 veeruga nupud), 200cm (P200 x L26 x K55 | 7 veeruga nupud).<\/li>\n<\/ul>","protected":false},"featured_media":937,"comment_status":"open","ping_status":"closed","template":"","meta":[],"product_brand":[],"product_cat":[15],"product_tag":[108,173,161,168,143,120,65],"class_list":{"0":"post-946","1":"product","2":"type-product","3":"status-publish","4":"has-post-thumbnail","6":"product_cat-large-wedge-pillow","7":"product_tag-bed-cushion","8":"product_tag-bolster-cushion","9":"product_tag-elevated-headboard-pillow","10":"product_tag-headboard-pillow","11":"product_tag-multifunctional-pillow","12":"product_tag-velvet-pillow","13":"product_tag-wedge-pillow","15":"first","16":"instock","17":"shipping-taxable","18":"purchasable","19":"product-type-variable"},"_links":{"self":[{"href":"https:\/\/www.largepillow.com\/et\/wp-json\/wp\/v2\/product\/946","targetHints":{"allow":["GET"]}}],"collection":[{"href":"https:\/\/www.largepillow.com\/et\/wp-json\/wp\/v2\/product"}],"about":[{"href":"https:\/\/www.largepillow.com\/et\/wp-json\/wp\/v2\/types\/product"}],"replies":[{"embeddable":true,"href":"https:\/\/www.largepillow.com\/et\/wp-json\/wp\/v2\/comments?post=946"}],"wp:featuredmedia":[{"embeddable":true,"href":"https:\/\/www.largepillow.com\/et\/wp-json\/wp\/v2\/media\/937"}],"wp:attachment":[{"href":"https:\/\/www.largepillow.com\/et\/wp-json\/wp\/v2\/media?parent=946"}],"wp:term":[{"taxonomy":"product_brand","embeddable":true,"href":"https:\/\/www.largepillow.com\/et\/wp-json\/wp\/v2\/product_brand?post=946"},{"taxonomy":"product_cat","embeddable":true,"href":"https:\/\/www.largepillow.com\/et\/wp-json\/wp\/v2\/product_cat?post=946"},{"taxonomy":"product_tag","embeddable":true,"href":"https:\/\/www.largepillow.com\/et\/wp-json\/wp\/v2\/product_tag?post=946"}],"curies":[{"name":"wp","href":"https:\/\/api.w.org\/{rel}","templated":true}]}}