{"id":978,"date":"2022-09-19T01:52:08","date_gmt":"2022-09-19T01:52:08","guid":{"rendered":"https:\/\/www.largepillow.com\/product\/large-wedge-bolster"},"modified":"2025-09-19T02:31:27","modified_gmt":"2025-09-19T02:31:27","slug":"keha-toetav-padi-2","status":"publish","type":"product","link":"https:\/\/www.largepillow.com\/et\/product\/body-support-pillow","title":{"rendered":"Keha tugipadi"},"content":{"rendered":"<p>\u00dclim kehatoe padi mugavuse ja stiili tagamiseks<\/p>\n<p>Nautige meie revolutsioonilise kehatoepadja v\u00f5rratut mugavust ja tuge. See mitmek\u00fclgne padi on valmistatud kvaliteetsetest materjalidest ja on valmistatud uuenduslikest omadustest ning muudab teie l\u00f5\u00f5gastus- ja unekogemust.<\/p>\n<p>T\u00e4iuslik lugemiskaaslane:<\/p>\n<p>P\u00f5gene kirjanduse maailma meie ristk\u00fclikukujulise lugemispadjaga. Selle pehme pehmendus pakub k\u00fclluslikku seljatuge, tagades tundideks mugava lugemise v\u00f5i seadmes sirvimise. Olenemata sellest, kas oled voodis v\u00f5i lebad diivanil, see padi vastab igale sinu vajadusele.<\/p>\n<p>Mitmek\u00fclgne kehapadi:<\/p>\n<p>Suure keha padjana muudab see m\u00e4ngu mitmes asendis. Toeta oma selga, \u00f5lgu, k\u00f5htu, jalgu ja selgroogu h\u00f5lpsalt. Paindlik mikropol\u00fcesterkiust t\u00e4idis kohandub teie kehaga, pakkudes individuaalset mugavust ja l\u00f5\u00f5gastust.<\/p>\n<p>Tippkvaliteet ja disain:<\/p>\n<p>Meie lugemispadi on hoolikalt valmistatud kvaliteetsetest kangastest. Kolmem\u00f5\u00f5tmelised triibud, elegantsed n\u00f6\u00f6bitutid ja t\u00e4ielikult \u00e4\u00e4ristatud servad eristavad seda tavalistest patjadest. Vastupidav kiudt\u00e4idis s\u00e4ilitab oma toetava kuju, pakkudes erakordset pikaealisust ja vastupidavust.<\/p>\n<p>Ilus magamistoa sisustus:<\/p>\n<p>Muutke oma magamistuba p\u00fchapaigaks selle kauni dekoratiivse voodi\u00e4\u00e4rse padjaga. Selle elegantne disain lisab igale ruumile kutsuva ilme, sobitudes erinevate sisustusstiilidega. Kasutage seda peatsipeana v\u00f5i stiilse lisandina diivanile v\u00f5i diivanile.<\/p>\n<p>Lihtne hooldus:<\/p>\n<p>Eemaldatav nimmepadja kate muudab puhastamise imelihtsaks. Katte eemaldamiseks ja pesumasinas pesemiseks avage lihtsalt lukk ja n\u00f6\u00f6bid. Teie padi p\u00fcsib alati v\u00e4rske ja kutsuv.<\/p>\n<p>Klientide iseloomustused:<\/p>\n<p>\u201cSee padi on parim! Sellega on nii mugav lugeda ja mulle meeldib, et saan seda mitmes asendis kasutada. See on kindlasti mu unekvaliteeti parandanud.\u201d \u2013 Sarah J.<\/p>\n<p>\u201cOlin selle padja kvaliteedist h\u00e4mmastunud. Kangas on pehme ja tepitud osad on ilusad. See sobib ideaalselt minu magamistoa kujundusega.\u201d \u2013 Jessica K.<\/p>\n<p>Suurused ja spetsifikatsioonid:<\/p>\n<p>Meie kehatoe padjad on saadaval erinevates suurustes, et vastata teie vajadustele:<\/p>\n<p>* 100x50x8cm<br \/>\n* 120x50x8cm<br \/>\n* 140x50x8cm<br \/>\n* 160x50x8cm<br \/>\n* 180x50x8 cm<br \/>\n* 200x50x8 cm<\/p>\n<p>Materjal: Pol\u00fcester ja linase segu<\/p>\n<p>Kogege \u00fclimat mugavust ja tuge meie kehatoe padjaga. Tellige oma juba t\u00e4na ja viige oma l\u00f5\u00f5gastus ja uni uutesse k\u00f5rgustesse!<\/p>","protected":false},"excerpt":{"rendered":"<ul>\n<li><strong>IDEAALNE LUGEMISPADI:<\/strong> Ristk\u00fclikukujulise pehmendusega voodi\u00e4\u00e4rne lugemispadi toimib ideaalselt nimmepadjana, pakkudes pehmet seljatuge, kui istud voodil lugemiseks, telekat vaatamiseks, telefonis surfamiseks, tahvelarvutis surfamiseks, videom\u00e4ngude m\u00e4ngimiseks, jooga harjutamiseks, rinnaga toitmiseks ja operatsioonij\u00e4rgseks puhkuseks.<\/li>\n<li><strong>MUGAV KEHAPADI:<\/strong> Suure keha padjana asendab see k\u00f5iki tavalisi vooditoe v\u00f5i nimmepiirkonna patju, loob mitut asendit positsioneeriva padjana, toetades selga, \u00f5lgu, selgroogu, k\u00f5htu ja jalgu ning lasedes teie lihastel l\u00f5dvestuda. Edendab iga magaja selgroo sirget asendit, olenemata sellest, kas vajate polsterdatud vooditoe patja v\u00f5i suurt seljatuge, kui vajate lihtsalt rohkem v\u00f5i v\u00e4hem k\u00f5rgust. V\u00f5ite seda kasutada ka raseduspadjana, mis pakub tuge erinevatele kehaosadele ja leevendab rasedusvalusid.<\/li>\n<li><strong>ALGUP\u00c4RASELT KVALITEETSETEST MATERJALIDEST LOODUD:<\/strong> See ristk\u00fclikukujuline lugemispadi on kolmem\u00f5\u00f5tmeliste triipude, kangast n\u00f6\u00f6bitute ja t\u00e4ielikult \u00e4\u00e4ristatud servadega, mis eristuvad k\u00f5igist teistest seljatoepatjadest. Kuigi dekoratiivne seljatoepadi on pehme, s\u00e4ilitab see oma toetava kuju t\u00e4nu vastupidavale ja painduvale mikropol\u00fcesterkiust t\u00e4idisele. \u00d6\u00f6bimispadja kahesuunaline t\u00f5mblukk on v\u00e4ga tugev ja vastupidav pikaajaliseks kasutamiseks.<\/li>\n<li><strong>ILUS \u00d6\u00d6KIRJADEKORATIIVPADI:<\/strong> Kui vajate kiiret ja lihtsat peatsit, saab seda polsterdatud peatsiga lugemispatja kasutada alternatiivina, olles samal ajal kaunis voodikaunistus. Selle elegantne disain lisab teie magamistuppa kutsuva ilme. Oma atraktiivse v\u00e4limusega on see originaalne voodi\u00e4\u00e4rne seljatoepadi reguleeritav magamistuppa, hotelli, haiglasse, aknalauale, diivanile, diivanvoodile, narivoodile, \u00fchiselamu voodile v\u00f5i platvormvoodile.<\/li>\n<li><strong>EEMALDATAV NIMMEPADJA KATE JA LIHTNE PESEMA:<\/strong> Voodipuhkuse padjap\u00fc\u00fcri saab h\u00f5lpsalt eemaldada, avades luku ja n\u00f6\u00f6bid lugemispadjap\u00fc\u00fcrilt ning lastes selle pesumasinas pesta.<\/li>\n<li><strong>Kangas:<\/strong> Pol\u00fcestri ja linase segu.<\/li>\n<li><strong>Suurus:<\/strong> 100x50x8cm (3 nuppu), 120x50x8cm (4 nuppu), 140x50x8cm (4 nuppu), 160x50x8cm (5 nuppu), 180x50x8cm (6 nuppu), 200x50x8cm (7 nuppu)<\/li>\n<\/ul>","protected":false},"featured_media":969,"comment_status":"open","ping_status":"closed","template":"","meta":[],"product_brand":[],"product_cat":[28],"product_tag":[146,149,142,159,115,145,105,144,118,59,119,152],"class_list":{"0":"post-978","1":"product","2":"type-product","3":"status-publish","4":"has-post-thumbnail","6":"product_cat-large-body-pillow","7":"product_tag-adjustable-bedroom-pillow","8":"product_tag-bedside-cushion","9":"product_tag-bedside-reading-pillow","10":"product_tag-body-support-pillow","11":"product_tag-comfortable-body-pillow","12":"product_tag-decorative-pillow","13":"product_tag-lumbar-support","14":"product_tag-positioner-pillow","15":"product_tag-pregnancy-pillow","16":"product_tag-reading-pillow","17":"product_tag-rectangular-reading-pillow","18":"product_tag-upholstery-headboard-reading-pillow","20":"first","21":"instock","22":"featured","23":"shipping-taxable","24":"purchasable","25":"product-type-variable"},"_links":{"self":[{"href":"https:\/\/www.largepillow.com\/et\/wp-json\/wp\/v2\/product\/978","targetHints":{"allow":["GET"]}}],"collection":[{"href":"https:\/\/www.largepillow.com\/et\/wp-json\/wp\/v2\/product"}],"about":[{"href":"https:\/\/www.largepillow.com\/et\/wp-json\/wp\/v2\/types\/product"}],"replies":[{"embeddable":true,"href":"https:\/\/www.largepillow.com\/et\/wp-json\/wp\/v2\/comments?post=978"}],"wp:featuredmedia":[{"embeddable":true,"href":"https:\/\/www.largepillow.com\/et\/wp-json\/wp\/v2\/media\/969"}],"wp:attachment":[{"href":"https:\/\/www.largepillow.com\/et\/wp-json\/wp\/v2\/media?parent=978"}],"wp:term":[{"taxonomy":"product_brand","embeddable":true,"href":"https:\/\/www.largepillow.com\/et\/wp-json\/wp\/v2\/product_brand?post=978"},{"taxonomy":"product_cat","embeddable":true,"href":"https:\/\/www.largepillow.com\/et\/wp-json\/wp\/v2\/product_cat?post=978"},{"taxonomy":"product_tag","embeddable":true,"href":"https:\/\/www.largepillow.com\/et\/wp-json\/wp\/v2\/product_tag?post=978"}],"curies":[{"name":"wp","href":"https:\/\/api.w.org\/{rel}","templated":true}]}}