{"id":10581,"date":"2025-07-29T03:16:04","date_gmt":"2025-07-29T03:16:04","guid":{"rendered":"https:\/\/www.largepillow.com\/product\/folding-floor-sofa-bed-soft-corduroy-convertible-sleeper-chair"},"modified":"2025-07-29T12:28:41","modified_gmt":"2025-07-29T12:28:41","slug":"kokoontaitettava-vuodesohva-pehmea-sametti-muunnettava-vuodesohva","status":"publish","type":"product","link":"https:\/\/www.largepillow.com\/fi\/product\/folding-floor-sofa-bed-soft-corduroy-convertible-sleeper-chair\/","title":{"rendered":"Kokoontaitettava vuodesohva \u2013 Pehme\u00e4 samettikankainen muunnettava vuodesohva"},"content":{"rendered":"[zc_getpagecontent mb=&#8221;mb_aplus&#8221; apid=&#8221;138&#8243;]\n","protected":false},"excerpt":{"rendered":"<ul>\n<li>3-osainen \u00e4lyk\u00e4s taittorakenne\uff1a Kova vaahtomuovipohja + segmentoitu PP-puuvillatyyny mahdollistavat nopean muuntamisen sohvaksi\/s\u00e4ngyksi. Tyynyt taittuvat selk\u00e4nojaa vasten sohva-asennossa; peitt\u00e4v\u00e4t vaahtomuovipehmusteen saumat kokonaan s\u00e4nkyasennossa rakottoman mukavuuden takaamiseksi.<\/li>\n<li>Kaksikerroksinen mukavuusj\u00e4rjestelm\u00e4\uff1aTihe\u00e4 vaahtomuovirunko takaa tukevan tuen, ja sen p\u00e4\u00e4ll\u00e4 on pehme\u00e4\u00e4 PP-puuvillaa pilvim\u00e4isen pehmeyden takaamiseksi. Hengitt\u00e4v\u00e4 korduroykangas lis\u00e4\u00e4 ylellisyytt\u00e4 samettisella kosketuksellaan.<\/li>\n<li>Tilaa s\u00e4\u00e4st\u00e4v\u00e4 t\u00e4ysikokoinen: Avautuu tilavaksi t\u00e4ysikokoiseksi s\u00e4ngyksi (122 cm x 203 cm); taittuu matalaselk\u00e4iseksi sohvaksi (122 cm x 99 cm x 76 cm). Jalaton muotoilu my\u00f6t\u00e4ilee lattiaa, ihanteellinen pieniin tiloihin.<\/li>\n<li>Olipa kyseess\u00e4 sitten y\u00f6pyv\u00e4t vieraat, yksi\u00f6t tai lastenhuoneet, t\u00e4m\u00e4 kokoontaitettava vuodesohva on tilaa s\u00e4\u00e4st\u00e4v\u00e4 ja monik\u00e4ytt\u00f6inen v\u00e4ltt\u00e4m\u00e4tt\u00f6myys. Sopii erinomaisesti vierashuoneisiin, makuusaleihin ja pieniin tiloihin.<\/li>\n<li>Turvallisuuden takaavat py\u00f6ristetyt reunat ja modernit kaaret sopivat mihin tahansa sisustukseen. Syv\u00e4, 39 tuuman istuin tarjoaa ymp\u00e4r\u00f6iv\u00e4\u00e4 mukavuutta.<\/li>\n<\/ul>","protected":false},"featured_media":10558,"comment_status":"open","ping_status":"closed","template":"","meta":[],"product_brand":[],"product_cat":[228],"product_tag":[],"class_list":{"0":"post-10581","1":"product","2":"type-product","3":"status-publish","4":"has-post-thumbnail","6":"product_cat-cushions","8":"first","9":"instock","10":"sold-individually","11":"shipping-taxable","12":"purchasable","13":"product-type-simple"},"_links":{"self":[{"href":"https:\/\/www.largepillow.com\/fi\/wp-json\/wp\/v2\/product\/10581","targetHints":{"allow":["GET"]}}],"collection":[{"href":"https:\/\/www.largepillow.com\/fi\/wp-json\/wp\/v2\/product"}],"about":[{"href":"https:\/\/www.largepillow.com\/fi\/wp-json\/wp\/v2\/types\/product"}],"replies":[{"embeddable":true,"href":"https:\/\/www.largepillow.com\/fi\/wp-json\/wp\/v2\/comments?post=10581"}],"wp:featuredmedia":[{"embeddable":true,"href":"https:\/\/www.largepillow.com\/fi\/wp-json\/wp\/v2\/media\/10558"}],"wp:attachment":[{"href":"https:\/\/www.largepillow.com\/fi\/wp-json\/wp\/v2\/media?parent=10581"}],"wp:term":[{"taxonomy":"product_brand","embeddable":true,"href":"https:\/\/www.largepillow.com\/fi\/wp-json\/wp\/v2\/product_brand?post=10581"},{"taxonomy":"product_cat","embeddable":true,"href":"https:\/\/www.largepillow.com\/fi\/wp-json\/wp\/v2\/product_cat?post=10581"},{"taxonomy":"product_tag","embeddable":true,"href":"https:\/\/www.largepillow.com\/fi\/wp-json\/wp\/v2\/product_tag?post=10581"}],"curies":[{"name":"wp","href":"https:\/\/api.w.org\/{rel}","templated":true}]}}