{"id":10595,"date":"2025-07-29T06:53:48","date_gmt":"2025-07-29T06:53:48","guid":{"rendered":"https:\/\/www.largepillow.com\/product\/bean-bag-lounger-sofa-giant-floor-couch-for-adults"},"modified":"2025-07-29T12:28:41","modified_gmt":"2025-07-29T12:28:41","slug":"sakkituoli-sohva-jattikokoinen-lattiasohva-aikuisille","status":"publish","type":"product","link":"https:\/\/www.largepillow.com\/fi\/product\/bean-bag-lounger-sofa-giant-floor-couch-for-adults","title":{"rendered":"S\u00e4kkituolisohva \u2013 J\u00e4ttikokoinen lattiasohva aikuisille"},"content":{"rendered":"[zc_getpagecontent mb=&#8221;mb_aplus&#8221; apid=&#8221;139&#8243;]\n","protected":false},"excerpt":{"rendered":"<ul>\n<li>Tilava muotoilu kahdelle (tai useammalle!): T\u00e4m\u00e4 reilun kokoinen s\u00e4kkituoli on kooltaan 167 cm * 137 cm * 43 cm (66\u2033 x 54\u2033 x 17\u2033), joten se sopii mukavasti 2\u20133 aikuiselle \u2013 t\u00e4ydellinen pariskunnille, perheille tai yst\u00e4ville. Olipa kyseess\u00e4 olohuone, makuuhuone, pelihuone tai toimisto, t\u00e4m\u00e4 makuuhuoneen lepotuoli lis\u00e4\u00e4 viihtyis\u00e4\u00e4 ja rennon istumapaikkaa minne ikin\u00e4 sit\u00e4 tarvitsetkin.<\/li>\n<li>Eritt\u00e4in mukava ja tukeva t\u00e4yte: Sano hyv\u00e4stit meluisille ja roikkuville s\u00e4kkituoleille! T\u00e4m\u00e4 aikuisille tarkoitettu s\u00e4kkituoli on t\u00e4ytetty ensiluokkaisella pehme\u00e4ll\u00e4 polyesterikuidulla \u2013 se tarjoaa paremman tuen ja s\u00e4ilytt\u00e4\u00e4 muotonsa erinomaisesti perinteisiin t\u00e4ytteisiin verrattuna. Nauti pehme\u00e4st\u00e4 mukavuudesta ilman \u00e4rsytt\u00e4vi\u00e4 narinaa.<\/li>\n<li>Tyylik\u00e4s p\u00e4ivitys klassiseen j\u00e4ttim\u00e4iseen s\u00e4kkituoliin: Modernin muotoilun ja tilavien istuinten ansiosta t\u00e4m\u00e4 ei ole mik\u00e4\u00e4n tavallinen s\u00e4kkituoli. Ainutlaatuisen muotoinen istuin halaa mukavasti 2\u20133 henkil\u00f6\u00e4 ja luo yksityisen oleskelutilan, joka kutsuu rentoutumaan, rauhoittumaan ja tuntemaan olonsa t\u00e4ysin tuetuksi.<\/li>\n<li>Ylellisen pehme\u00e4 plyysikangas: Leve\u00e4raidalliseen lyhyeen plyysikangasseen k\u00e4\u00e4ritty t\u00e4m\u00e4 sohvas\u00e4kkituoli on yht\u00e4 pehme\u00e4 kuin tyylik\u00e4skin. Teksturoitu kangas tarjoaa poikkeuksellisen pehmeytt\u00e4 ja ripauksen eleganssia. (Huomaa: Kangas voi irrota hieman, mutta se ei vaikuta toimintaan tai mukavuuteen.)<\/li>\n<li>Helppo asentaa ja huoltaa: Toimitetaan yhdess\u00e4 pakkauksessa helppoa kuljetusta varten. Ylisuuren pohjavetoketjun ansiosta p\u00e4\u00e4llinen on helppo irrottaa, ja p\u00e4\u00e4llinen on konepest\u00e4v\u00e4 vaivattoman huollon takaamiseksi.<\/li>\n<\/ul>","protected":false},"featured_media":10582,"comment_status":"open","ping_status":"closed","template":"","meta":[],"product_brand":[],"product_cat":[228],"product_tag":[],"class_list":{"0":"post-10595","1":"product","2":"type-product","3":"status-publish","4":"has-post-thumbnail","6":"product_cat-cushions","8":"first","9":"instock","10":"sold-individually","11":"shipping-taxable","12":"purchasable","13":"product-type-simple"},"_links":{"self":[{"href":"https:\/\/www.largepillow.com\/fi\/wp-json\/wp\/v2\/product\/10595","targetHints":{"allow":["GET"]}}],"collection":[{"href":"https:\/\/www.largepillow.com\/fi\/wp-json\/wp\/v2\/product"}],"about":[{"href":"https:\/\/www.largepillow.com\/fi\/wp-json\/wp\/v2\/types\/product"}],"replies":[{"embeddable":true,"href":"https:\/\/www.largepillow.com\/fi\/wp-json\/wp\/v2\/comments?post=10595"}],"wp:featuredmedia":[{"embeddable":true,"href":"https:\/\/www.largepillow.com\/fi\/wp-json\/wp\/v2\/media\/10582"}],"wp:attachment":[{"href":"https:\/\/www.largepillow.com\/fi\/wp-json\/wp\/v2\/media?parent=10595"}],"wp:term":[{"taxonomy":"product_brand","embeddable":true,"href":"https:\/\/www.largepillow.com\/fi\/wp-json\/wp\/v2\/product_brand?post=10595"},{"taxonomy":"product_cat","embeddable":true,"href":"https:\/\/www.largepillow.com\/fi\/wp-json\/wp\/v2\/product_cat?post=10595"},{"taxonomy":"product_tag","embeddable":true,"href":"https:\/\/www.largepillow.com\/fi\/wp-json\/wp\/v2\/product_tag?post=10595"}],"curies":[{"name":"wp","href":"https:\/\/api.w.org\/{rel}","templated":true}]}}