{"id":11770,"date":"2025-08-19T12:04:29","date_gmt":"2025-08-19T12:04:29","guid":{"rendered":"https:\/\/www.largepillow.com\/product\/side-sleeper-pillow-modular-body-pillow-h-shaped-ergonomic-wedge-pillow"},"modified":"2026-02-03T21:17:01","modified_gmt":"2026-02-03T21:17:01","slug":"kylkimakuutyyny-modulaarinen-vartalotyyny-h-muotoinen-ergonominen-kiilatyyny","status":"publish","type":"product","link":"https:\/\/www.largepillow.com\/fi\/product\/side-sleeper-pillow-modular-body-pillow-h-shaped-ergonomic-wedge-pillow","title":{"rendered":"Kylkimakuutyyny, Modulaarinen vartalotyyny, H-muotoinen ergonominen kiilatyyny"},"content":{"rendered":"[zc_getpagecontent mb=&#8221;mb_aplus&#8221; apid=&#8221;142&#8243;]\n","protected":false},"excerpt":{"rendered":"<ul>\n<li>4-in-1 H-muotoinen modulaarinen muotoilu \u2013 Sis\u00e4lt\u00e4\u00e4 kiilapohjan, niskatyynyn ja kaksi sivutyyny\u00e4. K\u00e4yt\u00e4 yhdess\u00e4 tai erikseen nukkumisasentosi ja kehosi tarpeiden mukaan.<\/li>\n<li>Avoin muotoilu antaa k\u00e4sivarsille liikkumavapautta \u2013 Ei tarvita k\u00e4situnnelia. Mahdollistaa k\u00e4sivarsien vapaan liikkeen k\u00e4\u00e4ntyess\u00e4, mik\u00e4 v\u00e4hent\u00e4\u00e4 olkap\u00e4ille kohdistuvaa painetta ja parantaa kyljell\u00e4\u00e4n nukkumisen mukavuutta.<\/li>\n<li>T\u00e4ysi tuki kivunlievitykseen \u2013 Ergonominen rakenne tukee niskaa, selk\u00e4\u00e4, vy\u00f6t\u00e4r\u00f6\u00e4 ja jalkoja. Auttaa lievitt\u00e4m\u00e4\u00e4n GERD:n, n\u00e4r\u00e4styksen, kuorsauksen ja huonon ryhdin aiheuttamia kipuja.<\/li>\n<li>Pest\u00e4v\u00e4 p\u00e4\u00e4llinen ja laadukas t\u00e4yte \u2013 Mukana irrotettava, konepest\u00e4v\u00e4 p\u00e4\u00e4llinen. Sis\u00e4t\u00e4yte on pehme\u00e4\u00e4 mutta tukevaa; sis\u00e4osat ovat irrotettavia helppoa puhdistusta varten.<\/li>\n<li>Ergonominen uniratkaisu \u2013 Suunniteltu kylki- ja sel\u00e4ll\u00e4\u00e4n nukkujille. S\u00e4\u00e4dett\u00e4v\u00e4t tarranauhat ja k\u00e4\u00e4ntyv\u00e4 kiilapohja tarjoavat joustavaa tukea parempaan uneen.<\/li>\n<\/ul>","protected":false},"featured_media":11762,"comment_status":"open","ping_status":"closed","template":"","meta":[],"product_brand":[],"product_cat":[228],"product_tag":[],"class_list":{"0":"post-11770","1":"product","2":"type-product","3":"status-publish","4":"has-post-thumbnail","6":"product_cat-cushions","8":"first","9":"outofstock","10":"sold-individually","11":"shipping-taxable","12":"purchasable","13":"product-type-simple"},"_links":{"self":[{"href":"https:\/\/www.largepillow.com\/fi\/wp-json\/wp\/v2\/product\/11770","targetHints":{"allow":["GET"]}}],"collection":[{"href":"https:\/\/www.largepillow.com\/fi\/wp-json\/wp\/v2\/product"}],"about":[{"href":"https:\/\/www.largepillow.com\/fi\/wp-json\/wp\/v2\/types\/product"}],"replies":[{"embeddable":true,"href":"https:\/\/www.largepillow.com\/fi\/wp-json\/wp\/v2\/comments?post=11770"}],"wp:featuredmedia":[{"embeddable":true,"href":"https:\/\/www.largepillow.com\/fi\/wp-json\/wp\/v2\/media\/11762"}],"wp:attachment":[{"href":"https:\/\/www.largepillow.com\/fi\/wp-json\/wp\/v2\/media?parent=11770"}],"wp:term":[{"taxonomy":"product_brand","embeddable":true,"href":"https:\/\/www.largepillow.com\/fi\/wp-json\/wp\/v2\/product_brand?post=11770"},{"taxonomy":"product_cat","embeddable":true,"href":"https:\/\/www.largepillow.com\/fi\/wp-json\/wp\/v2\/product_cat?post=11770"},{"taxonomy":"product_tag","embeddable":true,"href":"https:\/\/www.largepillow.com\/fi\/wp-json\/wp\/v2\/product_tag?post=11770"}],"curies":[{"name":"wp","href":"https:\/\/api.w.org\/{rel}","templated":true}]}}