{"id":1209,"date":"2022-09-19T03:31:40","date_gmt":"2022-09-19T03:31:40","guid":{"rendered":"https:\/\/www.largepillow.com\/product\/back-support-pillow"},"modified":"2025-12-11T13:44:46","modified_gmt":"2025-12-11T13:44:46","slug":"iso-sanky-pehmuste-tyyny-2","status":"publish","type":"product","link":"https:\/\/www.largepillow.com\/fi\/product\/large-bed-bolster-pillow","title":{"rendered":"Suuri Bed Bolster -tyyny"},"content":{"rendered":"<p>L\u00f6yd\u00e4 t\u00e4ydellinen lukutyyny suurella s\u00e4ngynp\u00e4\u00e4dyll\u00e4<\/p>\n<p>Jos pid\u00e4t lukemisesta, television katselusta tai ty\u00f6skentelyst\u00e4 s\u00e4ngyss\u00e4, mutta tarvitset ylim\u00e4\u00e4r\u00e4ist\u00e4 selk\u00e4tukea, Large Bed Bolster Pillow on t\u00e4ydellinen ratkaisu. T\u00e4m\u00e4 suorakaiteen muotoinen tyyny tarjoaa s\u00e4\u00e4dett\u00e4v\u00e4n ristisel\u00e4n tuen, joten voit istua mukavasti nojaten s\u00e4ngyss\u00e4. <\/p>\n<p>Pehme\u00e4st\u00e4, joustavasta mikropolyesterikuitut\u00e4ytteest\u00e4 valmistettu pehmustetyyny s\u00e4ilytt\u00e4\u00e4 muotonsa samalla, kun se mukautuu vartaloasi. Kaksisuuntaisen vetoketjun ansiosta irrotettava samettip\u00e4\u00e4llinen on my\u00f6s helppo ottaa pois ja pest\u00e4 koneessa. Tuftattujen nappien ja siististi p\u00e4\u00e4rtettyjen reunojen ansiosta t\u00e4m\u00e4 tyyny tuo yksinkertaista eleganssia mihin tahansa makuuhuoneen sisustukseen. <\/p>\n<p>Asiakkaat rakastavat t\u00e4m\u00e4n monipuolisen tyynyn k\u00e4ytt\u00f6\u00e4 useilla tavoilla:<\/p>\n<p>\u201dOstin sen alun perin lukutyynyksi, mutta se on niin mukava, ett\u00e4 p\u00e4\u00e4dyn k\u00e4ytt\u00e4m\u00e4\u00e4n sit\u00e4 my\u00f6s silloin, kun en lukisi. Se on t\u00e4ydellinen selk\u00e4nojatyyny riippumatta siit\u00e4, ty\u00f6skentelenk\u00f6 kannettavalla tietokoneellani s\u00e4ngyss\u00e4 tai vain rentoutuen television \u00e4\u00e4ress\u00e4.<\/p>\n<p>\u201dRaskaustyynyn\u00e4 se oli tarpeeksi s\u00e4\u00e4dett\u00e4v\u00e4 tukemaan selk\u00e4\u00e4ni tai ty\u00f6nt\u00e4m\u00e4\u00e4n vatsan alle. Ja nyt kun imet\u00e4n, se on edelleen hy\u00f6dyllinen tukena taakseni istuessani s\u00e4ngyss\u00e4.\u201d  <\/p>\n<p>&quot;T\u00e4m\u00e4 on loistava ristisel\u00e4n tukityyny leikkaukseni j\u00e4lkeen. Voin s\u00e4\u00e4t\u00e4\u00e4 parvea ja se pysyy sel\u00e4n takana, kun toivun.<\/p>\n<p>Valittavana on kuusi kokoa, joten l\u00f6yd\u00e4t varmasti tarpeisiisi sopivat mitat. Hinnat vaihtelevat $XX.XX-$XX.XX koosta riippuen. Tuo makuuhuoneeseesi vaivatonta mukavuutta ja tyyli\u00e4 Large Bed Bolster Pillow -tyynyn monipuolisella tuella.<\/p>","protected":false},"excerpt":{"rendered":"<ul>\n<li><strong>T\u00c4YDELLINEN LUKUTYYNY:<\/strong> Suorakaiteen muotoisen tyynyn ansiosta t\u00e4m\u00e4 mukava lukutyyny toimii t\u00e4ydellisesti tukemaan pehme\u00e4\u00e4 selk\u00e4\u00e4 lannerangan tyynyn\u00e4, kun istut s\u00e4ngyll\u00e4 lukeaksesi, katsoessasi televisiota, selaat puhelinta, surffailet tabletilla, pelaat videopelej\u00e4, harjoitat joogaa, imet\u00e4t ja lep\u00e4\u00e4t. leikkauksen j\u00e4lkeen.<\/li>\n<li><strong>MUKAVA VARTALOPYYNY:<\/strong> Suurena vartalotyynyn\u00e4 se korvaa kaikki normaalit s\u00e4nky- tai ristisel\u00e4n tyynyt, luo useita asentoja asentotyynyksi, joka tukee selk\u00e4\u00e4, olkap\u00e4\u00e4t\u00e4, selk\u00e4rankaa, vatsaa, jalkoja ja antaa lihasten pysy\u00e4 rentoina. Edist\u00e4\u00e4 linjassa olevaa selk\u00e4rankaa jokaiselle nukkujalle riippumatta siit\u00e4, tarvitsetko pehmustetun vuodetuen tyynyn tai suuren selk\u00e4nojatyynyn, jos tarvitset vain enemm\u00e4n tai v\u00e4hemm\u00e4n parvea. Voit k\u00e4ytt\u00e4\u00e4 sit\u00e4 my\u00f6s raskaustyynyn\u00e4, joka tukee eri kehon osia ja vapauttaa raskauskipuja.<\/li>\n<li><strong>ALKUPER\u00c4ISESTI SUUNNITELTU KORKEALAADAISISTA MATERIAALISTA:<\/strong> Suorakaiteen muotoisessa lukutyynyss\u00e4 on kolmiulotteiset raidat, kankaiset nappikimput, t\u00e4ysin p\u00e4\u00e4rretyt reunat erottuvat muista normaaleista selk\u00e4nojatyynyist\u00e4. Vaikka selk\u00e4nojan koristetyyny on pehme\u00e4, se s\u00e4ilytt\u00e4\u00e4 silti tukevan muotonsa hy\u00f6dynt\u00e4m\u00e4ll\u00e4 t\u00e4yden hy\u00f6dyn kimmoisasta ja joustavasta mikropolyesterikuitut\u00e4ytteest\u00e4. S\u00e4ngyn tyynyn kaksisuuntainen vetoketju, joka on eritt\u00e4in vahva ja kest\u00e4v\u00e4 pitk\u00e4aikaiseen k\u00e4ytt\u00f6\u00f6n.<\/li>\n<li><strong>KAUNIS KORISTEISTYYNY VUODEN vierest\u00e4:<\/strong> Jos tarvitset nopean ja helpon s\u00e4ngynp\u00e4\u00e4dyn, t\u00e4t\u00e4 verhoiltua s\u00e4ngynp\u00e4\u00e4dyn lukutyyny\u00e4 voi k\u00e4ytt\u00e4\u00e4 vaihtoehtoisena korvaajana samalla kun se on kaunis s\u00e4ngynsisustus. Sen tyylik\u00e4s muotoilu lis\u00e4\u00e4 kutsuvan n\u00e4k\u00f6alan makuuhuoneeseesi. Vieh\u00e4tt\u00e4v\u00e4n ulkon\u00e4\u00f6n ansiosta t\u00e4m\u00e4 alkuper\u00e4inen s\u00e4ngyn selk\u00e4nojapehmuste on s\u00e4\u00e4dett\u00e4viss\u00e4 makuuhuoneeseen, hotelliin, sairaalaan, ikkunaistuimeen, sohvaan, sohvaan, leposohvaan, kerross\u00e4nkyyn, makuusalin s\u00e4nkyyn, tasos\u00e4nkyyn.<\/li>\n<li><strong>IRROTTAVA LANNE TYYNYNP\u00c4\u00c4LL\u00c4 JA HELPPO PEST\u00c4:<\/strong> Voit helposti irrottaa s\u00e4ngynp\u00e4\u00e4llisen tyynynp\u00e4\u00e4llisen avaamalla vetoketjun ja avaamalla lukutyynyn p\u00e4\u00e4llisen napit ja pesem\u00e4ll\u00e4 sen koneessa.<\/li>\n<li><strong>Kangas:<\/strong> Velvet (100% polyesteri).<\/li>\n<li><strong>Koko:<\/strong> 100x50x8cm (3 nappia), 120x50x8cm (4 nappia), 140x50x8cm (4 nappia), 160x50x8cm (5 nappia), 180x50x8cm (6 nappia), 200x50x8cm (7 nappia)<\/li>\n<\/ul>","protected":false},"featured_media":1194,"comment_status":"open","ping_status":"closed","template":"","meta":[],"product_brand":[],"product_cat":[28],"product_tag":[117,60,116,115,114,79,118,59,119,120],"class_list":{"0":"post-1209","1":"product","2":"type-product","3":"status-publish","4":"has-post-thumbnail","6":"product_cat-large-body-pillow","7":"product_tag-back-support-cushion","8":"product_tag-backrest-pillow","9":"product_tag-bed-rest","10":"product_tag-comfortable-body-pillow","11":"product_tag-large-bed-bolster-pillow","12":"product_tag-lumbar-pillow","13":"product_tag-pregnancy-pillow","14":"product_tag-reading-pillow","15":"product_tag-rectangular-reading-pillow","16":"product_tag-velvet-pillow","18":"first","19":"instock","20":"featured","21":"shipping-taxable","22":"purchasable","23":"product-type-variable"},"_links":{"self":[{"href":"https:\/\/www.largepillow.com\/fi\/wp-json\/wp\/v2\/product\/1209","targetHints":{"allow":["GET"]}}],"collection":[{"href":"https:\/\/www.largepillow.com\/fi\/wp-json\/wp\/v2\/product"}],"about":[{"href":"https:\/\/www.largepillow.com\/fi\/wp-json\/wp\/v2\/types\/product"}],"replies":[{"embeddable":true,"href":"https:\/\/www.largepillow.com\/fi\/wp-json\/wp\/v2\/comments?post=1209"}],"wp:featuredmedia":[{"embeddable":true,"href":"https:\/\/www.largepillow.com\/fi\/wp-json\/wp\/v2\/media\/1194"}],"wp:attachment":[{"href":"https:\/\/www.largepillow.com\/fi\/wp-json\/wp\/v2\/media?parent=1209"}],"wp:term":[{"taxonomy":"product_brand","embeddable":true,"href":"https:\/\/www.largepillow.com\/fi\/wp-json\/wp\/v2\/product_brand?post=1209"},{"taxonomy":"product_cat","embeddable":true,"href":"https:\/\/www.largepillow.com\/fi\/wp-json\/wp\/v2\/product_cat?post=1209"},{"taxonomy":"product_tag","embeddable":true,"href":"https:\/\/www.largepillow.com\/fi\/wp-json\/wp\/v2\/product_tag?post=1209"}],"curies":[{"name":"wp","href":"https:\/\/api.w.org\/{rel}","templated":true}]}}