{"id":1238,"date":"2022-09-19T05:36:36","date_gmt":"2022-09-19T05:36:36","guid":{"rendered":"https:\/\/www.largepillow.com\/product\/back-cushion-for-sofa"},"modified":"2026-02-06T13:51:15","modified_gmt":"2026-02-06T13:51:15","slug":"sanky-tyyny-2","status":"publish","type":"product","link":"https:\/\/www.largepillow.com\/fi\/product\/bedrest-pillow\/","title":{"rendered":"Vuoteen tyyny"},"content":{"rendered":"<p>Nauti mukavuudesta ja tuesta vuodetyynyll\u00e4mme<\/p>\n<p>Etsitk\u00f6 t\u00e4ydellist\u00e4 tyyny\u00e4 rentoutumiseen ja hyvinvointiin? \u00c4l\u00e4 etsi kauempaa kuin ensiluokkainen Bedrest-tyynymme, joka on suunniteltu huolellisesti tarjoamaan vertaansa vailla olevaa tukea ja mukavuutta.<\/p>\n<p>Verraton laatu ja mukavuus<\/p>\n<p>Poikkeuksellisen tarkasti valmistettu Bedrest-tyynymme on t\u00e4ytetty ensiluokkaisella polyesterikuitut\u00e4ytteell\u00e4, joka muotoutuu moitteettomasti vartaloasi ja varmistaa horjumattoman selk\u00e4tuen ja muhkean tunteen. Ylellisen pehme\u00e4ll\u00e4 Velvet-kankaalla p\u00e4\u00e4llystetty se kest\u00e4\u00e4 muodonmuutoksia ja ryppyj\u00e4, mik\u00e4 lupaa pitk\u00e4kestoista mukavuutta.<\/p>\n<p>Monipuolinen s\u00e4\u00e4t\u00f6 ja k\u00e4ytt\u00f6mukavuus<\/p>\n<p>S\u00e4\u00e4dett\u00e4v\u00e4n muotoilunsa ansiosta tyynymme on varustettu pienell\u00e4 rullatyynyll\u00e4, joka voidaan sijoittaa strategisesti kohdennettua tukea varten. Pid\u00e4 selk\u00e4rankasi linjassa ja est\u00e4 kumpuaminen s\u00e4ilytt\u00e4\u00e4ksesi terveen asennon. Lis\u00e4ksi irrotettava ja pest\u00e4v\u00e4 tyynynp\u00e4\u00e4llinen lis\u00e4\u00e4 ylim\u00e4\u00e4r\u00e4ist\u00e4 hygieniakerroksen ja helpottaa huoltoa. K\u00e4ytt\u00f6mukavuuden lis\u00e4\u00e4miseksi kaksi k\u00e4yt\u00e4nn\u00f6llist\u00e4 sivutaskua tarjoavat s\u00e4ilytystilaa pienille v\u00e4ltt\u00e4m\u00e4tt\u00f6mille tavaroille, joten suosikkitavarasi ovat helposti ulottuvilla.<\/p>\n<p>Tieteellinen selk\u00e4tuki<\/p>\n<p>Ergonomisesti suunniteltu Bedrest-tyynymme tarjoaa vertaansa vailla olevan selk\u00e4tuen, lievitt\u00e4\u00e4 lanne- ja kohdunkaulan kipua, edist\u00e4\u00e4 oikeaa asentoa ja est\u00e4\u00e4 pitk\u00e4aikaisesta istumisesta tai makuulla aiheuttamasta ep\u00e4mukavuudesta.<\/p>\n<p>Monik\u00e4ytt\u00f6inen mukavuus<\/p>\n<p>Monipuolinen ja mukautuva Bedrest-tyynymme ylitt\u00e4\u00e4 makuuhuoneen rajat. Se on ihanteellinen kumppani sohville, leposohville, tuoleille ja sohville, jolloin voit nauttia \u00e4\u00e4rimm\u00e4isest\u00e4 mukavuudesta ja selk\u00e4rangan tuesta miss\u00e4 tahansa ymp\u00e4rist\u00f6ss\u00e4. Lukitpa sitten kiehtovaa romaania, katsomassa suosikkiohjelmiasi tai vain rentoutumassa pitk\u00e4n p\u00e4iv\u00e4n j\u00e4lkeen, tyynymme takaa virkist\u00e4v\u00e4n kokemuksen.<\/p>\n<p>Asiakkaiden suositukset<\/p>\n<p>\u201dT\u00e4m\u00e4 kolmiotyyny on eritt\u00e4in mukava. Hollantilainen samettikangas tuntuu niin pehme\u00e4lt\u00e4 ihoa vasten, ja lieri\u00f6m\u00e4inen tyyny on t\u00e4ydellinen niskan tukemiseen. \u2013 Tyytyv\u00e4inen asiakas<\/p>\n<p>\u201dRakastan sivuilla olevia tilavia taskuja. He pit\u00e4v\u00e4t puhelimeni, muistilehti\u00f6ni ja muut olennaiset asiat j\u00e4rjestyksess\u00e4 ja k\u00e4den ulottuvilla.&quot; \u2013 Ilahtunut k\u00e4ytt\u00e4j\u00e4<\/p>\n<p>Tekniset tiedot<\/p>\n<p>* Kangas: 100% Polyesteri Velvet<br \/>\n* Koko: 60x50x22cm<\/p>\n<p>Sijoita \u00e4\u00e4rimm\u00e4iseen rentoutumis- ja tukiratkaisuun t\u00e4n\u00e4\u00e4n poikkeuksellisen Bedrest-tyynyll\u00e4mme. Sen ylivoimainen mukavuus, monipuolisuus ja kest\u00e4vyys mullistavat kotisi ja lis\u00e4\u00e4v\u00e4t hyvinvointiasi.<\/p>","protected":false},"excerpt":{"rendered":"<ul>\n<li><strong>Hyv\u00e4ksytty kiilatyyny:<\/strong> T\u00e4m\u00e4 s\u00e4nkytyyny on t\u00e4ytetty ensiluokkaisella polyesterikuitut\u00e4ytteell\u00e4, joka tukee vakaata selk\u00e4\u00e4 ja saa sinut tuntemaan olosi mukavaksi lukiessasi, lep\u00e4\u00e4ess\u00e4si, katsoessasi televisiota s\u00e4ngyll\u00e4si tai sohvallasi. Laadukas Velvet-kangas koskettaa eritt\u00e4in pehme\u00e4\u00e4, kest\u00e4v\u00e4\u00e4 ja sit\u00e4 ei ole helppo muotoilla tai ryppyill\u00e4.<\/li>\n<li><strong>S\u00e4\u00e4dett\u00e4v\u00e4 kiilatyyny:<\/strong> Tyynyn mukana tulee pieni rullatyyny. Sit\u00e4 voidaan s\u00e4\u00e4t\u00e4\u00e4 tarpeen mukaan. Se auttaa pit\u00e4m\u00e4\u00e4n selk\u00e4si suorana, jotta et lankea. Lukuselk\u00e4tyynyn p\u00e4\u00e4llinen on irrotettava ja pest\u00e4v\u00e4. Sivulla on 2 pient\u00e4 taskua pienten osien, kuten kyn\u00e4n, matkapuhelimen, television kaukos\u00e4\u00e4timen jne., s\u00e4ilytykseen.<\/li>\n<li><strong>Erinomainen selk\u00e4tuki:<\/strong> Suuri tukityyny mukautuu ergonomiseen muotoiluun, joka voi tarjota tieteellist\u00e4 selk\u00e4tukea ja parantaa istuma-asentoa. N\u00e4m\u00e4 sohvan tyynyt tarjoavat mukavan tuen vy\u00f6t\u00e4r\u00f6lle, selk\u00e4\u00e4n ja niskaan. Se voi my\u00f6s ehk\u00e4ist\u00e4 ja lievitt\u00e4\u00e4 lanne- ja kohdunkaulan sairauksia ja lievitt\u00e4\u00e4 selk\u00e4kipuja.<\/li>\n<li><strong>Laaja valikoima k\u00e4ytt\u00f6kohteita:<\/strong> Kiilatyyny\u00e4 voidaan k\u00e4ytt\u00e4\u00e4 monenlaisiin k\u00e4ytt\u00f6tarkoituksiin, mik\u00e4 sopii eritt\u00e4in hyvin k\u00e4ytett\u00e4v\u00e4ksi s\u00e4ngyss\u00e4, sohvas\u00e4ngyss\u00e4, tuolissa ja sohvalla. T\u00e4ydellinen lahja itselle, yst\u00e4ville tai perheelle.<\/li>\n<li><strong>Helppo puhdistaa:<\/strong> T\u00e4ss\u00e4 tukityynyss\u00e4 on vetoketjukiinnitys, joka tekee kotelosta helposti irrotettavan ja konepest\u00e4v\u00e4n.<\/li>\n<li><strong>Kangas:<\/strong> Velvet (100% polyesteri).<\/li>\n<li><strong>Koko:<\/strong>\u00a060x50x22cm.<\/li>\n<\/ul>","protected":false},"featured_media":1228,"comment_status":"open","ping_status":"closed","template":"","meta":[],"product_brand":[],"product_cat":[29],"product_tag":[66,60,111,101,112,59,107,71,65],"class_list":{"0":"post-1238","1":"product","2":"type-product","3":"status-publish","4":"has-post-thumbnail","6":"product_cat-large-reading-pillow","7":"product_tag-back-support-pillow","8":"product_tag-backrest-pillow","9":"product_tag-bedrest-pillow","10":"product_tag-chair-cushion","11":"product_tag-lumbar-support-pillow","12":"product_tag-reading-pillow","13":"product_tag-sofa-cushion","14":"product_tag-tv-pillow","15":"product_tag-wedge-pillow","17":"first","18":"outofstock","19":"shipping-taxable","20":"purchasable","21":"product-type-simple"},"_links":{"self":[{"href":"https:\/\/www.largepillow.com\/fi\/wp-json\/wp\/v2\/product\/1238","targetHints":{"allow":["GET"]}}],"collection":[{"href":"https:\/\/www.largepillow.com\/fi\/wp-json\/wp\/v2\/product"}],"about":[{"href":"https:\/\/www.largepillow.com\/fi\/wp-json\/wp\/v2\/types\/product"}],"replies":[{"embeddable":true,"href":"https:\/\/www.largepillow.com\/fi\/wp-json\/wp\/v2\/comments?post=1238"}],"wp:featuredmedia":[{"embeddable":true,"href":"https:\/\/www.largepillow.com\/fi\/wp-json\/wp\/v2\/media\/1228"}],"wp:attachment":[{"href":"https:\/\/www.largepillow.com\/fi\/wp-json\/wp\/v2\/media?parent=1238"}],"wp:term":[{"taxonomy":"product_brand","embeddable":true,"href":"https:\/\/www.largepillow.com\/fi\/wp-json\/wp\/v2\/product_brand?post=1238"},{"taxonomy":"product_cat","embeddable":true,"href":"https:\/\/www.largepillow.com\/fi\/wp-json\/wp\/v2\/product_cat?post=1238"},{"taxonomy":"product_tag","embeddable":true,"href":"https:\/\/www.largepillow.com\/fi\/wp-json\/wp\/v2\/product_tag?post=1238"}],"curies":[{"name":"wp","href":"https:\/\/api.w.org\/{rel}","templated":true}]}}