{"id":1249,"date":"2022-09-19T05:36:49","date_gmt":"2022-09-19T05:36:49","guid":{"rendered":"https:\/\/www.largepillow.com\/product\/back-cushion-for-bed"},"modified":"2025-06-07T09:27:52","modified_gmt":"2025-06-07T09:27:52","slug":"lukutyyny","status":"publish","type":"product","link":"https:\/\/www.largepillow.com\/fi\/product\/reading-cushion","title":{"rendered":"Lukutyyny"},"content":{"rendered":"<p>Lukutyyny \u2013 uusi suosikkilis\u00e4ys viihtyis\u00e4\u00e4n lukunurkkaan!<\/p>\n<p>T\u00e4m\u00e4 mukava ja tukeva kiilatyyny on valmistettu korkealaatuisesta polyesterikuitut\u00e4ytteest\u00e4 ja korkealaatuisesta Velvet-kankaasta, mik\u00e4 takaa pehme\u00e4n, kest\u00e4v\u00e4n ja mukavan kokemuksen. Se on t\u00e4ydellinen tukemaan vakaata selk\u00e4\u00e4 lukiessasi, lep\u00e4\u00e4ess\u00e4si tai katsoessasi televisiota s\u00e4ngyll\u00e4si tai sohvallasi.<\/p>\n<p>Reading Cushion on s\u00e4\u00e4dett\u00e4v\u00e4 kiilatyyny, joka on varustettu pienell\u00e4 rullatyynyll\u00e4, joka voidaan sijoittaa sinne, miss\u00e4 sit\u00e4 tarvitset. Se auttaa pit\u00e4m\u00e4\u00e4n selk\u00e4si suorana, jotta et lankea, ja parantaa ryhti\u00e4 ja mukavampaa kokemusta. Tyynynp\u00e4\u00e4llinen on irrotettava ja pest\u00e4v\u00e4, ja sivulla on kaksi pient\u00e4 taskua pikkutavaroiden, kuten puhelimen tai kaukos\u00e4\u00e4timen, s\u00e4ilytt\u00e4mist\u00e4 varten.<\/p>\n<p>T\u00e4m\u00e4 tyyny on ergonomisesti suunniteltu antamaan erinomaisen tuen selk\u00e4\u00e4n, mik\u00e4 voi ehk\u00e4ist\u00e4 ja lievitt\u00e4\u00e4 lanne- ja kohdunkaulan sairauksia sek\u00e4 lievitt\u00e4\u00e4 selk\u00e4kipuja. Suuri tukityyny mukautuu ergonomiseen muotoiluun ja tarjoaa mukavan tuen vy\u00f6t\u00e4r\u00f6lle, selk\u00e4\u00e4n ja niskaan.<\/p>\n<p>Reading Cushion on monipuolinen, joten se sopii t\u00e4ydellisesti k\u00e4ytett\u00e4v\u00e4ksi s\u00e4ngyll\u00e4, sohvasohvalla, tuolilla tai sohvalla. Se on loistava lahja itsellesi, yst\u00e4villesi tai perheelle.<\/p>\n<p>T\u00e4m\u00e4 tukityyny on helppo puhdistaa, ja siin\u00e4 on vetoketjukiinnitys, joka tekee kotelosta helposti irrotettavan ja konepest\u00e4v\u00e4n.<\/p>\n<p>\u00c4l\u00e4 vain luota sanaamme, vaan t\u00e4ss\u00e4 on joitain tyytyv\u00e4isten asiakkaidemme kommentteja:<\/p>\n<p>\u201dRakastan lukutyynyni! Se auttaa minua istumaan pystyss\u00e4 ja est\u00e4\u00e4 minua romahtamasta lukiessani. Taskut sopivat t\u00e4ydellisesti puhelimen tai kaukos\u00e4\u00e4timen s\u00e4ilytt\u00e4miseen.&quot; \u2013 Emily.<\/p>\n<p>\u201dVelvet-kangas on niin pehme\u00e4\u00e4, ja tyyny on eritt\u00e4in tukeva. Suosittelen Lukutyyny\u00e4 kaikille, jotka etsiv\u00e4t mukavaa lukukokemusta.&quot; \u2013 Jack.<\/p>\n<p>&quot;T\u00e4m\u00e4 on muuttava lukukokemukseni. Se on niin mukava, ja sen antama tuki selk\u00e4\u00e4ni on h\u00e4mm\u00e4stytt\u00e4v\u00e4\u00e4. Olen niin iloinen, ett\u00e4 l\u00f6ysin t\u00e4m\u00e4n tuotteen!\u201d \u2013 Sarah.<\/p>\n<p>Mit\u00e4 odotat? Ota lukutyyny k\u00e4teesi ja vie lukukokemuksesi uudelle tasolle!<\/p>","protected":false},"excerpt":{"rendered":"<ul>\n<li><strong>Hyv\u00e4ksytty kiilatyyny:<\/strong> T\u00e4m\u00e4 s\u00e4nkytyyny on t\u00e4ytetty ensiluokkaisella polyesterikuitut\u00e4ytteell\u00e4, joka tukee vakaata selk\u00e4\u00e4 ja saa sinut tuntemaan olosi mukavaksi lukiessasi, lep\u00e4\u00e4ess\u00e4si, katsoessasi televisiota s\u00e4ngyll\u00e4si tai sohvallasi. Laadukas Velvet-kangas koskettaa eritt\u00e4in pehme\u00e4\u00e4, kest\u00e4v\u00e4\u00e4 ja sit\u00e4 ei ole helppo muotoilla tai ryppyill\u00e4.<\/li>\n<li><strong>S\u00e4\u00e4dett\u00e4v\u00e4 kiilatyyny:<\/strong> Tyynyn mukana tulee pieni rullatyyny. Sit\u00e4 voidaan s\u00e4\u00e4t\u00e4\u00e4 tarpeen mukaan. Se auttaa pit\u00e4m\u00e4\u00e4n selk\u00e4si suorana, jotta et lankea. Lukuselk\u00e4tyynyn p\u00e4\u00e4llinen on irrotettava ja pest\u00e4v\u00e4. Sivulla on 2 pient\u00e4 taskua pienten osien, kuten kyn\u00e4n, matkapuhelimen, television kaukos\u00e4\u00e4timen jne., s\u00e4ilytykseen.<\/li>\n<li><strong>Erinomainen selk\u00e4tuki:<\/strong> Suuri tukityyny mukautuu ergonomiseen muotoiluun, joka voi tarjota tieteellist\u00e4 selk\u00e4tukea ja parantaa istuma-asentoa. N\u00e4m\u00e4 sohvan tyynyt tarjoavat mukavan tuen vy\u00f6t\u00e4r\u00f6lle, selk\u00e4\u00e4n ja niskaan. Se voi my\u00f6s ehk\u00e4ist\u00e4 ja lievitt\u00e4\u00e4 lanne- ja kohdunkaulan sairauksia ja lievitt\u00e4\u00e4 selk\u00e4kipuja.<\/li>\n<li><strong>Laaja valikoima k\u00e4ytt\u00f6kohteita:<\/strong> Kiilatyyny\u00e4 voidaan k\u00e4ytt\u00e4\u00e4 monenlaisiin k\u00e4ytt\u00f6tarkoituksiin, mik\u00e4 sopii eritt\u00e4in hyvin k\u00e4ytett\u00e4v\u00e4ksi s\u00e4ngyss\u00e4, sohvas\u00e4ngyss\u00e4, tuolissa ja sohvalla. T\u00e4ydellinen lahja itselle, yst\u00e4ville tai perheelle.<\/li>\n<li><strong>Helppo puhdistaa:<\/strong> T\u00e4ss\u00e4 tukityynyss\u00e4 on vetoketjukiinnitys, joka tekee kotelosta helposti irrotettavan ja konepest\u00e4v\u00e4n.<\/li>\n<li><strong>Kangas:<\/strong> Velvet (100% polyesteri).<\/li>\n<li><strong>Koko:<\/strong>\u00a060x50x22cm.<\/li>\n<\/ul>","protected":false},"featured_media":1239,"comment_status":"open","ping_status":"closed","template":"","meta":[],"product_brand":[],"product_cat":[29],"product_tag":[92,60,108,101,110,109,106,59,107,65],"class_list":{"0":"post-1249","1":"product","2":"type-product","3":"status-publish","4":"has-post-thumbnail","6":"product_cat-large-reading-pillow","7":"product_tag-adjustable-wedge-pillow","8":"product_tag-backrest-pillow","9":"product_tag-bed-cushion","10":"product_tag-chair-cushion","11":"product_tag-couch-cushion","12":"product_tag-daybed-cushion","13":"product_tag-reading-cushion","14":"product_tag-reading-pillow","15":"product_tag-sofa-cushion","16":"product_tag-wedge-pillow","18":"first","19":"outofstock","20":"shipping-taxable","21":"purchasable","22":"product-type-simple"},"_links":{"self":[{"href":"https:\/\/www.largepillow.com\/fi\/wp-json\/wp\/v2\/product\/1249","targetHints":{"allow":["GET"]}}],"collection":[{"href":"https:\/\/www.largepillow.com\/fi\/wp-json\/wp\/v2\/product"}],"about":[{"href":"https:\/\/www.largepillow.com\/fi\/wp-json\/wp\/v2\/types\/product"}],"replies":[{"embeddable":true,"href":"https:\/\/www.largepillow.com\/fi\/wp-json\/wp\/v2\/comments?post=1249"}],"wp:featuredmedia":[{"embeddable":true,"href":"https:\/\/www.largepillow.com\/fi\/wp-json\/wp\/v2\/media\/1239"}],"wp:attachment":[{"href":"https:\/\/www.largepillow.com\/fi\/wp-json\/wp\/v2\/media?parent=1249"}],"wp:term":[{"taxonomy":"product_brand","embeddable":true,"href":"https:\/\/www.largepillow.com\/fi\/wp-json\/wp\/v2\/product_brand?post=1249"},{"taxonomy":"product_cat","embeddable":true,"href":"https:\/\/www.largepillow.com\/fi\/wp-json\/wp\/v2\/product_cat?post=1249"},{"taxonomy":"product_tag","embeddable":true,"href":"https:\/\/www.largepillow.com\/fi\/wp-json\/wp\/v2\/product_tag?post=1249"}],"curies":[{"name":"wp","href":"https:\/\/api.w.org\/{rel}","templated":true}]}}