{"id":1274,"date":"2022-09-19T05:37:18","date_gmt":"2022-09-19T05:37:18","guid":{"rendered":"https:\/\/www.largepillow.com\/product\/sofa-cushion-support"},"modified":"2025-12-03T04:19:42","modified_gmt":"2025-12-03T04:19:42","slug":"lukutyyny-sankyyn","status":"publish","type":"product","link":"https:\/\/www.largepillow.com\/fi\/product\/reading-cushion-for-bed","title":{"rendered":"Lukutyyny s\u00e4nkyyn"},"content":{"rendered":"<p>Tutustu s\u00e4ngyss\u00e4 lukemisen mukavuuteen t\u00e4ll\u00e4 erikoistyynyll\u00e4<\/p>\n<p>Oletko kyll\u00e4stynyt rasittamaan niskaasi ja selk\u00e4\u00e4si yritt\u00e4ess\u00e4si lukea tai katsoa televisiota s\u00e4ngyss\u00e4? Reading Cushion For Bed -tyyny on erityisesti suunniteltu tekem\u00e4\u00e4n n\u00e4ist\u00e4 toiminnoista rentouttavampia ja nautinnollisempia. <\/p>\n<p>T\u00e4m\u00e4 korkealaatuisista materiaaleista valmistettu kiilanmuotoinen tyyny tarjoaa ergonomista tukea sel\u00e4llesi, niskallesi ja hartioillesi makuuasennossa. Sis\u00e4puoli on t\u00e4ytetty pehme\u00e4ll\u00e4 mutta tukevalla polyesterikuitut\u00e4ytteell\u00e4, joka mukautuu kehosi luonnollisiin muotoihin litistym\u00e4tt\u00e4. <\/p>\n<p>Asiakkaat pit\u00e4v\u00e4t siit\u00e4, kuinka mukava t\u00e4m\u00e4 tyyny on:<\/p>\n<p>\u201dT\u00e4m\u00e4 lukutyyny on muuttanut el\u00e4m\u00e4ni. Ei en\u00e4\u00e4 niska- tai selk\u00e4kipuja, kun luen s\u00e4ngyss\u00e4!\u201d<\/p>\n<p>&quot;Voin vihdoinkin katsoa suosikkiohjelmiani mukavasti t\u00e4ll\u00e4 tukevalla tyynyll\u00e4.&quot;<\/p>\n<p>P\u00e4\u00e4llyskangas on miellytt\u00e4v\u00e4 polyesteri- ja pellavasekoitus, joka tuntuu sile\u00e4lt\u00e4 ja ylelliselt\u00e4 ihoa vasten. Piilotetun vetoketjun avulla voit helposti irrottaa p\u00e4\u00e4llisen konepesua varten tarvittaessa. <\/p>\n<p>Sis\u00e4\u00e4nrakennettu monipuolisuus tekee t\u00e4st\u00e4 tyynyst\u00e4 k\u00e4yt\u00e4nn\u00f6llisen kaikkiin tarpeisiisi. Kiinte\u00e4n sivurullatyynyn avulla voit mukauttaa tukikulmaa. Kaksi k\u00e4tev\u00e4\u00e4 sivutaskua sopivat t\u00e4ydellisesti kynien, puhelimien, kaukos\u00e4\u00e4timien ja muiden s\u00e4ilytykseen helposti ulottuvillasi.<\/p>\n<p>Sen lis\u00e4ksi, ett\u00e4 nautit kirjoista tai mediasta s\u00e4ngyss\u00e4, t\u00e4t\u00e4 monik\u00e4ytt\u00f6ist\u00e4 kiilatyyny\u00e4 voidaan k\u00e4ytt\u00e4\u00e4 my\u00f6s kannettavan tietokoneen \u00e4\u00e4ress\u00e4 ty\u00f6skentelemiseen, pelien pelaamiseen, kumppanin kanssa rentoutumiseen tai yksinkertaisesti jalkojen nostamiseen verenkierron parantamiseksi. <\/p>\n<p>Anna itsellesi lahjaksi r\u00e4\u00e4t\u00e4l\u00f6ity selk\u00e4tuki, joka tuntuu kuin se olisi tehty juuri sinua varten. Tuo Reading Cushion For Bed -s\u00e4ngylle kotiin muuttaaksesi mink\u00e4 tahansa makuuasennon mukavaksi hemmotteluksi.<\/p>","protected":false},"excerpt":{"rendered":"<ul>\n<li><strong>Hyv\u00e4ksytty kiilatyyny:<\/strong> T\u00e4m\u00e4 s\u00e4nkytyyny on t\u00e4ytetty ensiluokkaisella polyesterikuitut\u00e4ytteell\u00e4, joka tukee vakaata selk\u00e4\u00e4 ja saa sinut tuntemaan olosi mukavaksi lukiessasi, lep\u00e4\u00e4ess\u00e4si, katsoessasi televisiota s\u00e4ngyll\u00e4si tai sohvallasi. Laadukas pellavakangas koskettaa eritt\u00e4in pehme\u00e4\u00e4, kest\u00e4v\u00e4\u00e4 eik\u00e4 sit\u00e4 ole helppo muotoilla tai ryppyill\u00e4.<\/li>\n<li><strong>S\u00e4\u00e4dett\u00e4v\u00e4 kiilatyyny:<\/strong> Tyynyn mukana tulee pieni rullatyyny. Sit\u00e4 voidaan s\u00e4\u00e4t\u00e4\u00e4 tarpeen mukaan. Se auttaa pit\u00e4m\u00e4\u00e4n selk\u00e4si suorana, jotta et lankea. Lukuselk\u00e4tyynyn p\u00e4\u00e4llinen on irrotettava ja pest\u00e4v\u00e4. Sivulla on 2 pient\u00e4 taskua pienten osien, kuten kyn\u00e4n, matkapuhelimen, television kaukos\u00e4\u00e4timen jne., s\u00e4ilytykseen.<\/li>\n<li><strong>Erinomainen selk\u00e4tuki:<\/strong> Suuri tukityyny mukautuu ergonomiseen muotoiluun, joka voi tarjota tieteellist\u00e4 selk\u00e4tukea ja parantaa istuma-asentoa. N\u00e4m\u00e4 sohvan tyynyt tarjoavat mukavan tuen vy\u00f6t\u00e4r\u00f6lle, selk\u00e4\u00e4n ja niskaan. Se voi my\u00f6s ehk\u00e4ist\u00e4 ja lievitt\u00e4\u00e4 lanne- ja kohdunkaulan sairauksia ja lievitt\u00e4\u00e4 selk\u00e4kipuja.<\/li>\n<li><strong>Laaja valikoima k\u00e4ytt\u00f6kohteita:<\/strong> Kiilatyyny\u00e4 voidaan k\u00e4ytt\u00e4\u00e4 monenlaisiin k\u00e4ytt\u00f6tarkoituksiin, mik\u00e4 sopii eritt\u00e4in hyvin k\u00e4ytett\u00e4v\u00e4ksi s\u00e4ngyss\u00e4, sohvas\u00e4ngyss\u00e4, tuolissa ja sohvalla. T\u00e4ydellinen lahja itselle, yst\u00e4ville tai perheelle.<\/li>\n<li><strong>Helppo puhdistaa:<\/strong> T\u00e4ss\u00e4 tukityynyss\u00e4 on vetoketjukiinnitys, joka tekee kotelosta helposti irrotettavan ja konepest\u00e4v\u00e4n.<\/li>\n<li><strong>Kangas:<\/strong>\u00a0Polyesteri ja pellava sekoitus.<\/li>\n<li><strong>Koko:<\/strong>\u00a060x50x22cm.<\/li>\n<\/ul>","protected":false},"featured_media":1263,"comment_status":"open","ping_status":"closed","template":"","meta":[],"product_brand":[],"product_cat":[29],"product_tag":[92,60,94,89,103,59,93,100],"class_list":{"0":"post-1274","1":"product","2":"type-product","3":"status-publish","4":"has-post-thumbnail","6":"product_cat-large-reading-pillow","7":"product_tag-adjustable-wedge-pillow","8":"product_tag-backrest-pillow","9":"product_tag-excellent-back-support","10":"product_tag-qualified-wedge-pillow","11":"product_tag-reading-cushion-for-bed","12":"product_tag-reading-pillow","13":"product_tag-roll-bolster-pillow","14":"product_tag-sofa-daybed-pillow","16":"first","17":"outofstock","18":"featured","19":"shipping-taxable","20":"purchasable","21":"product-type-simple"},"_links":{"self":[{"href":"https:\/\/www.largepillow.com\/fi\/wp-json\/wp\/v2\/product\/1274","targetHints":{"allow":["GET"]}}],"collection":[{"href":"https:\/\/www.largepillow.com\/fi\/wp-json\/wp\/v2\/product"}],"about":[{"href":"https:\/\/www.largepillow.com\/fi\/wp-json\/wp\/v2\/types\/product"}],"replies":[{"embeddable":true,"href":"https:\/\/www.largepillow.com\/fi\/wp-json\/wp\/v2\/comments?post=1274"}],"wp:featuredmedia":[{"embeddable":true,"href":"https:\/\/www.largepillow.com\/fi\/wp-json\/wp\/v2\/media\/1263"}],"wp:attachment":[{"href":"https:\/\/www.largepillow.com\/fi\/wp-json\/wp\/v2\/media?parent=1274"}],"wp:term":[{"taxonomy":"product_brand","embeddable":true,"href":"https:\/\/www.largepillow.com\/fi\/wp-json\/wp\/v2\/product_brand?post=1274"},{"taxonomy":"product_cat","embeddable":true,"href":"https:\/\/www.largepillow.com\/fi\/wp-json\/wp\/v2\/product_cat?post=1274"},{"taxonomy":"product_tag","embeddable":true,"href":"https:\/\/www.largepillow.com\/fi\/wp-json\/wp\/v2\/product_tag?post=1274"}],"curies":[{"name":"wp","href":"https:\/\/api.w.org\/{rel}","templated":true}]}}