{"id":1286,"date":"2022-09-19T05:37:34","date_gmt":"2022-09-19T05:37:34","guid":{"rendered":"https:\/\/www.largepillow.com\/product\/custom-sofa-cushions"},"modified":"2026-01-20T07:53:44","modified_gmt":"2026-01-20T07:53:44","slug":"luku-tuki-tyyny-2","status":"publish","type":"product","link":"https:\/\/www.largepillow.com\/fi\/product\/reading-support-pillow\/","title":{"rendered":"Lukemisen tukityyny"},"content":{"rendered":"<p>Nauti ylivertaisesta sel\u00e4n tuesta lukutukityynyn avulla <\/p>\n<p>Jos pid\u00e4t lukemisesta tai television katselusta s\u00e4ngyss\u00e4, mutta sinulla on vaikeuksia istua mukavasti, Reading Support Pillow on sinua varten. T\u00e4m\u00e4 p\u00e4tev\u00e4 kiilatyyny tarjoaa vakaan selk\u00e4tuen, joten voit rentoutua ilman, ett\u00e4 niskaasi kumpuilee tai rasita.<\/p>\n<p>Valmistettu pehme\u00e4st\u00e4, kest\u00e4v\u00e4st\u00e4 pellavakankaasta korkealaatuisella polyesterikuitut\u00e4ytteell\u00e4, Reading Support Pillow mukautuu kehosi luonnollisiin muotoihin. Ergonominen muotoilu parantaa ryhti\u00e4 ja helpottaa lannerangan kipua, jolloin voit peitt\u00e4\u00e4 tuntikausia. <\/p>\n<p>Er\u00e4s tyytyv\u00e4inen asiakas kehui: &quot;T\u00e4m\u00e4 kolmipuolinen tyyny on valmistettu puuvillasta ja pellavamateriaalista, joka tuntuu eritt\u00e4in pehme\u00e4lt\u00e4 ja mukavalta. Se tukee mukavasti selk\u00e4\u00e4, kun luen tai k\u00e4yt\u00e4n puhelinta s\u00e4ngyss\u00e4.&quot;<\/p>\n<p>Kiilatyyny on t\u00e4ysin s\u00e4\u00e4dett\u00e4viss\u00e4 mukana tulevan rullapehmusteen ansiosta. Sijoita se sinne, miss\u00e4 tarvitset lis\u00e4tukea. Kaksi k\u00e4tev\u00e4\u00e4 sivutaskua sopivat t\u00e4ydellisesti t\u00e4rkeiden tavaroiden, kuten puhelinten, kaukos\u00e4\u00e4timien ja kirjojen s\u00e4ilytt\u00e4miseen helposti ulottuvilla.  <\/p>\n<p>Halusitpa sitten lukea uusimman bestsellerin, ahmia suosikkiohjelmiasi tai vain lev\u00e4t\u00e4 tablet-laitteen kanssa, Reading Support Pillow tarjoaa sinulle kaiken. Sen monipuolinen muotoilu tarjoaa erinomaisen selk\u00e4tuen s\u00e4ngyill\u00e4, sohvilla, leposohvilla ja jopa tuoleilla. Ei en\u00e4\u00e4 tossuttelua tai niskakipin\u00e4\u00e4!<\/p>\n<p>Kuten toinen arvioija kertoi: &quot;T\u00e4m\u00e4 lieri\u00f6m\u00e4inen tyyny voidaan asettaa pystysuoraan s\u00e4ngynp\u00e4\u00e4t\u00e4 vasten tai asettaa pitkitt\u00e4in ristisel\u00e4n tukemiseksi. Se on melko mukava ja juuri oikean kokoinen.&quot;<\/p>\n<p>Helppohoitoinen, irrotettava kansi vetoketjulla konepesua varten. Pehme\u00e4n polyesterin ja pellavasekoitteena saatavana oleva Reading Support Pillow on ihanteellinen lahja. <\/p>\n<p>Anna sel\u00e4llesi tauko ja viihdekokemuksesi vauhtia t\u00e4ll\u00e4 ergonomisella kiilatyynyll\u00e4. Tilaa Reading Support Pillow jo t\u00e4n\u00e4\u00e4n!<\/p>","protected":false},"excerpt":{"rendered":"<ul>\n<li><strong>Hyv\u00e4ksytty kiilatyyny:<\/strong> T\u00e4m\u00e4 s\u00e4nkytyyny on t\u00e4ytetty ensiluokkaisella polyesterikuitut\u00e4ytteell\u00e4, joka tukee vakaata selk\u00e4\u00e4 ja saa sinut tuntemaan olosi mukavaksi lukiessasi, lep\u00e4\u00e4ess\u00e4si, katsoessasi televisiota s\u00e4ngyll\u00e4si tai sohvallasi. Laadukas pellavakangas koskettaa eritt\u00e4in pehme\u00e4\u00e4, kest\u00e4v\u00e4\u00e4 eik\u00e4 sit\u00e4 ole helppo muotoilla tai ryppyill\u00e4.<\/li>\n<li><strong>S\u00e4\u00e4dett\u00e4v\u00e4 kiilatyyny:<\/strong> Tyynyn mukana tulee pieni rullatyyny. Sit\u00e4 voidaan s\u00e4\u00e4t\u00e4\u00e4 tarpeen mukaan. Se auttaa pit\u00e4m\u00e4\u00e4n selk\u00e4si suorana, jotta et lankea. Lukuselk\u00e4tyynyn p\u00e4\u00e4llinen on irrotettava ja pest\u00e4v\u00e4. Sivulla on 2 pient\u00e4 taskua pienten osien, kuten kyn\u00e4n, matkapuhelimen, television kaukos\u00e4\u00e4timen jne., s\u00e4ilytykseen.<\/li>\n<li><strong>Erinomainen selk\u00e4tuki:<\/strong> Suuri tukityyny mukautuu ergonomiseen muotoiluun, joka voi tarjota tieteellist\u00e4 selk\u00e4tukea ja parantaa istuma-asentoa. N\u00e4m\u00e4 sohvan tyynyt tarjoavat mukavan tuen vy\u00f6t\u00e4r\u00f6lle, selk\u00e4\u00e4n ja niskaan. Se voi my\u00f6s ehk\u00e4ist\u00e4 ja lievitt\u00e4\u00e4 lanne- ja kohdunkaulan sairauksia ja lievitt\u00e4\u00e4 selk\u00e4kipuja.<\/li>\n<li><strong>Laaja valikoima k\u00e4ytt\u00f6kohteita:<\/strong> Kiilatyyny\u00e4 voidaan k\u00e4ytt\u00e4\u00e4 monenlaisiin k\u00e4ytt\u00f6tarkoituksiin, mik\u00e4 sopii eritt\u00e4in hyvin k\u00e4ytett\u00e4v\u00e4ksi s\u00e4ngyss\u00e4, sohvas\u00e4ngyss\u00e4, tuolissa ja sohvalla. T\u00e4ydellinen lahja itselle, yst\u00e4ville tai perheelle.<\/li>\n<li><strong>Helppo puhdistaa:<\/strong> T\u00e4ss\u00e4 tukityynyss\u00e4 on vetoketjukiinnitys, joka tekee kotelosta helposti irrotettavan ja konepest\u00e4v\u00e4n.<\/li>\n<li><strong>Kangas:<\/strong>\u00a0Polyesteri ja pellava sekoitus.<\/li>\n<li><strong>Koko:<\/strong>\u00a060x50x22cm.<\/li>\n<\/ul>","protected":false},"featured_media":1275,"comment_status":"open","ping_status":"closed","template":"","meta":[],"product_brand":[],"product_cat":[29],"product_tag":[92,60,99,101,102,94,89,59,97,95,98,100,90],"class_list":{"0":"post-1286","1":"product","2":"type-product","3":"status-publish","4":"has-post-thumbnail","6":"product_cat-large-reading-pillow","7":"product_tag-adjustable-wedge-pillow","8":"product_tag-backrest-pillow","9":"product_tag-bed-pillow","10":"product_tag-chair-cushion","11":"product_tag-couch-pillow","12":"product_tag-excellent-back-support","13":"product_tag-qualified-wedge-pillow","14":"product_tag-reading-pillow","15":"product_tag-reading-support-pillow","16":"product_tag-scientific-back-support","17":"product_tag-small-roll-bolster-pillow","18":"product_tag-sofa-daybed-pillow","19":"product_tag-stable-back-support","21":"first","22":"outofstock","23":"featured","24":"shipping-taxable","25":"purchasable","26":"product-type-simple"},"_links":{"self":[{"href":"https:\/\/www.largepillow.com\/fi\/wp-json\/wp\/v2\/product\/1286","targetHints":{"allow":["GET"]}}],"collection":[{"href":"https:\/\/www.largepillow.com\/fi\/wp-json\/wp\/v2\/product"}],"about":[{"href":"https:\/\/www.largepillow.com\/fi\/wp-json\/wp\/v2\/types\/product"}],"replies":[{"embeddable":true,"href":"https:\/\/www.largepillow.com\/fi\/wp-json\/wp\/v2\/comments?post=1286"}],"wp:featuredmedia":[{"embeddable":true,"href":"https:\/\/www.largepillow.com\/fi\/wp-json\/wp\/v2\/media\/1275"}],"wp:attachment":[{"href":"https:\/\/www.largepillow.com\/fi\/wp-json\/wp\/v2\/media?parent=1286"}],"wp:term":[{"taxonomy":"product_brand","embeddable":true,"href":"https:\/\/www.largepillow.com\/fi\/wp-json\/wp\/v2\/product_brand?post=1286"},{"taxonomy":"product_cat","embeddable":true,"href":"https:\/\/www.largepillow.com\/fi\/wp-json\/wp\/v2\/product_cat?post=1286"},{"taxonomy":"product_tag","embeddable":true,"href":"https:\/\/www.largepillow.com\/fi\/wp-json\/wp\/v2\/product_tag?post=1286"}],"curies":[{"name":"wp","href":"https:\/\/api.w.org\/{rel}","templated":true}]}}