{"id":1298,"date":"2022-09-19T05:37:48","date_gmt":"2022-09-19T05:37:48","guid":{"rendered":"https:\/\/www.largepillow.com\/product\/wedge-reading-pillow"},"modified":"2025-12-02T18:57:13","modified_gmt":"2025-12-02T18:57:13","slug":"sanky-tuki-luku-kiila","status":"publish","type":"product","link":"https:\/\/www.largepillow.com\/fi\/product\/bed-rest-reading-wedge\/","title":{"rendered":"Bed lepo lukukiila"},"content":{"rendered":"<p>Rentoudu mukavasti Bed Rest Reading Wedge -tyynyn avulla<\/p>\n<p>Jos pid\u00e4t lukemisesta tai television katselusta s\u00e4ngyss\u00e4, mutta k\u00e4rsit selk\u00e4vaivasta, Bed Rest Reading Wedge Pillow on t\u00e4ydellinen ratkaisu. T\u00e4m\u00e4 ergonomisesti muotoiltu tyyny tarjoaa erinomaisen ristisel\u00e4n tuen lievitt\u00e4\u00e4kseen selk\u00e4kipuja ja auttaakseen sinua s\u00e4ilytt\u00e4m\u00e4\u00e4n hyv\u00e4n asennon lep\u00e4\u00e4ess\u00e4si.  <\/p>\n<p>Pehme\u00e4st\u00e4, laadukkaasta pellavasta ja polyesterista valmistettu reilun kokoinen 60x50x22cm kiila mukautuu vartalosi muotoihin. S\u00e4\u00e4dett\u00e4v\u00e4n rullatyynyn avulla voit mukauttaa tuen kohdealueille, jotka kaipaavat helpotusta, kuten alaselk\u00e4\u00e4 tai kaulaa. Kaksi sivutaskua tarjoavat k\u00e4tev\u00e4n s\u00e4ilytyksen tavaroille, kuten puhelimelle, kaukos\u00e4\u00e4timelle tai kirjoille, kun rentoudut.<\/p>\n<p>Asiakkaat pit\u00e4v\u00e4t t\u00e4st\u00e4 monipuolisesta ja tukevasta tyynyst\u00e4:<\/p>\n<p>&quot;T\u00e4m\u00e4 tyyny tarjoaa eritt\u00e4in hyv\u00e4n tuen lukemiseen tai kannettavan tietokoneeni ty\u00f6skentelyyn s\u00e4ngyss\u00e4. Se on mukava ja n\u00e4ytt\u00e4\u00e4 eritt\u00e4in kest\u00e4v\u00e4lt\u00e4.&quot;<\/p>\n<p>\u201dMinulle tehtiin selk\u00e4leikkaus ja l\u00e4\u00e4k\u00e4rini suositteli t\u00e4m\u00e4n k\u00e4ytt\u00f6\u00e4. Se antaa juuri oikean m\u00e4\u00e4r\u00e4n kaltevuutta aiheuttamatta kipupisteit\u00e4.&quot; <\/p>\n<p>\u201dSain t\u00e4m\u00e4n i\u00e4kk\u00e4ille vanhemmilleni, jotta he voisivat istua mukavammin. He rakastavat sit\u00e4 ja sanovat, ett\u00e4 se on todella auttanut heid\u00e4n selk\u00e4ongelmiaan.&quot;<\/p>\n<p>Ergonominen muotoilu keskittyy sel\u00e4n tukeen ja mukavuuteen, joten t\u00e4m\u00e4 laadukas kiilatyyny on t\u00e4ydellinen luku- ja rentoutumiskumppani. Irrotettava ja pest\u00e4v\u00e4 p\u00e4\u00e4llinen mahdollistaa helpon hoidon. <\/p>\n<p>Anna lahjaksi mukava lepo Bed Rest Reading Wedge Pillow -tyynyll\u00e4. Ihanteellinen itsellesi tai l\u00e4heisillesi, jotka k\u00e4rsiv\u00e4t lanne- tai niskan ep\u00e4mukavuudesta, siit\u00e4 tulee varmasti rakas osa rentoutumisaikaa.<\/p>","protected":false},"excerpt":{"rendered":"<ul>\n<li><strong>Hyv\u00e4ksytty kiilatyyny:<\/strong> T\u00e4m\u00e4 s\u00e4nkytyyny on t\u00e4ytetty ensiluokkaisella polyesterikuitut\u00e4ytteell\u00e4, joka tukee vakaata selk\u00e4\u00e4 ja saa sinut tuntemaan olosi mukavaksi lukiessasi, lep\u00e4\u00e4ess\u00e4si, katsoessasi televisiota s\u00e4ngyll\u00e4si tai sohvallasi. Laadukas pellavakangas koskettaa eritt\u00e4in pehme\u00e4\u00e4, kest\u00e4v\u00e4\u00e4 eik\u00e4 sit\u00e4 ole helppo muotoilla tai ryppyill\u00e4.<\/li>\n<li><strong>S\u00e4\u00e4dett\u00e4v\u00e4 kiilatyyny:<\/strong> Tyynyn mukana tulee pieni rullatyyny. Sit\u00e4 voidaan s\u00e4\u00e4t\u00e4\u00e4 tarpeen mukaan. Se auttaa pit\u00e4m\u00e4\u00e4n selk\u00e4si suorana, jotta et lankea. Lukuselk\u00e4tyynyn p\u00e4\u00e4llinen on irrotettava ja pest\u00e4v\u00e4. Sivulla on 2 pient\u00e4 taskua pienten osien, kuten kyn\u00e4n, matkapuhelimen, television kaukos\u00e4\u00e4timen jne., s\u00e4ilytykseen.<\/li>\n<li><strong>Erinomainen selk\u00e4tuki:<\/strong> Suuri tukityyny mukautuu ergonomiseen muotoiluun, joka voi tarjota tieteellist\u00e4 selk\u00e4tukea ja parantaa istuma-asentoa. N\u00e4m\u00e4 sohvan tyynyt tarjoavat mukavan tuen vy\u00f6t\u00e4r\u00f6lle, selk\u00e4\u00e4n ja niskaan. Se voi my\u00f6s ehk\u00e4ist\u00e4 ja lievitt\u00e4\u00e4 lanne- ja kohdunkaulan sairauksia ja lievitt\u00e4\u00e4 selk\u00e4kipuja.<\/li>\n<li><strong>Laaja valikoima k\u00e4ytt\u00f6kohteita:<\/strong> Kiilatyyny\u00e4 voidaan k\u00e4ytt\u00e4\u00e4 monenlaisiin k\u00e4ytt\u00f6tarkoituksiin, mik\u00e4 sopii eritt\u00e4in hyvin k\u00e4ytett\u00e4v\u00e4ksi s\u00e4ngyss\u00e4, sohvas\u00e4ngyss\u00e4, tuolissa ja sohvalla. T\u00e4ydellinen lahja itselle, yst\u00e4ville tai perheelle.<\/li>\n<li><strong>Helppo puhdistaa:<\/strong> T\u00e4ss\u00e4 tukityynyss\u00e4 on vetoketjukiinnitys, joka tekee kotelosta helposti irrotettavan ja konepest\u00e4v\u00e4n.<\/li>\n<li><strong>Kangas:<\/strong>\u00a0Polyesteri ja pellava sekoitus.<\/li>\n<li><strong>Koko:<\/strong>\u00a060x50x22cm.<\/li>\n<\/ul>","protected":false},"featured_media":1287,"comment_status":"open","ping_status":"closed","template":"","meta":[],"product_brand":[],"product_cat":[29],"product_tag":[92,60,88,91,96,94,89,59,93,95,90],"class_list":{"0":"post-1298","1":"product","2":"type-product","3":"status-publish","4":"has-post-thumbnail","6":"product_cat-large-reading-pillow","7":"product_tag-adjustable-wedge-pillow","8":"product_tag-backrest-pillow","9":"product_tag-bed-rest-reading-wedge","10":"product_tag-comfortable-reading","11":"product_tag-cushions-for-sofa","12":"product_tag-excellent-back-support","13":"product_tag-qualified-wedge-pillow","14":"product_tag-reading-pillow","15":"product_tag-roll-bolster-pillow","16":"product_tag-scientific-back-support","17":"product_tag-stable-back-support","19":"first","20":"outofstock","21":"featured","22":"shipping-taxable","23":"purchasable","24":"product-type-simple"},"_links":{"self":[{"href":"https:\/\/www.largepillow.com\/fi\/wp-json\/wp\/v2\/product\/1298","targetHints":{"allow":["GET"]}}],"collection":[{"href":"https:\/\/www.largepillow.com\/fi\/wp-json\/wp\/v2\/product"}],"about":[{"href":"https:\/\/www.largepillow.com\/fi\/wp-json\/wp\/v2\/types\/product"}],"replies":[{"embeddable":true,"href":"https:\/\/www.largepillow.com\/fi\/wp-json\/wp\/v2\/comments?post=1298"}],"wp:featuredmedia":[{"embeddable":true,"href":"https:\/\/www.largepillow.com\/fi\/wp-json\/wp\/v2\/media\/1287"}],"wp:attachment":[{"href":"https:\/\/www.largepillow.com\/fi\/wp-json\/wp\/v2\/media?parent=1298"}],"wp:term":[{"taxonomy":"product_brand","embeddable":true,"href":"https:\/\/www.largepillow.com\/fi\/wp-json\/wp\/v2\/product_brand?post=1298"},{"taxonomy":"product_cat","embeddable":true,"href":"https:\/\/www.largepillow.com\/fi\/wp-json\/wp\/v2\/product_cat?post=1298"},{"taxonomy":"product_tag","embeddable":true,"href":"https:\/\/www.largepillow.com\/fi\/wp-json\/wp\/v2\/product_tag?post=1298"}],"curies":[{"name":"wp","href":"https:\/\/api.w.org\/{rel}","templated":true}]}}