{"id":1323,"date":"2022-09-19T06:02:03","date_gmt":"2022-09-19T06:02:03","guid":{"rendered":"https:\/\/www.largepillow.com\/product\/reading-wedges"},"modified":"2024-10-03T16:31:26","modified_gmt":"2024-10-03T16:31:26","slug":"lukukiiloja","status":"publish","type":"product","link":"https:\/\/www.largepillow.com\/fi\/product\/reading-wedges\/","title":{"rendered":"Lukeminen Wedges"},"content":{"rendered":"<p>Oletko kirjatoukka, joka nauttii s\u00e4ngyss\u00e4 lukemisesta, mutta k\u00e4rsii huonosta asennosta johtuvasta ep\u00e4mukavuudesta ja kivusta? Jos kyll\u00e4, meill\u00e4 on sinulle t\u00e4ydellinen ratkaisu \u2013 Reading Wedges!<\/p>\n<p>T\u00e4m\u00e4 ergonominen tyyny on suunniteltu tukemaan ja pehmustamaan ala- ja yl\u00e4selk\u00e4\u00e4si, niskaasi ja hartioitasi varmistaen, ett\u00e4 voit lukea s\u00e4ngyss\u00e4 ergonomisessa asennossa. Tyyny on pehme\u00e4 ja mukava samalla kun se on riitt\u00e4v\u00e4n kiinte\u00e4 s\u00e4ilytt\u00e4\u00e4kseen muotonsa ja antaakseen riitt\u00e4v\u00e4n tuen.<\/p>\n<p>Kiilatyynynp\u00e4\u00e4llinen on valmistettu korkealaatuisesta canvaskankaasta, joka on kest\u00e4v\u00e4\u00e4 ja jolla on erinomainen ilmanl\u00e4p\u00e4isevyys. Sis\u00e4ydin on t\u00e4ytetty eritt\u00e4in elastisella polyesterikuitut\u00e4ytteell\u00e4, mik\u00e4 varmistaa, ett\u00e4 tyyny ei painu kokoon ja s\u00e4ilytt\u00e4\u00e4 muotonsa. Tyynynp\u00e4\u00e4llinen on my\u00f6s irrotettava ja konepest\u00e4v\u00e4, joten se on helppo puhdistaa ja huoltaa.<\/p>\n<p>Tyynyn kaareva muoto tekee siit\u00e4 ihanteellisen tiettyjen kehon osien pit\u00e4miseen koholla, mik\u00e4 helpottaa sairauksien, kuten kuorsauksen tai happaman refluksin, lievityst\u00e4. Raskaana olevat naiset voivat k\u00e4ytt\u00e4\u00e4 sit\u00e4 sivumakuuasennon yll\u00e4pit\u00e4miseen tai lannerangan tyynyn\u00e4 alentamaan lannerangan painetta. Voit k\u00e4ytt\u00e4\u00e4 sit\u00e4 my\u00f6s sohvalla tai lattialla, mik\u00e4 tekee siit\u00e4 monik\u00e4ytt\u00f6isen.<\/p>\n<p>Reading Wedges -kiiloja on erilaisia, mukaan lukien &quot;mets\u00e4musiikki&quot;, &quot;vanha sanomalehti&quot;, &quot;sininen perhonen&quot; ja &quot;kamelikartta&quot;. N\u00e4ill\u00e4 eloisilla v\u00e4reill\u00e4 voit l\u00f6yt\u00e4\u00e4 sellaisen, joka resonoi persoonallisuutesi kanssa ja tuo makuuhuoneeseesi piristyst\u00e4. Se on t\u00e4ydellinen lukutyyny aikuisille, pojille ja tyt\u00f6ille, joten se on erinomainen lahja lapsille, jotka rakastavat lukemista.<\/p>\n<p>\u00c4l\u00e4 vain ota sanaamme; t\u00e4ss\u00e4 muutamia asiakkaidemme kommentteja:<\/p>\n<p>\u201dRakastan lukukiilojani; ne ovat auttaneet lievitt\u00e4m\u00e4\u00e4n selk\u00e4kipujani s\u00e4ngyss\u00e4 lukemisen aikana.&quot;<\/p>\n<p>&quot;Tyynyn muotoilu on erinomainen, ja v\u00e4rit lis\u00e4\u00e4v\u00e4t huoneeseeni eleganssia.&quot;<\/p>\n<p>&quot;Lukukiilat ovat monik\u00e4ytt\u00f6isi\u00e4, ja k\u00e4yt\u00e4n niit\u00e4 selk\u00e4nojana my\u00f6s sohvalla istuessani.&quot;<\/p>\n<p>&quot;Irrotettava tyynynp\u00e4\u00e4llinen on pelin vaihtaja, joten minun on helppo pit\u00e4\u00e4 tyynyni puhtaana.&quot;<\/p>\n<p>Yhteenvetona voidaan todeta, ett\u00e4 Reading Wedges on t\u00e4ydellinen kirjatoukille, jotka nauttivat s\u00e4ngyss\u00e4 lukemisesta. Ne ovat mukavia, kiinteit\u00e4 ja monik\u00e4ytt\u00f6isi\u00e4, joten ne ovat v\u00e4ltt\u00e4m\u00e4tt\u00f6mi\u00e4. Hanki omasi jo t\u00e4n\u00e4\u00e4n ja sano hyv\u00e4stit selk\u00e4kivuille ja ep\u00e4mukavuudelle lukiessasi s\u00e4ngyss\u00e4.<\/p>","protected":false},"excerpt":{"rendered":"<ul>\n<li><strong>Ergonominen tyyny:<\/strong>\u00a0Jos sin\u00e4 ja yst\u00e4v\u00e4si pid\u00e4t lukemisesta s\u00e4ngyss\u00e4, mutta sinulla on erilaisia ep\u00e4mukavia tuntemuksia v\u00e4\u00e4r\u00e4n asennon vuoksi: ala- ja yl\u00e4sel\u00e4n kipuja, niska- ja hartiavaivoja jne. K\u00e4yt\u00e4 sitten t\u00e4t\u00e4 ergonomista tyyny\u00e4 auttamaan lukemistasi ergonomisessa asennossa. T\u00e4m\u00e4 lukutyyny ei ole vain pehme\u00e4 ja mukava, vaan my\u00f6s riitt\u00e4v\u00e4n kiinte\u00e4 tarjoamaan pehmustetta ja tukea.<\/li>\n<li><strong>Laadukkaat materiaalit:<\/strong>\u00a0Kiilatyynynp\u00e4\u00e4llinen on valmistettu korkealaatuisesta kangaskankaasta, joka on vahvaa ja kest\u00e4v\u00e4\u00e4 ja jolla on eritt\u00e4in hyv\u00e4 ilmanl\u00e4p\u00e4isevyys; se k\u00e4ytt\u00e4\u00e4 reaktiivista tulostus- ja v\u00e4rj\u00e4ystekniikkaa, joka ei haalistu; sis\u00e4ydin on t\u00e4ytetty korkealaatuisella korkeaelastisella polyesterikuitut\u00e4ytteell\u00e4, joka voi s\u00e4ilytt\u00e4\u00e4 vakaan muodon romahtamatta.<\/li>\n<li><strong>Monik\u00e4ytt\u00f6inen k\u00e4ytt\u00f6:<\/strong>\u00a0T\u00e4m\u00e4 kaarevan muotoinen tyyny voi pit\u00e4\u00e4 tietyt kehon osat kohotettuina. Siksi se auttaa lievitt\u00e4m\u00e4\u00e4n tiettyj\u00e4 sairauksia, kuten kuorsausta tai happorefluksia. Lis\u00e4ksi se voi my\u00f6s auttaa raskaana olevia naisia v\u00e4ltt\u00e4m\u00e4\u00e4n kaatumista ja s\u00e4ilytt\u00e4m\u00e4\u00e4n makuuasennon kyljess\u00e4 tai k\u00e4ytt\u00e4m\u00e4\u00e4n sit\u00e4 lannerangan tyynyn\u00e4 lannerangan paineen alentamiseksi. Sen lis\u00e4ksi, ett\u00e4 k\u00e4yt\u00e4t t\u00e4t\u00e4 selk\u00e4nojatyyny\u00e4 s\u00e4ngyss\u00e4, sit\u00e4 voidaan k\u00e4ytt\u00e4\u00e4 my\u00f6s sohvalla, lasten leikkialueen lattialla, ulkona puutarhakalusteessa.<\/li>\n<li><strong>Erinomainen painosuunnittelu:<\/strong>\u00a0T\u00e4m\u00e4 kirkkailla v\u00e4reill\u00e4 koristeltu tyynysarja lis\u00e4\u00e4 kiiltoa makuuhuoneeseesi. Pastoraalinen tyyli &quot;mets\u00e4musiikki&quot;, retrotyyli &quot;vanha sanomalehti&quot;, kirjallisuustyyli &quot;sininen perhonen&quot;, realistinen tyyli &quot;kamelikartta&quot;, l\u00f6yd\u00e4t varmasti persoonallesi sopivan v\u00e4rin. Se on hyv\u00e4 lukutyyny pojille ja tyt\u00f6ille tai aikuisille. T\u00e4m\u00e4 on my\u00f6s loistava lahja lapsille, jotka rakastavat lukemista, ja saa huoneensa n\u00e4ytt\u00e4m\u00e4\u00e4n viile\u00e4mm\u00e4lt\u00e4.<\/li>\n<li><strong>Irrotettava tyynynp\u00e4\u00e4llinen:<\/strong>\u00a0Tyynynp\u00e4\u00e4llinen, jossa on n\u00e4kym\u00e4t\u00f6n metallinen vetoketju, on helppo irrottaa ja asentaa tyynyyn; se on helppo puhdistaa ja sopii konepesuun; k\u00e4tev\u00e4\u00e4n sivutaskuun mahtuu milloin tahansa pieni\u00e4 esineit\u00e4, kuten matkapuhelimia ja laseja.<\/li>\n<li><strong>Koko:<\/strong>\u00a060x20x50cm.<\/li>\n<\/ul>","protected":false},"featured_media":1316,"comment_status":"open","ping_status":"closed","template":"","meta":[],"product_brand":[],"product_cat":[29],"product_tag":[60,81,78,79,59,83,84],"class_list":{"0":"post-1323","1":"product","2":"type-product","3":"status-publish","4":"has-post-thumbnail","6":"product_cat-large-reading-pillow","7":"product_tag-backrest-pillow","8":"product_tag-curved-shape-pillow","9":"product_tag-ergonomic-pillow","10":"product_tag-lumbar-pillow","11":"product_tag-reading-pillow","12":"product_tag-reading-wedges","13":"product_tag-sofa-pillow","15":"first","16":"instock","17":"featured","18":"shipping-taxable","19":"purchasable","20":"product-type-simple"},"_links":{"self":[{"href":"https:\/\/www.largepillow.com\/fi\/wp-json\/wp\/v2\/product\/1323","targetHints":{"allow":["GET"]}}],"collection":[{"href":"https:\/\/www.largepillow.com\/fi\/wp-json\/wp\/v2\/product"}],"about":[{"href":"https:\/\/www.largepillow.com\/fi\/wp-json\/wp\/v2\/types\/product"}],"replies":[{"embeddable":true,"href":"https:\/\/www.largepillow.com\/fi\/wp-json\/wp\/v2\/comments?post=1323"}],"wp:featuredmedia":[{"embeddable":true,"href":"https:\/\/www.largepillow.com\/fi\/wp-json\/wp\/v2\/media\/1316"}],"wp:attachment":[{"href":"https:\/\/www.largepillow.com\/fi\/wp-json\/wp\/v2\/media?parent=1323"}],"wp:term":[{"taxonomy":"product_brand","embeddable":true,"href":"https:\/\/www.largepillow.com\/fi\/wp-json\/wp\/v2\/product_brand?post=1323"},{"taxonomy":"product_cat","embeddable":true,"href":"https:\/\/www.largepillow.com\/fi\/wp-json\/wp\/v2\/product_cat?post=1323"},{"taxonomy":"product_tag","embeddable":true,"href":"https:\/\/www.largepillow.com\/fi\/wp-json\/wp\/v2\/product_tag?post=1323"}],"curies":[{"name":"wp","href":"https:\/\/api.w.org\/{rel}","templated":true}]}}